{"id":53975,"date":"2022-09-11T23:04:32","date_gmt":"2022-09-11T23:04:32","guid":{"rendered":"https:\/\/donaulife-new.ogrisdigital.at\/produkt\/bongbuerste-mit-weicher-spitze-60-cm\/"},"modified":"2025-01-15T07:09:01","modified_gmt":"2025-01-15T07:09:01","slug":"bongbuerste-mit-weicher-spitze-60-cm","status":"publish","type":"product","link":"https:\/\/donaulife-new.ogrisdigital.at\/en\/bongbuerste-mit-weicher-spitze-60-cm\/","title":{"rendered":"Bongb\u00fcrste mit weicher Spitze | 60 cm"},"content":{"rendered":"<h2>Bongb\u00fcrste mit weicher Spitze 60 cm<\/h2>\n<p>B\u00fcrste mit Nylonborsten, gewundenem Griff und \u00d6se. Die B\u00fcrstenl\u00e4nge ist etwa 90mm, der B\u00fcrstendurchmesser etwa 100mm. Die ganze B\u00fcrste hat eine Gesamtl\u00e4nge von etwa 600mm. Der Durchmesser der B\u00fcrste betr\u00e4gt etwa 10 cm.<\/p>\n","protected":false},"excerpt":{"rendered":"<p>Bongb\u00fcrste mit weicher Spitze 60 cm B\u00fcrste mit Nylonborsten, gewundenem Griff und \u00d6se. Die B\u00fcrstenl\u00e4nge ist etwa 90mm, der B\u00fcrstendurchmesser<\/p>\n","protected":false},"featured_media":36632,"comment_status":"open","ping_status":"open","template":"","meta":{"_acf_changed":false},"product_cat":[2459,2719,2718,2460],"product_tag":[],"acf":[],"_links":{"self":[{"href":"https:\/\/donaulife-new.ogrisdigital.at\/en\/wp-json\/wp\/v2\/product\/53975"}],"collection":[{"href":"https:\/\/donaulife-new.ogrisdigital.at\/en\/wp-json\/wp\/v2\/product"}],"about":[{"href":"https:\/\/donaulife-new.ogrisdigital.at\/en\/wp-json\/wp\/v2\/types\/product"}],"replies":[{"embeddable":true,"href":"https:\/\/donaulife-new.ogrisdigital.at\/en\/wp-json\/wp\/v2\/comments?post=53975"}],"wp:featuredmedia":[{"embeddable":true,"href":"https:\/\/donaulife-new.ogrisdigital.at\/en\/wp-json\/wp\/v2\/media\/36632"}],"wp:attachment":[{"href":"https:\/\/donaulife-new.ogrisdigital.at\/en\/wp-json\/wp\/v2\/media?parent=53975"}],"wp:term":[{"taxonomy":"product_cat","embeddable":true,"href":"https:\/\/donaulife-new.ogrisdigital.at\/en\/wp-json\/wp\/v2\/product_cat?post=53975"},{"taxonomy":"product_tag","embeddable":true,"href":"https:\/\/donaulife-new.ogrisdigital.at\/en\/wp-json\/wp\/v2\/product_tag?post=53975"}],"curies":[{"name":"wp","href":"https:\/\/api.w.org\/{rel}","templated":true}]}}