{"id":53936,"date":"2022-09-09T12:54:26","date_gmt":"2022-09-09T12:54:26","guid":{"rendered":"https:\/\/donaulife-new.ogrisdigital.at\/produkt\/grace-glass-beakerbong-sternwanderer-40-cm\/"},"modified":"2024-07-01T01:00:39","modified_gmt":"2024-07-01T01:00:39","slug":"grace-glass-beakerbong-sternwanderer-40-cm","status":"publish","type":"product","link":"https:\/\/donaulife-new.ogrisdigital.at\/en\/grace-glass-beakerbong-sternwanderer-40-cm\/","title":{"rendered":"GRACE GLASS Beakerbong &#8216;Sternwanderer&#8217; | 40 cm"},"content":{"rendered":"<h2>Grace Glass Kolbenbong<\/h2>\n<p>Diese Ice Beaker Bong ist dein praktischer Begleiter wenn es um exzellente Hits geht! Sie besteht aus hitzebest\u00e4ndigem und 7mm dickem Borosilikatglas und ist mit einem Blauen Logo am Rohr verziert was einen tollen Akzent zu den anderen blauen Akzenten der Bong darstellt. Der Bongkopf hat einen Rollstop durch welchen er niemals vom Tisch rollen wird. Das sch\u00f6ne St\u00fcck ist mit einem 8-Arm Percolator und einem Splash Guard ausgestattet. Letzterer verhindert das dir Wasser in den Mund spritzt wenn man zu stark und lang anziehst.<\/p>\n<p>Das K\u00f6pfchen steckt in einem 18,8 mm Diffusor Chillum welches selbst auf einen 18,8 mm Schliff \u00fcbersetzt. Durch die Eiszacken kannst du die Bong bis obenhin mit Eis bef\u00fcllen.\u00a0Ein Kickloch ist vorhanden und kann zugestoppelt werden.<\/p>\n<h3>\u00dcber Grace Glass:<\/h3>\n<p>Unter dem Namen Grace Glass versteht man ausgefallene Bongdesigns kombiniert mit hochwertiger Verarbeitung. Durch diese Kombination hat sich diese 2010 gegr\u00fcndete niederl\u00e4ndische Marke, innerhalb k\u00fcrzester Zeit, einen Platz bei den ganz Gro\u00dfen der Industrie gesichert. Markenzeichen sind die perfekt gesetzten farbigen Akzente und gut verbauten Percolatoren. Die Marke bietet beides, sowohl individuelle Designs f\u00fcrs Auge als auch hervorragende Rauchleistung f\u00fcr den Benutzer. Neben Bongs findest du auch Chillums und Bongk\u00f6pfe von Grace Glass um deine Bong stylisch zu perfektionieren.<\/p>\n","protected":false},"excerpt":{"rendered":"<p>Grace Glass Kolbenbong Diese Ice Beaker Bong ist dein praktischer Begleiter wenn es um exzellente Hits geht! Sie besteht aus<\/p>\n","protected":false},"featured_media":36337,"comment_status":"open","ping_status":"open","template":"","meta":{"_acf_changed":false},"product_cat":[2514,2459,2613,2523,2515,2635,2506,2463],"product_tag":[],"acf":[],"_links":{"self":[{"href":"https:\/\/donaulife-new.ogrisdigital.at\/en\/wp-json\/wp\/v2\/product\/53936"}],"collection":[{"href":"https:\/\/donaulife-new.ogrisdigital.at\/en\/wp-json\/wp\/v2\/product"}],"about":[{"href":"https:\/\/donaulife-new.ogrisdigital.at\/en\/wp-json\/wp\/v2\/types\/product"}],"replies":[{"embeddable":true,"href":"https:\/\/donaulife-new.ogrisdigital.at\/en\/wp-json\/wp\/v2\/comments?post=53936"}],"wp:featuredmedia":[{"embeddable":true,"href":"https:\/\/donaulife-new.ogrisdigital.at\/en\/wp-json\/wp\/v2\/media\/36337"}],"wp:attachment":[{"href":"https:\/\/donaulife-new.ogrisdigital.at\/en\/wp-json\/wp\/v2\/media?parent=53936"}],"wp:term":[{"taxonomy":"product_cat","embeddable":true,"href":"https:\/\/donaulife-new.ogrisdigital.at\/en\/wp-json\/wp\/v2\/product_cat?post=53936"},{"taxonomy":"product_tag","embeddable":true,"href":"https:\/\/donaulife-new.ogrisdigital.at\/en\/wp-json\/wp\/v2\/product_tag?post=53936"}],"curies":[{"name":"wp","href":"https:\/\/api.w.org\/{rel}","templated":true}]}}