{"id":53922,"date":"2022-09-07T13:45:18","date_gmt":"2022-09-07T13:45:18","guid":{"rendered":"https:\/\/donaulife-new.ogrisdigital.at\/produkt\/greengo-tips-the-natural-ungebleicht-50-blatt\/"},"modified":"2024-07-01T01:00:27","modified_gmt":"2024-07-01T01:00:27","slug":"greengo-tips-the-natural-ungebleicht-50-blatt","status":"publish","type":"product","link":"https:\/\/donaulife-new.ogrisdigital.at\/en\/greengo-tips-the-natural-ungebleicht-50-blatt\/","title":{"rendered":"GREENGO Tips &#8216;The Natural&#8217; ungebleicht | 50 Blatt"},"content":{"rendered":"<h2>Greengo Tips 50 Blatt<\/h2>\n<p>Tipps aus 100 % recyceltem, v\u00f6llig ungebleichtem Papier. Das ist nicht nur viel besser f\u00fcr die Umwelt, sondern auch f\u00fcr Sie. Erstens kann man mit diesen Tips wunderbar rollen und zweitens k\u00f6nnen Sie sicher sein, dass sie keine sch\u00e4dlichen Stoffe enthalten. Filtern Sie mit Greengo und rollen Sie weiter.<\/p>\n<p>Spezifikationen:<\/p>\n<ul>\n<li>Abmessungen der Filterspitzen: 60 x 20 mm<\/li>\n<li>Dicke: 140 gr\/m2<\/li>\n<li>Anzahl der Bl\u00e4tter: 50<\/li>\n<\/ul>\n<h3>\u00dcber Greengo:<\/h3>\n<p>Als wir Greengo gr\u00fcndeten, wollten wir eine reine, nat\u00fcrliche und nachhaltige Alternative zu gebleichten Bl\u00e4ttchen. Greengo entspringt der Vision von echten Idealisten. Liebhaber des Gr\u00fcns, die gerne einen aufrollen und anz\u00fcnden, aber keine Lust auf die unn\u00f6tigen Zusatzstoffe haben sind bei uns richtig. Seit der Markteinf\u00fchrung von Greengo im Jahr 2010 erfreuen sich unsere Produkte einer gro\u00dfen Nachfrage und darauf sind wir nat\u00fcrlich sehr stolz.<\/p>\n","protected":false},"excerpt":{"rendered":"<p>Greengo Tips 50 Blatt Tipps aus 100 % recyceltem, v\u00f6llig ungebleichtem Papier. Das ist nicht nur viel besser f\u00fcr die<\/p>\n","protected":false},"featured_media":36280,"comment_status":"open","ping_status":"open","template":"","meta":{"_acf_changed":false},"product_cat":[2499,2500,2451],"product_tag":[2760],"acf":[],"_links":{"self":[{"href":"https:\/\/donaulife-new.ogrisdigital.at\/en\/wp-json\/wp\/v2\/product\/53922"}],"collection":[{"href":"https:\/\/donaulife-new.ogrisdigital.at\/en\/wp-json\/wp\/v2\/product"}],"about":[{"href":"https:\/\/donaulife-new.ogrisdigital.at\/en\/wp-json\/wp\/v2\/types\/product"}],"replies":[{"embeddable":true,"href":"https:\/\/donaulife-new.ogrisdigital.at\/en\/wp-json\/wp\/v2\/comments?post=53922"}],"wp:featuredmedia":[{"embeddable":true,"href":"https:\/\/donaulife-new.ogrisdigital.at\/en\/wp-json\/wp\/v2\/media\/36280"}],"wp:attachment":[{"href":"https:\/\/donaulife-new.ogrisdigital.at\/en\/wp-json\/wp\/v2\/media?parent=53922"}],"wp:term":[{"taxonomy":"product_cat","embeddable":true,"href":"https:\/\/donaulife-new.ogrisdigital.at\/en\/wp-json\/wp\/v2\/product_cat?post=53922"},{"taxonomy":"product_tag","embeddable":true,"href":"https:\/\/donaulife-new.ogrisdigital.at\/en\/wp-json\/wp\/v2\/product_tag?post=53922"}],"curies":[{"name":"wp","href":"https:\/\/api.w.org\/{rel}","templated":true}]}}