{"id":53897,"date":"2022-09-06T08:39:32","date_gmt":"2022-09-06T08:39:32","guid":{"rendered":"https:\/\/donaulife-new.ogrisdigital.at\/produkt\/higher-standards-taster-high-dose\/"},"modified":"2024-07-01T01:00:14","modified_gmt":"2024-07-01T01:00:14","slug":"higher-standards-taster-high-dose","status":"publish","type":"product","link":"https:\/\/donaulife-new.ogrisdigital.at\/en\/higher-standards-taster-high-dose\/","title":{"rendered":"HIGHER STANDARDS Taster &#8216;High dose&#8217;"},"content":{"rendered":"<h2>Higher Standards Glas Taster<\/h2>\n<p>Eine diskrete One-Hit-Pfeife von Higher Standards f\u00fcr einen schnellen Hit. Hergestellt aus Borosilikatglas mit einer L\u00e4nge von 8.9 cm, verziert mit dem Higher Standards Triangel-Logo.<\/p>\n<p>Erh\u00e4ltlich als durchsichtige oder Mattglas-Version.<\/p>\n<h3>\u00dcber Higher Standards:<\/h3>\n<div>Higher Standards wurde gegr\u00fcndet, um echten Kennern die Werkzeuge zu liefern, die sie f\u00fcr das beste Raucherlebnis ben\u00f6tigen, von Premium-Pflegeprodukten, die den besten Geschmack aus Ihrem Material herausholen, bis hin zu Hochleistungsgl\u00e4sern und begehrten limitierten Editionen.<\/div>\n<div><\/div>\n<div>Unsere Kollektion von handgefertigtem High End Glas, erstklassigen Pflege- und Wartungsprodukten und limitierten Kooperationen wurden alle mit dem Gedanken an den wahren Genie\u00dfer geschaffen, der den Geschmack an erste Stelle setzt.<\/div>\n","protected":false},"excerpt":{"rendered":"<p>Higher Standards Glas Taster Eine diskrete One-Hit-Pfeife von Higher Standards f\u00fcr einen schnellen Hit. Hergestellt aus Borosilikatglas mit einer L\u00e4nge<\/p>\n","protected":false},"featured_media":36195,"comment_status":"open","ping_status":"open","template":"","meta":{"_acf_changed":false},"product_cat":[2489,2502,2451,2501],"product_tag":[3485],"acf":[],"_links":{"self":[{"href":"https:\/\/donaulife-new.ogrisdigital.at\/en\/wp-json\/wp\/v2\/product\/53897"}],"collection":[{"href":"https:\/\/donaulife-new.ogrisdigital.at\/en\/wp-json\/wp\/v2\/product"}],"about":[{"href":"https:\/\/donaulife-new.ogrisdigital.at\/en\/wp-json\/wp\/v2\/types\/product"}],"replies":[{"embeddable":true,"href":"https:\/\/donaulife-new.ogrisdigital.at\/en\/wp-json\/wp\/v2\/comments?post=53897"}],"wp:featuredmedia":[{"embeddable":true,"href":"https:\/\/donaulife-new.ogrisdigital.at\/en\/wp-json\/wp\/v2\/media\/36195"}],"wp:attachment":[{"href":"https:\/\/donaulife-new.ogrisdigital.at\/en\/wp-json\/wp\/v2\/media?parent=53897"}],"wp:term":[{"taxonomy":"product_cat","embeddable":true,"href":"https:\/\/donaulife-new.ogrisdigital.at\/en\/wp-json\/wp\/v2\/product_cat?post=53897"},{"taxonomy":"product_tag","embeddable":true,"href":"https:\/\/donaulife-new.ogrisdigital.at\/en\/wp-json\/wp\/v2\/product_tag?post=53897"}],"curies":[{"name":"wp","href":"https:\/\/api.w.org\/{rel}","templated":true}]}}