{"id":53865,"date":"2022-07-20T12:01:21","date_gmt":"2022-07-20T12:01:21","guid":{"rendered":"https:\/\/donaulife-new.ogrisdigital.at\/produkt\/ejmix-e-juice-3ml-flaeschchen\/"},"modified":"2024-02-04T18:50:13","modified_gmt":"2024-02-04T18:50:13","slug":"ejmix-e-juice-3ml-flaeschchen","status":"publish","type":"product","link":"https:\/\/donaulife-new.ogrisdigital.at\/en\/ejmix-e-juice-3ml-flaeschchen\/","title":{"rendered":"EJMIX E-Juice 3ml Fl\u00e4schchen"},"content":{"rendered":"<h2>EJ Mix 3ml Fl\u00e4schchen<\/h2>\n<p>Wann immer du eine Nachf\u00fcllung ben\u00f6tigst: 3ml Tropfflasche zum Mitnehmen deiner E-Juices f\u00fcr unterwegs oder zum Aufbewahren deiner verschiedenen Sorten.<\/p>\n<h2>Was ist EJ Mix und wie verwendet man es mit eigenen Extrakten?<\/h2>\n<p>Ej Mix ist das fehlende Glied zwischen Kr\u00e4uterextrakten und E-juice. Es ist eine firmeneigene Mischung aus Propylenglykol und PEG200, PEG300 und PEG400, die alle Extrakte, Essenzen und \u00d6le in eine Fl\u00fcssigkeit verwandelt, die sanft verdampft und sich nicht mehr trennt. In dem Video erkl\u00e4rt Bobby die Grundlagen von EJmix und wie du damit deine eigenen E-Liquids herstellen kannst.<\/p>\n<p><iframe title=\"What is EJmix and how to use it with your herbal liquids\" width=\"500\" height=\"281\" src=\"https:\/\/www.youtube.com\/embed\/QZ3aKfhjOys?feature=oembed\" frameborder=\"0\" allow=\"accelerometer; autoplay; clipboard-write; encrypted-media; gyroscope; picture-in-picture; web-share\" allowfullscreen><\/iframe><\/p>\n<h2>Wie sich EJ Mix von anderen Liquidisern unterscheidet?<\/h2>\n<div>Nicht alle fl\u00fcssigen L\u00f6sungen sind gleich &#8211; und die meisten werden mit nat\u00fcrlichen Kr\u00e4uterextrakten nicht gut funktionieren. In diesem Video bespricht Bobby, wie sich der EJmix von anderen L\u00f6sungen auf dem Markt unterscheidet.<\/div>\n<div><\/div>\n<div>\n<p><iframe title=\"Why EJmix is different from other liquids\" width=\"500\" height=\"281\" src=\"https:\/\/www.youtube.com\/embed\/ODN2ScvMxoo?feature=oembed\" frameborder=\"0\" allow=\"accelerometer; autoplay; clipboard-write; encrypted-media; gyroscope; picture-in-picture; web-share\" allowfullscreen><\/iframe><\/p>\n<\/div>\n<h2>Wie EJ Mix alle Extrakte universeller macht<\/h2>\n<div>Da der EJmix eine universelle, geschmacksneutrale Basis ist, bietet er Ihnen die Flexibilit\u00e4t, die Extraktkonsistenz und -st\u00e4rke zu Ihrem pers\u00f6nlichen Sweet Spot zu ver\u00e4ndern. In diesem Video bespricht Bobby einige der Vorteile von EJmix und wie es Ihnen helfen kann, Fl\u00fcssigkeiten mit der f\u00fcr Ihren Geschmack idealen Konzentration herzustellen.<\/div>\n<div><\/div>\n<div>\n<p><iframe title=\"How EJmix makes everything more versatile\" width=\"500\" height=\"281\" src=\"https:\/\/www.youtube.com\/embed\/hUAwc86dHCA?feature=oembed\" frameborder=\"0\" allow=\"accelerometer; autoplay; clipboard-write; encrypted-media; gyroscope; picture-in-picture; web-share\" allowfullscreen><\/iframe><\/p>\n<\/div>\n<div><\/div>\n","protected":false},"excerpt":{"rendered":"<p>EJ Mix 3ml Fl\u00e4schchen Wann immer du eine Nachf\u00fcllung ben\u00f6tigst: 3ml Tropfflasche zum Mitnehmen deiner E-Juices f\u00fcr unterwegs oder zum<\/p>\n","protected":false},"featured_media":36097,"comment_status":"open","ping_status":"open","template":"","meta":{"_acf_changed":false},"product_cat":[2489,2549,3250],"product_tag":[3251,3252],"acf":[],"_links":{"self":[{"href":"https:\/\/donaulife-new.ogrisdigital.at\/en\/wp-json\/wp\/v2\/product\/53865"}],"collection":[{"href":"https:\/\/donaulife-new.ogrisdigital.at\/en\/wp-json\/wp\/v2\/product"}],"about":[{"href":"https:\/\/donaulife-new.ogrisdigital.at\/en\/wp-json\/wp\/v2\/types\/product"}],"replies":[{"embeddable":true,"href":"https:\/\/donaulife-new.ogrisdigital.at\/en\/wp-json\/wp\/v2\/comments?post=53865"}],"wp:featuredmedia":[{"embeddable":true,"href":"https:\/\/donaulife-new.ogrisdigital.at\/en\/wp-json\/wp\/v2\/media\/36097"}],"wp:attachment":[{"href":"https:\/\/donaulife-new.ogrisdigital.at\/en\/wp-json\/wp\/v2\/media?parent=53865"}],"wp:term":[{"taxonomy":"product_cat","embeddable":true,"href":"https:\/\/donaulife-new.ogrisdigital.at\/en\/wp-json\/wp\/v2\/product_cat?post=53865"},{"taxonomy":"product_tag","embeddable":true,"href":"https:\/\/donaulife-new.ogrisdigital.at\/en\/wp-json\/wp\/v2\/product_tag?post=53865"}],"curies":[{"name":"wp","href":"https:\/\/api.w.org\/{rel}","templated":true}]}}