{"id":53817,"date":"2022-05-31T09:51:12","date_gmt":"2022-05-31T09:51:12","guid":{"rendered":"https:\/\/donaulife-new.ogrisdigital.at\/produkt\/jcase-rosin-press-bags-10x5-cm-160%c2%b5m\/"},"modified":"2024-07-01T00:59:31","modified_gmt":"2024-07-01T00:59:31","slug":"jcase-rosin-press-bags-10x5-cm-160%c2%b5m","status":"publish","type":"product","link":"https:\/\/donaulife-new.ogrisdigital.at\/en\/jcase-rosin-press-bags-10x5-cm-160%c2%b5m\/","title":{"rendered":"JCASE Rosin Press Bags | 10&#215;5 cm | 160\u00b5m"},"content":{"rendered":"<h2>PERFEKTE GR\u00d6SSE<\/h2>\n<p>Die 5x10cm gro\u00dfen Taschen halten 12g Blattmasse bzw Bl\u00fctenmasse und sorgen durch Ihre From f\u00fcr maximale Ausbeute. Ein Set enth\u00e4lt 10 Rosin Taschen<\/p>\n<h2>DOPPELT GEN\u00c4HT<\/h2>\n<p>Doppelt gen\u00e4hter Rand der Taschen erm\u00f6glicht bedeutend h\u00f6here Druckapplikation. Ein Platzen der Bags wird dadurch verhindert. Somit bleibt das Extrakt sauber, hell und perfekt genie\u00dfbar. F\u00fcr maximale Ergebnisse sollte der Beutel umgest\u00fclpt werden.<\/p>\n<h2>LEBENSMITTELECHTES NYLON<\/h2>\n<p>Verzicht auf giftige F\u00e4rbemittel verhindert sch\u00e4dliche Chemikalien im Extrakt. Die Lebensmittelqualit\u00e4t der Bags ist gepr\u00fcft und best\u00e4tigt. Dank hochwertiger Verarbeitung sind alle Extrakte abriebsspurenfrei.<\/p>\n<h2>HITZE-\/DRUCKBEST\u00c4NDIG<\/h2>\n<p>Die bis 150\u00b0C\/300\u00b0F hitzeresistenten Rosinbags halten bis zu 20t Druck aus. Parameter von 80-120\u00b0C\/5t Druck sind f\u00fcr ein optimales Ergebnis empfehlenswert.<\/p>\n<h2>MASCHENWEITE<\/h2>\n<p>Verschiedene Maschenst\u00e4rke bieten unterschiedliche Filterm\u00f6glichkeiten: 25\u00b5m, 35\u00b5m, 72\u00b5m, 90\u00b5m, 120 und 160\u00b5m<\/p>\n<p>&nbsp;<\/p>\n<h2>Rosin-tech: eine kleine Revolution im Bereich der Extraktion!<\/h2>\n<p>Wenn Du nicht \u00fcber die richtige Maschinerie verf\u00fcgst, um aus deinen Kr\u00e4utern \u00d6le herzustellen \u2013 wie sie es f\u00fcr gew\u00f6hnlich in Laboren tun \u2013 dann ist diese Technik genau das richtige f\u00fcr Dich.<br \/>\nEin riesiger Vorteil hierbei ist, dass diese neuartige Technik ein l\u00f6sungsmittelfreies Extrakt produziert.<\/p>\n<p>Rosin-Tech \u2013 was ist das \u00fcberhaupt?<br \/>\nDie Rosin-Tech ist eine innovative und sehr leichte Methode zur Extraktion.<br \/>\nDer Prozess besteht aus dem Pressen von Kr\u00e4utern zwischen Pergamentpapier mit Hilfe einer Hitzepresse, um m\u00f6glichst viel und m\u00f6glichst effizient das wertvolle Harz zu extrahieren.<\/p>\n<p>Die jeweilige Ausbeute dieses Voganges h\u00e4ngt von 4 Dingen ab:<\/p>\n<ul>\n<li>Temperatur: Es h\u00e4ngt sehr stark davon, wie hei\u00df die Presse wird.<\/li>\n<li>Zeitraum: Die Zeit, also wie lange ihr diesen Prozess durchf\u00fchrt.<\/li>\n<li>Kraft: Welche Kraft ihr bei der Durchf\u00fchrung des Vorgangens aufgewendet habt.<\/li>\n<li>Eigenschaften der Kr\u00e4uter: Wie gro\u00df und wie schwer die verwendeten Kr\u00e4uter sind.<\/li>\n<\/ul>\n<p>Funktionsweise des Rosin-tech:<\/p>\n<p>Die beiden Hauptfaktoren von Rosin-tech f\u00fcr das Dabbing sind Hitze und Druck.<\/p>\n<p>Die Kombination aus diesen beiden Faktoren vereint, f\u00fchrt dazu, dass die Trichome beginnen zu schmelzen und sich diese dann auf dem Pergamentpapier sammeln.<br \/>\nDas daraus resultierende Ergebnis ist ein wachsartiges Produkt.<\/p>\n<p>Die Gr\u00fcnde daf\u00fcr liegen auf der Hand:<\/p>\n<p>Es gibt kein ungewolltes Pflanzenmaterial in dem Produkt, da der Verbrennungspunkt bei 500-700 C\u00b0 liegt und der Rosin-Tech-Prozess nicht einmal ann\u00e4hernd an diesen Wert herankommt.<br \/>\nIm Gegensatz zu \u00d6len und Wachsen, die mit Hilfe von L\u00f6sungsmitteln extrahiert wurden, gibt es bei dieser Methode keine L\u00f6sungsmittel, welche sich in dem Resultat befinden. Somit kann ausgeschlossen werden, dass irgendwelche L\u00f6sungsmittel in dem Extrakt vorhanden sind. Somit kann auch garantiert werden, dass bei dem Konsum von diesem \u201epuren\u201c Extrakt, L\u00f6sungsmittel irgendeiner Art f\u00e4lschlicherweise konsumiert werden.<\/p>\n","protected":false},"excerpt":{"rendered":"<p>PERFEKTE GR\u00d6SSE Die 5x10cm gro\u00dfen Taschen halten 12g Blattmasse bzw Bl\u00fctenmasse und sorgen durch Ihre From f\u00fcr maximale Ausbeute. Ein<\/p>\n","protected":false},"featured_media":27363,"comment_status":"open","ping_status":"closed","template":"","meta":{"_acf_changed":false},"product_cat":[2489,2549,3255,3207,2571],"product_tag":[3066],"acf":[],"_links":{"self":[{"href":"https:\/\/donaulife-new.ogrisdigital.at\/en\/wp-json\/wp\/v2\/product\/53817"}],"collection":[{"href":"https:\/\/donaulife-new.ogrisdigital.at\/en\/wp-json\/wp\/v2\/product"}],"about":[{"href":"https:\/\/donaulife-new.ogrisdigital.at\/en\/wp-json\/wp\/v2\/types\/product"}],"replies":[{"embeddable":true,"href":"https:\/\/donaulife-new.ogrisdigital.at\/en\/wp-json\/wp\/v2\/comments?post=53817"}],"wp:featuredmedia":[{"embeddable":true,"href":"https:\/\/donaulife-new.ogrisdigital.at\/en\/wp-json\/wp\/v2\/media\/27363"}],"wp:attachment":[{"href":"https:\/\/donaulife-new.ogrisdigital.at\/en\/wp-json\/wp\/v2\/media?parent=53817"}],"wp:term":[{"taxonomy":"product_cat","embeddable":true,"href":"https:\/\/donaulife-new.ogrisdigital.at\/en\/wp-json\/wp\/v2\/product_cat?post=53817"},{"taxonomy":"product_tag","embeddable":true,"href":"https:\/\/donaulife-new.ogrisdigital.at\/en\/wp-json\/wp\/v2\/product_tag?post=53817"}],"curies":[{"name":"wp","href":"https:\/\/api.w.org\/{rel}","templated":true}]}}