{"id":53774,"date":"2022-05-16T12:11:47","date_gmt":"2022-05-16T12:11:47","guid":{"rendered":"https:\/\/donaulife-new.ogrisdigital.at\/produkt\/rolling-supreme-g3-holzbox-fichte\/"},"modified":"2025-01-15T07:09:39","modified_gmt":"2025-01-15T07:09:39","slug":"rolling-supreme-g3-holzbox-fichte","status":"publish","type":"product","link":"https:\/\/donaulife-new.ogrisdigital.at\/en\/rolling-supreme-g3-holzbox-fichte\/","title":{"rendered":"ROLLING SUPREME G3 Holzbox | Fichte"},"content":{"rendered":"<h2>Rolling Supreme Holzbox<\/h2>\n<p>Die Holzbox G3 von ROLLING SUPREME ist mit stabilem Fichtenholz die optimale Wahl zur Aufbewahrung f\u00fcr deine Kr\u00e4uter und Rollzubeh\u00f6r.<\/p>\n<div class=\"teaser\">Dieses Holzk\u00e4stchen von Rolling Supreme bietet genug Platz um alle m\u00f6glichen Arten von Raucherzubeh\u00f6r zu verstauen. Sie verf\u00fcgt dabei \u00fcber vier Staur\u00e4ume in verschiedenen Gr\u00f6\u00dfen, einen herausnehmbaren Rolltray und einen Paperhalter im Deckel.<\/div>\n<p>&nbsp;<\/p>\n<h3 class=\"description\">\u00dcber Rolling Supreme:<\/h3>\n<p>Rolling Supreme bringt konkurenzlose Qualit\u00e4t zum g\u00fcnstigen Preis. Von n\u00fctzlichen Raucherz\u00fcbeh\u00f6r wie Holzboxen sowie Cones in allen Gr\u00f6\u00dfen.<\/p>\n<div><\/div>\n","protected":false},"excerpt":{"rendered":"<p>Rolling Supreme Holzbox Die Holzbox G3 von ROLLING SUPREME ist mit stabilem Fichtenholz die optimale Wahl zur Aufbewahrung f\u00fcr deine<\/p>\n","protected":false},"featured_media":35691,"comment_status":"open","ping_status":"closed","template":"","meta":{"_acf_changed":false},"product_cat":[2607,2451,2678],"product_tag":[],"acf":[],"_links":{"self":[{"href":"https:\/\/donaulife-new.ogrisdigital.at\/en\/wp-json\/wp\/v2\/product\/53774"}],"collection":[{"href":"https:\/\/donaulife-new.ogrisdigital.at\/en\/wp-json\/wp\/v2\/product"}],"about":[{"href":"https:\/\/donaulife-new.ogrisdigital.at\/en\/wp-json\/wp\/v2\/types\/product"}],"replies":[{"embeddable":true,"href":"https:\/\/donaulife-new.ogrisdigital.at\/en\/wp-json\/wp\/v2\/comments?post=53774"}],"wp:featuredmedia":[{"embeddable":true,"href":"https:\/\/donaulife-new.ogrisdigital.at\/en\/wp-json\/wp\/v2\/media\/35691"}],"wp:attachment":[{"href":"https:\/\/donaulife-new.ogrisdigital.at\/en\/wp-json\/wp\/v2\/media?parent=53774"}],"wp:term":[{"taxonomy":"product_cat","embeddable":true,"href":"https:\/\/donaulife-new.ogrisdigital.at\/en\/wp-json\/wp\/v2\/product_cat?post=53774"},{"taxonomy":"product_tag","embeddable":true,"href":"https:\/\/donaulife-new.ogrisdigital.at\/en\/wp-json\/wp\/v2\/product_tag?post=53774"}],"curies":[{"name":"wp","href":"https:\/\/api.w.org\/{rel}","templated":true}]}}