{"id":53770,"date":"2022-05-09T15:31:37","date_gmt":"2022-05-09T15:31:37","guid":{"rendered":"https:\/\/donaulife-new.ogrisdigital.at\/produkt\/raw-mischschale-wooden-dream-m\/"},"modified":"2025-01-15T07:09:40","modified_gmt":"2025-01-15T07:09:40","slug":"raw-mischschale-wooden-dream-m","status":"publish","type":"product","link":"https:\/\/donaulife-new.ogrisdigital.at\/en\/raw-mischschale-wooden-dream-m\/","title":{"rendered":"RAW Mischschale &#8216;Wooden Dream&#8217; | M"},"content":{"rendered":"<h2>RAW Rolling Tray aus Hartholz<\/h2>\n<p>Dieses Rolling Tray aus haltbarem und nachhaltigem Hartholz und passt perfekt zu deinen anderen RAW Utensilien. Perfekt geschliffene Kanten und sch\u00f6ne Kurven machen das Tablet zu einem eleganten Hingucker.<\/p>\n<p>Ma\u00dfe: 18 cm x 28 cm<\/p>\n<h3>\u00dcber RAW:<\/h3>\n<p>RAW \u2013 Die nat\u00fcrliche Art zu rollen.<br \/>\nSeit dem 1. Tag hat RAW den Auftrag, die F\u00fchrungsrolle in der Papierrollenindustrie zu \u00fcbernehmen. RAW hat die Welt des Rauchens revolutioniert, indem sie Produkte geschaffen hat, die von Natur aus genial gestaltet sind, um das Raucherlebnis zu verbessern.<br \/>\nRAW stellt nur qualitativ hochwertige und umweltfreundliche Produkte her, die Ihr Raucherlebnis verbessern, und wir werden das wof\u00fcr wir stehen niemals \u00e4ndern. Wir genie\u00dfen es, unser unraffiniertes Papier jeden Tag zu rauchen, und wir werden es immer komplett rein also \u201cRAW\u201d belassen \u2013 f\u00fcr dich und uns!<\/p>\n","protected":false},"excerpt":{"rendered":"<p>RAW Rolling Tray aus Hartholz Dieses Rolling Tray aus haltbarem und nachhaltigem Hartholz und passt perfekt zu deinen anderen RAW<\/p>\n","protected":false},"featured_media":35674,"comment_status":"open","ping_status":"open","template":"","meta":{"_acf_changed":false},"product_cat":[2975,2489,2451,2793,2490],"product_tag":[2493],"acf":[],"_links":{"self":[{"href":"https:\/\/donaulife-new.ogrisdigital.at\/en\/wp-json\/wp\/v2\/product\/53770"}],"collection":[{"href":"https:\/\/donaulife-new.ogrisdigital.at\/en\/wp-json\/wp\/v2\/product"}],"about":[{"href":"https:\/\/donaulife-new.ogrisdigital.at\/en\/wp-json\/wp\/v2\/types\/product"}],"replies":[{"embeddable":true,"href":"https:\/\/donaulife-new.ogrisdigital.at\/en\/wp-json\/wp\/v2\/comments?post=53770"}],"wp:featuredmedia":[{"embeddable":true,"href":"https:\/\/donaulife-new.ogrisdigital.at\/en\/wp-json\/wp\/v2\/media\/35674"}],"wp:attachment":[{"href":"https:\/\/donaulife-new.ogrisdigital.at\/en\/wp-json\/wp\/v2\/media?parent=53770"}],"wp:term":[{"taxonomy":"product_cat","embeddable":true,"href":"https:\/\/donaulife-new.ogrisdigital.at\/en\/wp-json\/wp\/v2\/product_cat?post=53770"},{"taxonomy":"product_tag","embeddable":true,"href":"https:\/\/donaulife-new.ogrisdigital.at\/en\/wp-json\/wp\/v2\/product_tag?post=53770"}],"curies":[{"name":"wp","href":"https:\/\/api.w.org\/{rel}","templated":true}]}}