{"id":53751,"date":"2022-04-15T11:19:08","date_gmt":"2022-04-15T11:19:08","guid":{"rendered":"https:\/\/donaulife-new.ogrisdigital.at\/produkt\/raw-mischschale-aus-glas-crystal-l\/"},"modified":"2024-07-01T00:58:54","modified_gmt":"2024-07-01T00:58:54","slug":"raw-mischschale-aus-glas-crystal-l","status":"publish","type":"product","link":"https:\/\/donaulife-new.ogrisdigital.at\/en\/raw-mischschale-aus-glas-crystal-l\/","title":{"rendered":"RAW Mischschale aus Glas &#8216;Crystal&#8217; | L"},"content":{"rendered":"<h2>RAW Mischschale aus Kristall Glas<\/h2>\n<p>In Sachen selbstgedrehte spielt RAW ganz vorne mit! Diese \u00e4u\u00dferst stabile Misch- und Drehunterlage eignet sich perfekt f\u00fcr deine eigens gedrehten Zigaretten. Das Design spricht selbst f\u00fcr sich. Macht jeden Couch Tisch zu einem Smoker Tisch \ud83d\ude42<\/p>\n<p>Ma\u00dfe: 28 x\u00a018 cm<\/p>\n<h3>\u00dcber RAW:<\/h3>\n<p>RAW \u2013 Die nat\u00fcrliche Art zu rollen.<\/p>\n<p>Seit dem 1. Tag hat RAW den Auftrag, die F\u00fchrungsrolle in der Papierrollenindustrie zu \u00fcbernehmen. RAW hat die Welt des Rauchens revolutioniert, indem sie Produkte geschaffen hat, die von Natur aus genial gestaltet sind, um das Raucherlebnis zu verbessern.<\/p>\n<p>RAW stellt nur qualitativ hochwertige und umweltfreundliche Produkte her, die Ihr Raucherlebnis verbessern, und wir werden das wof\u00fcr wir stehen niemals \u00e4ndern. Wir genie\u00dfen es, unser unraffiniertes Papier jeden Tag zu rauchen, und wir werden es immer komplett rein also \u201cRAW\u201d belassen \u2013 f\u00fcr dich und uns!<\/p>\n","protected":false},"excerpt":{"rendered":"<p>RAW Mischschale aus Kristall Glas In Sachen selbstgedrehte spielt RAW ganz vorne mit! Diese \u00e4u\u00dferst stabile Misch- und Drehunterlage eignet<\/p>\n","protected":false},"featured_media":35578,"comment_status":"open","ping_status":"open","template":"","meta":{"_acf_changed":false},"product_cat":[3195,2489,2566,2451,2793,2490],"product_tag":[2493],"acf":[],"_links":{"self":[{"href":"https:\/\/donaulife-new.ogrisdigital.at\/en\/wp-json\/wp\/v2\/product\/53751"}],"collection":[{"href":"https:\/\/donaulife-new.ogrisdigital.at\/en\/wp-json\/wp\/v2\/product"}],"about":[{"href":"https:\/\/donaulife-new.ogrisdigital.at\/en\/wp-json\/wp\/v2\/types\/product"}],"replies":[{"embeddable":true,"href":"https:\/\/donaulife-new.ogrisdigital.at\/en\/wp-json\/wp\/v2\/comments?post=53751"}],"wp:featuredmedia":[{"embeddable":true,"href":"https:\/\/donaulife-new.ogrisdigital.at\/en\/wp-json\/wp\/v2\/media\/35578"}],"wp:attachment":[{"href":"https:\/\/donaulife-new.ogrisdigital.at\/en\/wp-json\/wp\/v2\/media?parent=53751"}],"wp:term":[{"taxonomy":"product_cat","embeddable":true,"href":"https:\/\/donaulife-new.ogrisdigital.at\/en\/wp-json\/wp\/v2\/product_cat?post=53751"},{"taxonomy":"product_tag","embeddable":true,"href":"https:\/\/donaulife-new.ogrisdigital.at\/en\/wp-json\/wp\/v2\/product_tag?post=53751"}],"curies":[{"name":"wp","href":"https:\/\/api.w.org\/{rel}","templated":true}]}}