{"id":53648,"date":"2022-03-28T12:50:26","date_gmt":"2022-03-28T12:50:26","guid":{"rendered":"https:\/\/donaulife-new.ogrisdigital.at\/produkt\/raw-glas-aschenbecher-classic-brown\/"},"modified":"2024-07-01T00:57:44","modified_gmt":"2024-07-01T00:57:44","slug":"raw-glas-aschenbecher-classic-brown","status":"publish","type":"product","link":"https:\/\/donaulife-new.ogrisdigital.at\/en\/raw-glas-aschenbecher-classic-brown\/","title":{"rendered":"RAW Glas Aschenbecher | Classic brown"},"content":{"rendered":"<div class=\"teaser\">Das kennt man eigentlich nur noch aus Erz\u00e4hlungen der Gro\u00dfeltern: gro\u00dfe, wuchtige Tischaschenbecher mit viel Platz und ordentlich Gewicht. RAW bringt uns diese Zeiten zur\u00fcck&#8230; mit gleich 6 Ablagenischen f\u00fcr Deine Zigarette und die Deiner Freunde.<\/div>\n<div class=\"description\">\nEine Zier f\u00fcr jeden Rauchertisch.<\/div>\n<p>Ma\u00dfe: 150 mm x 70 mm<\/p>\n<h3>\u00dcber RAW:<\/h3>\n<p>RAW \u2013 Die nat\u00fcrliche Art zu rollen.<\/p>\n<p>Seit dem 1. Tag hat RAW den Auftrag, die F\u00fchrungsrolle in der Papierrollenindustrie zu \u00fcbernehmen. RAW hat die Welt des Rauchens revolutioniert, indem sie Produkte geschaffen hat, die von Natur aus genial gestaltet sind, um das Raucherlebnis zu verbessern.<\/p>\n<p>RAW stellt nur qualitativ hochwertige und umweltfreundliche Produkte her, die Ihr Raucherlebnis verbessern, und wir werden das wof\u00fcr wir stehen niemals \u00e4ndern. Wir genie\u00dfen es, unser unraffiniertes Papier jeden Tag zu rauchen, und wir werden es immer komplett rein also \u201cRAW\u201d belassen \u2013 f\u00fcr dich und uns!<\/p>\n","protected":false},"excerpt":{"rendered":"<p>Das kennt man eigentlich nur noch aus Erz\u00e4hlungen der Gro\u00dfeltern: gro\u00dfe, wuchtige Tischaschenbecher mit viel Platz und ordentlich Gewicht. RAW<\/p>\n","protected":false},"featured_media":35221,"comment_status":"open","ping_status":"open","template":"","meta":{"_acf_changed":false},"product_cat":[2744,2489,2451,2490],"product_tag":[2493],"acf":[],"_links":{"self":[{"href":"https:\/\/donaulife-new.ogrisdigital.at\/en\/wp-json\/wp\/v2\/product\/53648"}],"collection":[{"href":"https:\/\/donaulife-new.ogrisdigital.at\/en\/wp-json\/wp\/v2\/product"}],"about":[{"href":"https:\/\/donaulife-new.ogrisdigital.at\/en\/wp-json\/wp\/v2\/types\/product"}],"replies":[{"embeddable":true,"href":"https:\/\/donaulife-new.ogrisdigital.at\/en\/wp-json\/wp\/v2\/comments?post=53648"}],"wp:featuredmedia":[{"embeddable":true,"href":"https:\/\/donaulife-new.ogrisdigital.at\/en\/wp-json\/wp\/v2\/media\/35221"}],"wp:attachment":[{"href":"https:\/\/donaulife-new.ogrisdigital.at\/en\/wp-json\/wp\/v2\/media?parent=53648"}],"wp:term":[{"taxonomy":"product_cat","embeddable":true,"href":"https:\/\/donaulife-new.ogrisdigital.at\/en\/wp-json\/wp\/v2\/product_cat?post=53648"},{"taxonomy":"product_tag","embeddable":true,"href":"https:\/\/donaulife-new.ogrisdigital.at\/en\/wp-json\/wp\/v2\/product_tag?post=53648"}],"curies":[{"name":"wp","href":"https:\/\/api.w.org\/{rel}","templated":true}]}}