{"id":53645,"date":"2022-03-28T12:17:52","date_gmt":"2022-03-28T12:17:52","guid":{"rendered":"https:\/\/donaulife-new.ogrisdigital.at\/produkt\/raw-papers-metallbox-king-size-slim-tips-polished-chrome\/"},"modified":"2024-07-01T00:57:42","modified_gmt":"2024-07-01T00:57:42","slug":"raw-papers-metallbox-king-size-slim-tips-polished-chrome","status":"publish","type":"product","link":"https:\/\/donaulife-new.ogrisdigital.at\/en\/raw-papers-metallbox-king-size-slim-tips-polished-chrome\/","title":{"rendered":"RAW Papers Metallbox King Size Slim + Tips | polished Chrome"},"content":{"rendered":"<h2>RAW Metallbox in polished chrome<\/h2>\n<p>Die RAW Metalldose f\u00fcr King Size Paper und vorgerollte Tips ist eine edle und stabile Metall H\u00fclle f\u00fcr deine paper mit den vorgerollten RAW Tips.<\/p>\n","protected":false},"excerpt":{"rendered":"<p>RAW Metallbox in polished chrome Die RAW Metalldose f\u00fcr King Size Paper und vorgerollte Tips ist eine edle und stabile<\/p>\n","protected":false},"featured_media":35206,"comment_status":"open","ping_status":"closed","template":"","meta":{"_acf_changed":false},"product_cat":[2607,2489,2451,2826,2490],"product_tag":[2493],"acf":[],"_links":{"self":[{"href":"https:\/\/donaulife-new.ogrisdigital.at\/en\/wp-json\/wp\/v2\/product\/53645"}],"collection":[{"href":"https:\/\/donaulife-new.ogrisdigital.at\/en\/wp-json\/wp\/v2\/product"}],"about":[{"href":"https:\/\/donaulife-new.ogrisdigital.at\/en\/wp-json\/wp\/v2\/types\/product"}],"replies":[{"embeddable":true,"href":"https:\/\/donaulife-new.ogrisdigital.at\/en\/wp-json\/wp\/v2\/comments?post=53645"}],"wp:featuredmedia":[{"embeddable":true,"href":"https:\/\/donaulife-new.ogrisdigital.at\/en\/wp-json\/wp\/v2\/media\/35206"}],"wp:attachment":[{"href":"https:\/\/donaulife-new.ogrisdigital.at\/en\/wp-json\/wp\/v2\/media?parent=53645"}],"wp:term":[{"taxonomy":"product_cat","embeddable":true,"href":"https:\/\/donaulife-new.ogrisdigital.at\/en\/wp-json\/wp\/v2\/product_cat?post=53645"},{"taxonomy":"product_tag","embeddable":true,"href":"https:\/\/donaulife-new.ogrisdigital.at\/en\/wp-json\/wp\/v2\/product_tag?post=53645"}],"curies":[{"name":"wp","href":"https:\/\/api.w.org\/{rel}","templated":true}]}}