{"id":53629,"date":"2022-03-08T16:05:20","date_gmt":"2022-03-08T16:05:20","guid":{"rendered":"https:\/\/donaulife-new.ogrisdigital.at\/produkt\/cookies-muesli-schale-weiss\/"},"modified":"2024-07-01T00:57:29","modified_gmt":"2024-07-01T00:57:29","slug":"cookies-muesli-schale-weiss","status":"publish","type":"product","link":"https:\/\/donaulife-new.ogrisdigital.at\/en\/cookies-muesli-schale-weiss\/","title":{"rendered":"COOKIES M\u00fcsli Schale | weiss"},"content":{"rendered":"<h2>Cookies M\u00fcsli Schale<\/h2>\n<p>Wer m\u00f6chte den Tag nicht mit Cereal Milk und dem Logo seiner Lieblingsmarke starten?<\/p>\n<p>Diese wei\u00dfe Keramikschale von Cookies sieht h\u00fcbsch aus und setzt das typische blaue Cookies-Logo ins rechte Licht. Die Schale passt hervorragend in eine Hand, sodass Sie mit der anderen Hand den L\u00f6ffel oder das Handy halten k\u00f6nnen.<\/p>\n<p>Diese neue Serie von Cookies-Merchandise war die Idee des einflussreichen US-Rappers Berner. Von Drehbl\u00e4ttchen, Drehunterlagen und Bekleidung hat Berner sein unternehmerisches Portfolio um n\u00fctzliche Accessoires erweitert, die das ikonische Family Styling von Cookies tragen.<\/p>\n<h3>\u00dcber Cookies:<\/h3>\n<div>Cookies Los Angeles in Maywood, CA, im Herzen von Los Angeles County, wurde mit der einzigartigen Vision gegr\u00fcndet, Cannabis und Cannabisprodukte von Weltklasse zu produzieren. Cookies steht seit jeher f\u00fcr einen Lebensstil der Exzellenz, der Qualit\u00e4t und des Geschmacks.<\/div>\n<div><\/div>\n<div>Cookies Los Angeles ist die Heimat der Bekleidungs- und Accessoiremarke Cookies. Cookies Clothing, die Idee des K\u00fcnstlers und Unternehmers Berner (Gilbert Milam), wird exklusive Designs f\u00fcr Cookies Maywood produzieren, um den einzigartigen multikulturellen Lebensstil von L.A. durch Mode, Cannabis, Sport und Musik zu repr\u00e4sentieren.\u00a0 Wir werden weiterhin die Kluft zwischen Streetwear, urbanem Lifestyle, Marihuana, Hip-Hop-Musik und einer multikulturellen Gesellschaft \u00fcberbr\u00fccken und Cookies auf das n\u00e4chste Level bringen.<\/div>\n","protected":false},"excerpt":{"rendered":"<p>Cookies M\u00fcsli Schale Wer m\u00f6chte den Tag nicht mit Cereal Milk und dem Logo seiner Lieblingsmarke starten? Diese wei\u00dfe Keramikschale<\/p>\n","protected":false},"featured_media":35168,"comment_status":"open","ping_status":"closed","template":"","meta":{"_acf_changed":false},"product_cat":[2744,2607,3491,2451],"product_tag":[3572],"acf":[],"_links":{"self":[{"href":"https:\/\/donaulife-new.ogrisdigital.at\/en\/wp-json\/wp\/v2\/product\/53629"}],"collection":[{"href":"https:\/\/donaulife-new.ogrisdigital.at\/en\/wp-json\/wp\/v2\/product"}],"about":[{"href":"https:\/\/donaulife-new.ogrisdigital.at\/en\/wp-json\/wp\/v2\/types\/product"}],"replies":[{"embeddable":true,"href":"https:\/\/donaulife-new.ogrisdigital.at\/en\/wp-json\/wp\/v2\/comments?post=53629"}],"wp:featuredmedia":[{"embeddable":true,"href":"https:\/\/donaulife-new.ogrisdigital.at\/en\/wp-json\/wp\/v2\/media\/35168"}],"wp:attachment":[{"href":"https:\/\/donaulife-new.ogrisdigital.at\/en\/wp-json\/wp\/v2\/media?parent=53629"}],"wp:term":[{"taxonomy":"product_cat","embeddable":true,"href":"https:\/\/donaulife-new.ogrisdigital.at\/en\/wp-json\/wp\/v2\/product_cat?post=53629"},{"taxonomy":"product_tag","embeddable":true,"href":"https:\/\/donaulife-new.ogrisdigital.at\/en\/wp-json\/wp\/v2\/product_tag?post=53629"}],"curies":[{"name":"wp","href":"https:\/\/api.w.org\/{rel}","templated":true}]}}