{"id":53569,"date":"2022-02-07T15:36:28","date_gmt":"2022-02-07T15:36:28","guid":{"rendered":"https:\/\/donaulife-new.ogrisdigital.at\/produkt\/raw-catcher\/"},"modified":"2025-01-15T07:09:57","modified_gmt":"2025-01-15T07:09:57","slug":"raw-catcher","status":"publish","type":"product","link":"https:\/\/donaulife-new.ogrisdigital.at\/en\/raw-catcher\/","title":{"rendered":"RAW Catcher"},"content":{"rendered":"<h2>RAW Aschef\u00e4nger f\u00fcr den Jay<\/h2>\n<p>Benutze immer einen Schutz! \ud83d\ude09 H\u00f6r endlich auf Asche oder Brandflecken auf deinem Hemd \/ Hose \/ Schuhe \/ Couch \/ Teppich \/ Raumanzug zu bekommen &#8211; Mit dem RAW Catcher! Stecke den RAW Tip in den Halter des Catchers und rauche wie gewohnt &#8211; der hitzebest\u00e4ndige Nylonk\u00f6rper f\u00e4ngt die Asche beim Rauchen auf! Der RAW Catcher ist unten abgeflacht, so dass du ihn \u00fcberall abstellen kannst. Unsere neue und verbesserte Version hat einen gummierten Halter! US Patent Pending. #RAWinnovation<\/p>\n<h3>\u00dcber RAW:<\/h3>\n<p>RAW \u2013 Die nat\u00fcrliche Art zu rollen.<br \/>\nSeit dem 1. Tag hat RAW den Auftrag, die F\u00fchrungsrolle in der Papierrollenindustrie zu \u00fcbernehmen. RAW hat die Welt des Rauchens revolutioniert, indem sie Produkte geschaffen hat, die von Natur aus genial gestaltet sind, um das Raucherlebnis zu verbessern.<br \/>\nRAW stellt nur qualitativ hochwertige und umweltfreundliche Produkte her, die Ihr Raucherlebnis verbessern, und wir werden das wof\u00fcr wir stehen niemals \u00e4ndern. Wir genie\u00dfen es, unser unraffiniertes Papier jeden Tag zu rauchen, und wir werden es immer komplett rein also \u201cRAW\u201d belassen \u2013 f\u00fcr dich und uns!<\/p>\n","protected":false},"excerpt":{"rendered":"<p>RAW Aschef\u00e4nger f\u00fcr den Jay Benutze immer einen Schutz! \ud83d\ude09 H\u00f6r endlich auf Asche oder Brandflecken auf deinem Hemd \/<\/p>\n","protected":false},"featured_media":34457,"comment_status":"open","ping_status":"open","template":"","meta":{"_acf_changed":false},"product_cat":[2744,2489,2566,2451,2452,2724,2490],"product_tag":[3518,2493],"acf":[],"_links":{"self":[{"href":"https:\/\/donaulife-new.ogrisdigital.at\/en\/wp-json\/wp\/v2\/product\/53569"}],"collection":[{"href":"https:\/\/donaulife-new.ogrisdigital.at\/en\/wp-json\/wp\/v2\/product"}],"about":[{"href":"https:\/\/donaulife-new.ogrisdigital.at\/en\/wp-json\/wp\/v2\/types\/product"}],"replies":[{"embeddable":true,"href":"https:\/\/donaulife-new.ogrisdigital.at\/en\/wp-json\/wp\/v2\/comments?post=53569"}],"wp:featuredmedia":[{"embeddable":true,"href":"https:\/\/donaulife-new.ogrisdigital.at\/en\/wp-json\/wp\/v2\/media\/34457"}],"wp:attachment":[{"href":"https:\/\/donaulife-new.ogrisdigital.at\/en\/wp-json\/wp\/v2\/media?parent=53569"}],"wp:term":[{"taxonomy":"product_cat","embeddable":true,"href":"https:\/\/donaulife-new.ogrisdigital.at\/en\/wp-json\/wp\/v2\/product_cat?post=53569"},{"taxonomy":"product_tag","embeddable":true,"href":"https:\/\/donaulife-new.ogrisdigital.at\/en\/wp-json\/wp\/v2\/product_tag?post=53569"}],"curies":[{"name":"wp","href":"https:\/\/api.w.org\/{rel}","templated":true}]}}