{"id":53533,"date":"2022-01-13T12:36:48","date_gmt":"2022-01-13T12:36:48","guid":{"rendered":"https:\/\/donaulife-new.ogrisdigital.at\/produkt\/ehle-siebkopf-glastonne-s-xl-mm\/"},"modified":"2024-07-01T00:56:34","modified_gmt":"2024-07-01T00:56:34","slug":"ehle-siebkopf-glastonne-s-xl-mm","status":"publish","type":"product","link":"https:\/\/donaulife-new.ogrisdigital.at\/en\/ehle-siebkopf-glastonne-s-xl-mm\/","title":{"rendered":"EHLE Vorratsglas &#8216;Glastonne&#8217; | S-XL"},"content":{"rendered":"<h2>Ehle Vorratsgl\u00e4ser<\/h2>\n<p>Das Gl\u00e4schen mit von Hand eingeschliffenem Deckel h\u00e4lt alle Vorr\u00e4te trocken, aromatisch und frisch.<\/p>\n<p>S bis zu 2g<br \/>\nM bis zu 3g<br \/>\nL bis zu 5g<br \/>\nXL bis zu 10g<\/p>\n<h3>\u00dcber Ehle:<\/h3>\n<div>Mein Vater war Glasbl\u00e4ser, wie Generationen von Ehles vor ihm. 1949 zog er von Th\u00fcringen nach Limburg, mit einer Hosentasche voll Geld, aber voller Tatendrang und Ideen, und gr\u00fcndete die \u201eG\u00fcnther Ehle Glasinstrumentenfabrik\u201c. Im elterlichen Betrieb infizierte ich mich also schon in jungen Jahren mit dem Glasvirus, und bis heute ist diese Leidenschaft geblieben. Ich erlernte das Handwerk des Glasapparatebauers und habe seit 1993 den Meisterbrief.<\/div>\n<div><\/div>\n<div>Leider starb mein Vater viel zu fr\u00fch. 1988 \u00fcbernahm ich die Leitung der Firma und brachte bereits kurz danach meine erste Serie an Glaswasserpfeifen auf den Markt. Danach ging alles sehr schnell. Heute finden unsere Arbeiten weltweite Anerkennung. L\u00e4ngst sind sie beliebte Sammlerst\u00fccke, sei es wegen ihrer Qualit\u00e4t oder ihrer Sch\u00f6nheit und des hervorragenden Rauchverhaltens.<\/div>\n<div><\/div>\n<div>Lange Jahre arbeiteten wir zu zweit. In all der Zeit entwickelte sich aber ein sehr freundschaftliches Verh\u00e4ltnis zur Firma \u201eBurdich Laborbedarf GmbH\u201c, mit der wir auch noch T\u00fcr an T\u00fcr sa\u00dfen und uns immer wieder gegenseitig halfen. Was lag also n\u00e4her, als zu heiraten? Dieser Zusammenschlu\u00df Anfang 2015 brachte uns allen noch einmal richtig frischen Wind und vor allem viel Raum f\u00fcr neue Ideen.<\/div>\n<div><\/div>\n<div>Heute arbeite ich in einem kreativen Team aus erfahrenen Glasbl\u00e4sern und engagiertem Nachwuchs. Ein starkes Vertriebsteam k\u00fcmmert sich um einen reibungslosen Ablauf und hat f\u00fcr all Eure Anliegen jederzeit ein offenes Ohr. Wir alle haben gro\u00dfen Spa\u00df daran, Eure W\u00fcnsche umzusetzen \u2013 wie hoffentlich Ihr an Eurer neuen EHLE.<\/div>\n<div><\/div>\n<div>Thomas Ehle.<\/div>\n","protected":false},"excerpt":{"rendered":"<p>Ehle Vorratsgl\u00e4ser Das Gl\u00e4schen mit von Hand eingeschliffenem Deckel h\u00e4lt alle Vorr\u00e4te trocken, aromatisch und frisch. S bis zu 2g<\/p>\n","protected":false},"featured_media":34198,"comment_status":"open","ping_status":"closed","template":"","meta":{"_acf_changed":false},"product_cat":[2607,2459,3052,3142,2451,2463],"product_tag":[],"acf":[],"_links":{"self":[{"href":"https:\/\/donaulife-new.ogrisdigital.at\/en\/wp-json\/wp\/v2\/product\/53533"}],"collection":[{"href":"https:\/\/donaulife-new.ogrisdigital.at\/en\/wp-json\/wp\/v2\/product"}],"about":[{"href":"https:\/\/donaulife-new.ogrisdigital.at\/en\/wp-json\/wp\/v2\/types\/product"}],"replies":[{"embeddable":true,"href":"https:\/\/donaulife-new.ogrisdigital.at\/en\/wp-json\/wp\/v2\/comments?post=53533"}],"wp:featuredmedia":[{"embeddable":true,"href":"https:\/\/donaulife-new.ogrisdigital.at\/en\/wp-json\/wp\/v2\/media\/34198"}],"wp:attachment":[{"href":"https:\/\/donaulife-new.ogrisdigital.at\/en\/wp-json\/wp\/v2\/media?parent=53533"}],"wp:term":[{"taxonomy":"product_cat","embeddable":true,"href":"https:\/\/donaulife-new.ogrisdigital.at\/en\/wp-json\/wp\/v2\/product_cat?post=53533"},{"taxonomy":"product_tag","embeddable":true,"href":"https:\/\/donaulife-new.ogrisdigital.at\/en\/wp-json\/wp\/v2\/product_tag?post=53533"}],"curies":[{"name":"wp","href":"https:\/\/api.w.org\/{rel}","templated":true}]}}