{"id":53508,"date":"2022-01-12T14:21:43","date_gmt":"2022-01-12T14:21:43","guid":{"rendered":"https:\/\/donaulife-new.ogrisdigital.at\/produkt\/cali-terpenes-terpene-spray-5ml\/"},"modified":"2024-07-01T00:56:16","modified_gmt":"2024-07-01T00:56:16","slug":"cali-terpenes-terpene-spray-5ml","status":"publish","type":"product","link":"https:\/\/donaulife-new.ogrisdigital.at\/en\/cali-terpenes-terpene-spray-5ml\/","title":{"rendered":"CALI TERPENES Terpene Spray | 5ml"},"content":{"rendered":"<div id=\"comp-j39zzn6w1\" class=\"s_BIwzIGroupSkin\">\n<div id=\"comp-j39zzn6w1inlineContent\" class=\"s_BIwzIGroupSkininlineContent\">\n<div id=\"comp-j39zzn6z1\" class=\"wp2\" title=\"\">\n<div id=\"comp-j39zzn6z1link\" class=\"wp2link\">\n<h2 id=\"comp-j39zzn6z1img\" class=\"wp2img\">Cali Terpenes 5 ml<\/h2>\n<p>Das unglaubliche Terps Spray ist ein revolution\u00e4res System, das ideal ist, um die Terpene von Cali Terpenes (Cannabis-Aromen) auf praktische Weise auf alle Arten von Esswaren, getrockneten Blumen und Kr\u00e4utern, Extrakten und mehr anzuwenden.<\/p>\n<p>Dank seines Mikrosprays k\u00f6nnen Sie mit Terps Spray einfach und schnell aromatisieren, was Sie wollen<\/p>\n<\/div>\n<\/div>\n<p><strong style=\"font-size: 14.4px;\">Inhaltsstoffe des Gelato Terps Spray\u00b4s: <\/strong><span style=\"font-size: 14.4px;\">Caryophyllen, D-Limonen, Linalool, Beta-Pinen, Myrcen, B-Ocimene, Terpinolen, Alpha-Pinen<\/span><\/p>\n<div id=\"comp-j39zzn6z1\" class=\"wp2\" title=\"\">\n<div id=\"comp-j39zzn6z1link\" class=\"wp2link\">\n<p><strong>Inhaltsstoffe von Terps Spray Blackberry Kush: <\/strong>Caryophyllen, Myrcen, Limonen, Pinen, Linalool, Menthol, Nerolidol, Cineol<\/p>\n<p><strong>Inhaltsstoffe von Terps Spray Amnesia: <\/strong>Terpinolene, Caryophyllene, Beta-Ocimene, Myrcene, Beta-Pinene, D-Limonene, Alpha-Pinene, D-3 Carene, D-Alpha-Pinene, Linalool<\/p>\n<p><strong>Inhaltsstoffe von Terps Spray Skittlez: <\/strong><span style=\"font-size: 14.4px;\">alpha-Pinene L, d-Limonene, beta-Pinene L, Linalool, Terpinolene, d-3-Carene, Cineol, Terpineol<\/span><\/p>\n<\/div>\n<\/div>\n<p><strong>Inhaltsstoffe von Terps Spray Critical: <\/strong>a-Pinene, b-Pinene, Myrcene, Caryophyllene, d-Limonene, Linalool<\/p>\n<p><strong>Inhaltsstoffe von Terps Spray Gipsy Haze: <\/strong>Terpinolene, Caryophyllene, Myrcene, Pinene, Limonene, Linalool, Terpinol, Cimene<\/p>\n<p>&nbsp;<\/p>\n<\/div>\n<div id=\"comp-j39zzn6w1\" class=\"s_BIwzIGroupSkin\">\n<div id=\"comp-j39zzn6w1inlineContent\" class=\"s_BIwzIGroupSkininlineContent\">\n<p><strong>WAS SIND TERPENE?<\/strong><\/p>\n<p>Terpene sind der aromatische Teil der \u00e4therischen \u00d6le, die in den meisten Pflanzen, Blumen und Fr\u00fcchten, darunter auch Cannabis, vorkommen.<\/p>\n<p>Cannabis hat ein breiteres und vielf\u00e4ltigeres Aromaprofil als viele andere Pflanzen, weshalb wir es als eine Pflanze mit ganz besonderen organoleptischen Eigenschaften betrachten, von denen viele Produkte profitieren k\u00f6nnen.<\/p>\n<p>Jedes Terpen in Cannabis kann jedoch in gr\u00f6\u00dferem oder kleinerem Umfang auch in anderen Pflanzen, Fr\u00fcchten und Bl\u00fcten gefunden werden.<\/p>\n<p>Deshalb stellen wir bei Cali Terpenes Aromaprofile von Cannabissorten her &#8211; Cannabis-Terpenprofile -, die aus organischen Terpenen hergestellt werden, die nicht aus Cannabis, sondern aus anderen Pflanzen, Blumen und Fr\u00fcchten stammen.<\/p>\n<p><strong>WAS SIND CANNABIS TERPENE PROFILE?<\/strong><\/p>\n<p>Wie wir bereits erkl\u00e4rt haben, handelt es sich bei Cannabis-Terpenprofilen um Aromaprofile von Cannabissorten, die in verschiedenen Bereichen eingesetzt werden k\u00f6nnen.<\/p>\n<p>Unsere Cannabis-Terpen-Profile sind komplexe Aromen (Aromen), die aus organischen Terpenen nat\u00fcrlichen Ursprungs hergestellt werden und ein genaues<br \/>\naromatisches Profil zu dem der Extraktion von Cannabis-Terpenen bilden.<br \/>\nDie Cannabisaromen (Profile von Cannabis-Terpenen) von Cali-Terpenen sind botanischen Ursprungs, 100% rein, lebensmittelecht, frei von Verunreinigungen oder giftig und frei von GMO.<\/p>\n<p><strong>VERWENDUNGSZWECKE DER CANNABIS-TERPENE PROFILE:<\/strong><\/p>\n<p>Terpene von Cali Terpenes haben eine enorme Anzahl von Anwendungen, lassen Sie Ihrer Fantasie freien Lauf, hier zeigen wir Ihnen einige Beispiele:<\/p>\n<p>&#8211; Dampfen<\/p>\n<p>&#8211; Lebensmittel und Getr\u00e4nke<\/p>\n<p>&#8211; Kosmetika<\/p>\n<p>&#8211; Cannabis-Sektor<\/p>\n<p>&#8211; Aromatherapie<\/p>\n<p>Unser Katalog an Terpenen ist sehr umfangreich und enth\u00e4lt die besten Sorten der Welt.<\/p>\n<p>Es gibt Tausende von Cannabissorten und m\u00f6gliche Kombinationen von Terpenen, so dass wir auch personalisierte Terpenprofile erstellen.<\/p>\n<\/div>\n<\/div>\n<p>&nbsp;<\/p>\n<div id=\"comp-j39zzn6w1\" class=\"s_BIwzIGroupSkin\">\n<div id=\"comp-j39zzn6w1inlineContent\" class=\"s_BIwzIGroupSkininlineContent\">\n<div id=\"comp-j39zzn6z1\" class=\"wp2\" title=\"\">\n<h3>TERPENE: EMPFEHLUNGEN UND INFORMATIONEN VON INTERESSE<\/h3>\n<p>\u2022 100% reine Terpene ohne andere zugesetzte Verbindung<br \/>\n\u2022 Nicht unverd\u00fcnnt konsumieren (maximal 4% Terpene verwenden)<br \/>\n\u2022 Sie enthalten keine Cannabinoide<br \/>\n\u2022 Formulierung in Lebensmittelqualit\u00e4t<br \/>\n\u2022 Gehen Sie immer vorsichtig damit um und vermeiden Sie direkten Kontakt mit Augen und Haut.<\/p>\n<p>Wir empfehlen, von weniger auf gr\u00f6\u00dfere Mengen zu testen, da unsere Terpene leicht einen intensiven Geschmack und ein intensives Aroma liefern k\u00f6nnen. \u00b7 1 ml Terpene entspricht ca. 40 Tropfen unserer Pipette (0,025 ml pro Tropfen). \u00b7 Die folgenden Empfehlungen<br \/>\nsind nur einige der (nicht professionellen) Techniken, die Sie bei der Verwendung von Terpenen anwenden k\u00f6nnen. \u00b7 Wenn Sie mehr Informationen m\u00f6chten, finden Sie auf unserer Website interessante Videos und Rezepte. \u00b7 F\u00fcr den professionellen Einsatz wenden Sie sich an<br \/>\nunser spezialisiertes technisches Team.<\/p>\n<\/div>\n<h2>E-LIQUIDS:<\/h2>\n<p>Die empfohlene und h\u00e4ufigste Menge an Terpenen, um E-Liquid-Basen gen\u00fcgend Geschmack und Aroma zu verleihen,<br \/>\nliegt zwischen 1% und 3% (max. 4%).<\/p>\n<p>Beispiel:<br \/>\nWenn Sie mit 10 ml E-Liquid-Basis beginnen und 2% Terpene hinzuf\u00fcgen m\u00f6chten, sollten Sie nur 0,2 ml unserer Terpene (ca. 8 Tropfen) hinzuf\u00fcgen.<br \/>\nF\u00fcr 100 ml E-Liquid-Base (mit 2% Aroma) sollten Sie 2 ml Terpene hinzuf\u00fcgen.<\/p>\n<h2>EXTRAKTIONEN UND KONZENTRATE VON CANNABIS ODER HANF:<\/h2>\n<p>Die empfohlene und h\u00e4ufigste Menge an Terpenen, um Extraktionen (trockenes Haschisch, Kief, Wachs, Kolophonium&#8230;) oder THC \/ CBD- Destillate (klar) ausreichend Geschmack und Aroma zu verleihen, betr\u00e4gt 1% bis 4% der Terpene. Beispiel: Angenommen, Sie beginnen mit 10 g Extraktion und m\u00f6chten 3% Terpene hinzuf\u00fcgen, m\u00fcssen Sie nur ca. 0,3 ml unserer Terpene. Es ist wirklich wichtig, eine gute und homogene Mischung herzustellen. Lagern Sie das Material nach der Anwendung in einem Vakuumbeh\u00e4lter im K\u00fchlschrank und nach 24\/48 Stunden k\u00f6nnen Sie das Ergebnis sch\u00e4tzen.<\/p>\n<h2>NAHRUNGSMITTEL UND GETR\u00c4NKE:<\/h2>\n<p>Um den Lebensmittel- und Getr\u00e4nkebereich zu aromatisieren, bieten wir Terpene in Lebensmittelqualit\u00e4t an.<br \/>\nDie Menge der zu verwendenden Terpene (oder des Cannabisaromas) h\u00e4ngt von der Basis ab, von der aus Sie beginnen, und von dem Zeitpunkt, an dem die Anwendung erfolgt.<br \/>\nWir empfehlen, die Terpene immer in kalten Prozessen mit einer maximalen Kochtemperatur von 60 \u00b0 C aufzutragen, damit sie nicht verdampfen und perfekt in das Rezept integriert werden.<\/p>\n<p>Beispiel:<\/p>\n<p>&#8211; Um 1 kg Honig zu aromatisieren, f\u00fcgen Sie 0,5 ml bis 1 ml Terpene hinzu (abh\u00e4ngig von der Art des Honigs und der gew\u00fcnschten Intensit\u00e4t).<br \/>\n&#8211; Um 1 l Mineralwasser zu aromatisieren, f\u00fcgen Sie 1 oder 2 Tropfen Terpene hinzu und mischen Sie.<\/p>\n<\/div>\n<\/div>\n<div id=\"comp-j39zzn6w1inlineContent\" class=\"s_BIwzIGroupSkininlineContent\">\n<p>TERPS SPRAY BY CALI TERPENES AUF YOUTUBE:<\/p>\n<\/div>\n<p><iframe title=\"Terps Spray\u00ae by Cali Terpenes\" width=\"500\" height=\"281\" src=\"https:\/\/www.youtube.com\/embed\/GY_cJDVUHcU?feature=oembed\" frameborder=\"0\" allow=\"accelerometer; autoplay; clipboard-write; encrypted-media; gyroscope; picture-in-picture; web-share\" allowfullscreen><\/iframe><\/p>\n<div id=\"comp-j39zzn6w1inlineContent\" class=\"s_BIwzIGroupSkininlineContent\">\n<p><iframe title=\"Terps Spray\u00ae by Cali Terpenes (details)\" width=\"500\" height=\"281\" src=\"https:\/\/www.youtube.com\/embed\/4Sdwj5ztePM?feature=oembed\" frameborder=\"0\" allow=\"accelerometer; autoplay; clipboard-write; encrypted-media; gyroscope; picture-in-picture; web-share\" allowfullscreen><\/iframe><\/p>\n<div id=\"comp-j39zzn6z1\" class=\"wp2\" title=\"\">\n<p><img fetchpriority=\"high\" decoding=\"async\" class=\"alignnone wp-image-37609\" src=\"https:\/\/www.donaulife.com\/wp-content\/uploads\/2022\/01\/Cali_Terpenes_Spray_Gelato_front-300x300.jpg\" alt=\"\" width=\"290\" height=\"290\" \/><\/p>\n<p><img decoding=\"async\" class=\"alignnone wp-image-37610\" src=\"https:\/\/www.donaulife.com\/wp-content\/uploads\/2022\/01\/gelato-terps-spray-300x300.jpg\" alt=\"\" width=\"290\" height=\"290\" \/><\/p>\n<p><img decoding=\"async\" class=\"alignnone\" src=\"https:\/\/www.caliterpenes.com\/2311-large_default\/amnesia-terps-spray.jpg\" alt=\"Amnesia Terps Spray - 5ml\" width=\"290\" height=\"290\" \/><\/p>\n<p><img loading=\"lazy\" decoding=\"async\" class=\"\" src=\"https:\/\/www.caliterpenes.com\/2343-large_default\/critical-terps-spray.jpg\" alt=\"Critical Terps Spray by Cali Terpenes 5ml\" width=\"290\" height=\"290\" \/><\/p>\n<p><img loading=\"lazy\" decoding=\"async\" class=\"\" src=\"https:\/\/www.caliterpenes.com\/2308-large_default\/gipsy-haze-terps-spray.jpg\" alt=\"Gipsy Haze Terps Spray - 5ml\" width=\"290\" height=\"290\" \/><\/p>\n<p><img loading=\"lazy\" decoding=\"async\" class=\"\" src=\"https:\/\/www.caliterpenes.com\/2344-large_default\/zkittlez-terps-spray.jpg\" alt=\"Zkittlez Terps Spray from Cali Terpenes 5ml\" width=\"290\" height=\"290\" \/><\/p>\n<p>&nbsp;<\/p>\n<p>&nbsp;<\/p>\n<\/div>\n<\/div>\n<\/div>\n","protected":false},"excerpt":{"rendered":"<p>Cali Terpenes 5 ml Das unglaubliche Terps Spray ist ein revolution\u00e4res System, das ideal ist, um die Terpene von Cali<\/p>\n","protected":false},"featured_media":34065,"comment_status":"open","ping_status":"closed","template":"","meta":{"_acf_changed":false},"product_cat":[2549,3355],"product_tag":[],"acf":[],"_links":{"self":[{"href":"https:\/\/donaulife-new.ogrisdigital.at\/en\/wp-json\/wp\/v2\/product\/53508"}],"collection":[{"href":"https:\/\/donaulife-new.ogrisdigital.at\/en\/wp-json\/wp\/v2\/product"}],"about":[{"href":"https:\/\/donaulife-new.ogrisdigital.at\/en\/wp-json\/wp\/v2\/types\/product"}],"replies":[{"embeddable":true,"href":"https:\/\/donaulife-new.ogrisdigital.at\/en\/wp-json\/wp\/v2\/comments?post=53508"}],"wp:featuredmedia":[{"embeddable":true,"href":"https:\/\/donaulife-new.ogrisdigital.at\/en\/wp-json\/wp\/v2\/media\/34065"}],"wp:attachment":[{"href":"https:\/\/donaulife-new.ogrisdigital.at\/en\/wp-json\/wp\/v2\/media?parent=53508"}],"wp:term":[{"taxonomy":"product_cat","embeddable":true,"href":"https:\/\/donaulife-new.ogrisdigital.at\/en\/wp-json\/wp\/v2\/product_cat?post=53508"},{"taxonomy":"product_tag","embeddable":true,"href":"https:\/\/donaulife-new.ogrisdigital.at\/en\/wp-json\/wp\/v2\/product_tag?post=53508"}],"curies":[{"name":"wp","href":"https:\/\/api.w.org\/{rel}","templated":true}]}}