{"id":53502,"date":"2022-01-05T12:39:26","date_gmt":"2022-01-05T12:39:26","guid":{"rendered":"https:\/\/donaulife-new.ogrisdigital.at\/produkt\/black-leaf-titan-nagel-uni-bridge-weiblich\/"},"modified":"2024-07-01T00:56:11","modified_gmt":"2024-07-01T00:56:11","slug":"black-leaf-titan-nagel-uni-bridge-weiblich","status":"publish","type":"product","link":"https:\/\/donaulife-new.ogrisdigital.at\/en\/black-leaf-titan-nagel-uni-bridge-weiblich\/","title":{"rendered":"BLACK LEAF Titan Nagel Uni Bridge weiblich"},"content":{"rendered":"<h2>Black Leaf Titan Nagel mit Br\u00fccke<\/h2>\n<p>Dieser Nagel aus Grade 2 Titan passt auf sowohl m\u00e4nnliche 14,4 mm als auch 18,8 mm Schliffe und ist perfekt geeignet deine Kr\u00e4uterextrakte in s\u00fc\u00dflichen Dampf zu verwandeln.<\/p>\n<div><span style=\"font-size: 20.16px;\">\u00dcber Black Leaf:<\/span><\/div>\n<div>\n<p>In Weed We Trust ? Smoking\u00a0<em>Paraphernalia<\/em> seit 1988: Bongs, Pfeifen, Vaporizer, Grinder, Dabbing Zubeh\u00f6r, Paper &amp; Filter, Lifestyle Produkte. Es gibt viele Innovative Produkte der Marke die auch die ein oder andere Weltneuheit erschaffen haben. Im Shop bieten wir von allen Produkten die beste Auswahl.<\/p>\n<\/div>\n","protected":false},"excerpt":{"rendered":"<p>Black Leaf Titan Nagel mit Br\u00fccke Dieser Nagel aus Grade 2 Titan passt auf sowohl m\u00e4nnliche 14,4 mm als auch<\/p>\n","protected":false},"featured_media":34019,"comment_status":"open","ping_status":"closed","template":"","meta":{"_acf_changed":false},"product_cat":[2459,2552,2549,2553,2460],"product_tag":[2521],"acf":[],"_links":{"self":[{"href":"https:\/\/donaulife-new.ogrisdigital.at\/en\/wp-json\/wp\/v2\/product\/53502"}],"collection":[{"href":"https:\/\/donaulife-new.ogrisdigital.at\/en\/wp-json\/wp\/v2\/product"}],"about":[{"href":"https:\/\/donaulife-new.ogrisdigital.at\/en\/wp-json\/wp\/v2\/types\/product"}],"replies":[{"embeddable":true,"href":"https:\/\/donaulife-new.ogrisdigital.at\/en\/wp-json\/wp\/v2\/comments?post=53502"}],"wp:featuredmedia":[{"embeddable":true,"href":"https:\/\/donaulife-new.ogrisdigital.at\/en\/wp-json\/wp\/v2\/media\/34019"}],"wp:attachment":[{"href":"https:\/\/donaulife-new.ogrisdigital.at\/en\/wp-json\/wp\/v2\/media?parent=53502"}],"wp:term":[{"taxonomy":"product_cat","embeddable":true,"href":"https:\/\/donaulife-new.ogrisdigital.at\/en\/wp-json\/wp\/v2\/product_cat?post=53502"},{"taxonomy":"product_tag","embeddable":true,"href":"https:\/\/donaulife-new.ogrisdigital.at\/en\/wp-json\/wp\/v2\/product_tag?post=53502"}],"curies":[{"name":"wp","href":"https:\/\/api.w.org\/{rel}","templated":true}]}}