{"id":53484,"date":"2021-12-15T11:48:01","date_gmt":"2021-12-15T11:48:01","guid":{"rendered":"https:\/\/donaulife-new.ogrisdigital.at\/produkt\/black-leaf-aluminium-grinder-edge-o-38-mm\/"},"modified":"2024-07-01T00:55:58","modified_gmt":"2024-07-01T00:55:58","slug":"black-leaf-aluminium-grinder-edge-o-38-mm","status":"publish","type":"product","link":"https:\/\/donaulife-new.ogrisdigital.at\/en\/black-leaf-aluminium-grinder-edge-o-38-mm\/","title":{"rendered":"BLACK LEAF Aluminium Grinder &#8216;Edge&#8217; | \u00d8 38 mm"},"content":{"rendered":"<h2>Black Leaf Grinder Edge<\/h2>\n<div>Beim vierteiligen Grinder &#8216;Granite&#8217; von\u00a0<strong>Black Leaf\u00ae<\/strong>\u00a0ist der Name Programm. Die M\u00fchle aus Aluminium mit Anti-Korrosions-Beschichtung (hard anodised) ist extrem widerstandsf\u00e4hig.<br \/>\nDie diamantgeschliffenen Mahlz\u00e4hne zerkleinern trockene Kr\u00e4uter und h\u00e4rtere Pflanzenteile ohne Kraftaufwand. Ein Starkmagnet sorgt f\u00fcr sicheren Zusammenhalt w\u00e4hrend des Mahlens, ein Nylonring gew\u00e4hrleistet einen leichten Lauf ohne Verhaken.<br \/>\nDer CNC-gefr\u00e4ste Budbreaker ist leicht zu reinigen und mahlt v\u00f6llig abriebfrei. Geliefert in einer sch\u00f6nen, runden Geschenkbox mit\u00a0<strong>Black Leaf\u00ae<\/strong>-Logo.<\/div>\n<div><\/div>\n<div>\n<h3>\u00dcber Black Leaf:<\/h3>\n<p>In Weed We Trust ? Smoking Paraphernalia seit 1988: Bongs, Pfeifen, Vaporizer, Grinder, Dabbing Zubeh\u00f6r, Paper &amp; Filter, Lifestyle Produkte. Es gibt viele Innovative Produkte der Marke die auch die ein oder andere Weltneuheit erschaffen haben. Im Shop bieten wir von allen Produkten die beste Auswahl.<\/p>\n<\/div>\n","protected":false},"excerpt":{"rendered":"<p>Black Leaf Grinder Edge Beim vierteiligen Grinder &#8216;Granite&#8217; von\u00a0Black Leaf\u00ae\u00a0ist der Name Programm. Die M\u00fchle aus Aluminium mit Anti-Korrosions-Beschichtung (hard<\/p>\n","protected":false},"featured_media":33940,"comment_status":"open","ping_status":"open","template":"","meta":{"_acf_changed":false},"product_cat":[2481,2482,2480,2451,2483],"product_tag":[2521],"acf":[],"_links":{"self":[{"href":"https:\/\/donaulife-new.ogrisdigital.at\/en\/wp-json\/wp\/v2\/product\/53484"}],"collection":[{"href":"https:\/\/donaulife-new.ogrisdigital.at\/en\/wp-json\/wp\/v2\/product"}],"about":[{"href":"https:\/\/donaulife-new.ogrisdigital.at\/en\/wp-json\/wp\/v2\/types\/product"}],"replies":[{"embeddable":true,"href":"https:\/\/donaulife-new.ogrisdigital.at\/en\/wp-json\/wp\/v2\/comments?post=53484"}],"wp:featuredmedia":[{"embeddable":true,"href":"https:\/\/donaulife-new.ogrisdigital.at\/en\/wp-json\/wp\/v2\/media\/33940"}],"wp:attachment":[{"href":"https:\/\/donaulife-new.ogrisdigital.at\/en\/wp-json\/wp\/v2\/media?parent=53484"}],"wp:term":[{"taxonomy":"product_cat","embeddable":true,"href":"https:\/\/donaulife-new.ogrisdigital.at\/en\/wp-json\/wp\/v2\/product_cat?post=53484"},{"taxonomy":"product_tag","embeddable":true,"href":"https:\/\/donaulife-new.ogrisdigital.at\/en\/wp-json\/wp\/v2\/product_tag?post=53484"}],"curies":[{"name":"wp","href":"https:\/\/api.w.org\/{rel}","templated":true}]}}