{"id":53476,"date":"2021-12-14T16:09:30","date_gmt":"2021-12-14T16:09:30","guid":{"rendered":"https:\/\/donaulife-new.ogrisdigital.at\/produkt\/blaze-glass-vorkuehler-spirelli-188-mm\/"},"modified":"2024-07-01T00:55:55","modified_gmt":"2024-07-01T00:55:55","slug":"blaze-glass-vorkuehler-spirelli-188-mm","status":"publish","type":"product","link":"https:\/\/donaulife-new.ogrisdigital.at\/en\/blaze-glass-vorkuehler-spirelli-188-mm\/","title":{"rendered":"BLAZE GLASS Vork\u00fchler &#8216;Spirelli&#8217; | 18,8 mm"},"content":{"rendered":"<h2>Blaze Glass Vork\u00fchler mit K\u00fchlgel<\/h2>\n<p>Der Vork\u00fchler von\u00a0<strong>BLAZE GLASS\u00ae<\/strong>\u00a0ist aus sehr hitze- wie auch k\u00e4lteresistentem Borosilikatglas und enth\u00e4lt eine spezielle K\u00fchlfl\u00fcssigkeit. Einfach den Vork\u00fchler vor Gebrauch in den K\u00fchlschrank legen (im Tiefk\u00fchlfach max. 1h lagern) und dann den frischen, milden, aromatischen sowie wirkungsvollen Hit genie\u00dfen, ganz ohne Kratzen und Husten!<\/p>\n<p>Au\u00dferdem ist dieser Pre-Cooler \u00e4u\u00dferst dekorativ und macht jede Bong zum Hingucker. Mit Adapter.<\/p>\n<h3><span style=\"font-size: 20.16px;\">\u00dcber Blaze Glass:<\/span><\/h3>\n<div>\n<p>Blaze-Glass-Bongs sind aus spannungsfreiem 3.1-Borosilikatglas (vergleichbar mit Duranglas) h\u00f6chster G\u00fcteklasse gefertigt. Mindestens 5 mm Wandst\u00e4rke machen eine Wasserpfeife robust.<br \/>\nWir verwenden extrem passgenaue Normschliffe in 14,5 bzw. 18,8 mm. Je nach Bong-Geometrie kommen normale Schliffe, verst\u00e4rkte Schliffe und bi-stabile Schliffe (doppelte Wand) in unseren Produkten zum Einsatz.<\/p>\n<\/div>\n<p>&nbsp;<\/p>\n","protected":false},"excerpt":{"rendered":"<p>Blaze Glass Vork\u00fchler mit K\u00fchlgel Der Vork\u00fchler von\u00a0BLAZE GLASS\u00ae\u00a0ist aus sehr hitze- wie auch k\u00e4lteresistentem Borosilikatglas und enth\u00e4lt eine spezielle<\/p>\n","protected":false},"featured_media":33908,"comment_status":"open","ping_status":"open","template":"","meta":{"_acf_changed":false},"product_cat":[2592,2591,2545,2459,2463,2582,2460],"product_tag":[2547],"acf":[],"_links":{"self":[{"href":"https:\/\/donaulife-new.ogrisdigital.at\/en\/wp-json\/wp\/v2\/product\/53476"}],"collection":[{"href":"https:\/\/donaulife-new.ogrisdigital.at\/en\/wp-json\/wp\/v2\/product"}],"about":[{"href":"https:\/\/donaulife-new.ogrisdigital.at\/en\/wp-json\/wp\/v2\/types\/product"}],"replies":[{"embeddable":true,"href":"https:\/\/donaulife-new.ogrisdigital.at\/en\/wp-json\/wp\/v2\/comments?post=53476"}],"wp:featuredmedia":[{"embeddable":true,"href":"https:\/\/donaulife-new.ogrisdigital.at\/en\/wp-json\/wp\/v2\/media\/33908"}],"wp:attachment":[{"href":"https:\/\/donaulife-new.ogrisdigital.at\/en\/wp-json\/wp\/v2\/media?parent=53476"}],"wp:term":[{"taxonomy":"product_cat","embeddable":true,"href":"https:\/\/donaulife-new.ogrisdigital.at\/en\/wp-json\/wp\/v2\/product_cat?post=53476"},{"taxonomy":"product_tag","embeddable":true,"href":"https:\/\/donaulife-new.ogrisdigital.at\/en\/wp-json\/wp\/v2\/product_tag?post=53476"}],"curies":[{"name":"wp","href":"https:\/\/api.w.org\/{rel}","templated":true}]}}