{"id":53444,"date":"2021-12-07T12:05:22","date_gmt":"2021-12-07T12:05:22","guid":{"rendered":"https:\/\/donaulife-new.ogrisdigital.at\/produkt\/heisenberg-glasbong-insane-bitch-50-cm\/"},"modified":"2025-01-15T07:10:11","modified_gmt":"2025-01-15T07:10:11","slug":"heisenberg-glasbong-insane-bitch-50-cm","status":"publish","type":"product","link":"https:\/\/donaulife-new.ogrisdigital.at\/en\/heisenberg-glasbong-insane-bitch-50-cm\/","title":{"rendered":"HEISENBERG Glasbong &#8216;Insane Bitch&#8217; | 50 cm"},"content":{"rendered":"<h2>Heisenberg Beakerbong mit Grip<\/h2>\n<div id=\"description\" class=\"data item content\" role=\"tabpanel\" data-role=\"content\" aria-labelledby=\"tab-label-description\" aria-hidden=\"false\">\n<div class=\"product attribute description\">\n<div class=\"value\">\n<p>Bei der Heisenberg &#8216;Crazy Bitch&#8217; ist der Name Programm! Mit ihr bist du bestens ausger\u00fcstet um auch die gr\u00f6\u00dften Buds in smoothe Hits zu verwandeln. Das gute St\u00fcck hat eine H\u00f6he von 50 cm und ist mit einem\u00a0 18,8er Schliff ausgestattet. Die kleine verr\u00fcckte hat aber auch einen 5-Arm Percolator verbaut um den Rauch noch besser zu k\u00fchlen. Der Durchmesser betr\u00e4gt 135 mm am Kolben, beim Mundt\u00fcck sind es 50 mm. Die Wandst\u00e4rke betr\u00e4gt 5 mm. Durch die Noppen am oberen Ende hast du das gute St\u00fcck perfekt in der Hand. Den Hals ziert das schwarze &#8216;Heisenberg&#8217; Logo.<\/p>\n<\/div>\n<\/div>\n<\/div>\n<div>\n<h3>\u00dcber Heisenberg:<\/h3>\n<div>\n<p>Heisenberg \u2013 nicht nur durch Breaking Bad ein Ph\u00e4nomen. Die Marke Heisenberg ist unter anderem durch ihre Glasbongs bekannt geworden. Keine Bong der Heisenberg Serie ist wie die andere. Hier werden verschiedene Gestaltungselemente geboten, wie beispielsweise poppige Farben oder mit Glow in the dark Funktion, Pl\u00e4tzen zum Einsetzen von LED Beleuchtung und anderen Extras.<\/p>\n<p>Bei dem interessanten Sortiment an Glasbongs, ist mit Sicherheit auch was f\u00fcr dich dabei!<\/p>\n<\/div>\n<\/div>\n","protected":false},"excerpt":{"rendered":"<p>Heisenberg Beakerbong mit Grip Bei der Heisenberg &#8216;Crazy Bitch&#8217; ist der Name Programm! Mit ihr bist du bestens ausger\u00fcstet um<\/p>\n","protected":false},"featured_media":33756,"comment_status":"open","ping_status":"open","template":"","meta":{"_acf_changed":false},"product_cat":[2514,2459,3404,2515,2635,2577,2506,2463],"product_tag":[3405,2466],"acf":[],"_links":{"self":[{"href":"https:\/\/donaulife-new.ogrisdigital.at\/en\/wp-json\/wp\/v2\/product\/53444"}],"collection":[{"href":"https:\/\/donaulife-new.ogrisdigital.at\/en\/wp-json\/wp\/v2\/product"}],"about":[{"href":"https:\/\/donaulife-new.ogrisdigital.at\/en\/wp-json\/wp\/v2\/types\/product"}],"replies":[{"embeddable":true,"href":"https:\/\/donaulife-new.ogrisdigital.at\/en\/wp-json\/wp\/v2\/comments?post=53444"}],"wp:featuredmedia":[{"embeddable":true,"href":"https:\/\/donaulife-new.ogrisdigital.at\/en\/wp-json\/wp\/v2\/media\/33756"}],"wp:attachment":[{"href":"https:\/\/donaulife-new.ogrisdigital.at\/en\/wp-json\/wp\/v2\/media?parent=53444"}],"wp:term":[{"taxonomy":"product_cat","embeddable":true,"href":"https:\/\/donaulife-new.ogrisdigital.at\/en\/wp-json\/wp\/v2\/product_cat?post=53444"},{"taxonomy":"product_tag","embeddable":true,"href":"https:\/\/donaulife-new.ogrisdigital.at\/en\/wp-json\/wp\/v2\/product_tag?post=53444"}],"curies":[{"name":"wp","href":"https:\/\/api.w.org\/{rel}","templated":true}]}}