{"id":53417,"date":"2021-12-02T10:36:30","date_gmt":"2021-12-02T10:36:30","guid":{"rendered":"https:\/\/donaulife-new.ogrisdigital.at\/produkt\/grace-glass-og-series-spiral-hit-38-cm\/"},"modified":"2025-01-15T07:10:18","modified_gmt":"2025-01-15T07:10:18","slug":"grace-glass-og-series-spiral-hit-38-cm","status":"publish","type":"product","link":"https:\/\/donaulife-new.ogrisdigital.at\/en\/grace-glass-og-series-spiral-hit-38-cm\/","title":{"rendered":"GRACE GLASS OG Series &#8216;Spiral Hit&#8217; | 38 cm"},"content":{"rendered":"<h2>Grace Glass Percolator Bong<\/h2>\n<p>Die Spiral Boost von Grace Glass ist ein \u00e4u\u00dferst gelungenes St\u00fcck Glaskunst der OG Series. Die gr\u00fcnen Akzente auf dem hitzebest\u00e4ndigem Borosilikatglas geben dieser Bong ihren einzigartigen Look. Sie verf\u00fcgt \u00fcber einen Spiral Percolator der den Rauch nicht nur verwirbelt sondern auch filtert und abk\u00fchlt. Dar\u00fcber hinaus verf\u00fcgt sie \u00fcber einen Splashguard une ein Eisfach f\u00fcr extrasmoothe Hits.<\/p>\n<p>Die Spiral Boost hat einen 18,8 mm Normschliff und der extradicke Standfu\u00df garantiert einen Bombenfesten Stand.<\/p>\n<h3>\u00dcber Grace Glass:<\/h3>\n<p>Unter dem Namen Grace Glass versteht man ausgefallene Bongdesigns kombiniert mit hochwertiger Verarbeitung. Durch diese Kombination hat sich diese 2010 gegr\u00fcndete niederl\u00e4ndische Marke, innerhalb k\u00fcrzester Zeit, einen Platz bei den ganz Gro\u00dfen der Industrie gesichert. Markenzeichen sind die perfekt gesetzten farbigen Akzente und gut verbauten Percolatoren. Die Marke bietet beides, sowohl individuelle Designs f\u00fcrs Auge als auch hervorragende Rauchleistung f\u00fcr den Benutzer. Neben Bongs findest du auch Chillums und Bongk\u00f6pfe von Grace Glass um deine Bong stylisch zu perfektionieren.<\/p>\n","protected":false},"excerpt":{"rendered":"<p>Grace Glass Percolator Bong Die Spiral Boost von Grace Glass ist ein \u00e4u\u00dferst gelungenes St\u00fcck Glaskunst der OG Series. Die<\/p>\n","protected":false},"featured_media":33597,"comment_status":"open","ping_status":"open","template":"","meta":{"_acf_changed":false},"product_cat":[2514,2459,2510,2613,2523,2515,2577,2506,2463],"product_tag":[2707],"acf":[],"_links":{"self":[{"href":"https:\/\/donaulife-new.ogrisdigital.at\/en\/wp-json\/wp\/v2\/product\/53417"}],"collection":[{"href":"https:\/\/donaulife-new.ogrisdigital.at\/en\/wp-json\/wp\/v2\/product"}],"about":[{"href":"https:\/\/donaulife-new.ogrisdigital.at\/en\/wp-json\/wp\/v2\/types\/product"}],"replies":[{"embeddable":true,"href":"https:\/\/donaulife-new.ogrisdigital.at\/en\/wp-json\/wp\/v2\/comments?post=53417"}],"wp:featuredmedia":[{"embeddable":true,"href":"https:\/\/donaulife-new.ogrisdigital.at\/en\/wp-json\/wp\/v2\/media\/33597"}],"wp:attachment":[{"href":"https:\/\/donaulife-new.ogrisdigital.at\/en\/wp-json\/wp\/v2\/media?parent=53417"}],"wp:term":[{"taxonomy":"product_cat","embeddable":true,"href":"https:\/\/donaulife-new.ogrisdigital.at\/en\/wp-json\/wp\/v2\/product_cat?post=53417"},{"taxonomy":"product_tag","embeddable":true,"href":"https:\/\/donaulife-new.ogrisdigital.at\/en\/wp-json\/wp\/v2\/product_tag?post=53417"}],"curies":[{"name":"wp","href":"https:\/\/api.w.org\/{rel}","templated":true}]}}