{"id":53289,"date":"2021-08-09T10:26:18","date_gmt":"2021-08-09T10:26:18","guid":{"rendered":"https:\/\/donaulife-new.ogrisdigital.at\/produkt\/magicalbutter-mb2e-kraeuter-extraktor\/"},"modified":"2024-07-01T00:53:53","modified_gmt":"2024-07-01T00:53:53","slug":"magicalbutter-mb2e-kraeuter-extraktor","status":"publish","type":"product","link":"https:\/\/donaulife-new.ogrisdigital.at\/en\/magicalbutter-mb2e-kraeuter-extraktor\/","title":{"rendered":"MAGICAL BUTTER MACHINE | Edibles leicht gemacht"},"content":{"rendered":"<h2>Magical Butter Machine MB2e &#8211; Edibles kinderleicht selber machen<\/h2>\n<p>Der\u00a0<strong>MagicalButter MB2e<\/strong>\u00a0ist der weltweit erste Kr\u00e4uter-Extraktor, mit dem die Wirkstoffe gesunder Kr\u00e4uter in Butter, \u00d6l, Tinkturen, Lotionen und mehr eingearbeitet werden k\u00f6nnen! Durch die Kombination eines Mischger\u00e4ts mit einem programmierbaren Thermostat und einer Heizeinheit ist die MB-Maschine f\u00e4hig, unglaubliche Rezepte und Kr\u00e4uterinfusionen mit wenig oder gar keinem Arbeitsaufwand herzustellen. Die MagicalButter-Maschine zerkleinert, erhitzt, r\u00fchrt und l\u00e4sst alle Kr\u00e4uter ziehen, und das alles in den richtigen Zeitintervallen und bei der richtigen Temperatur, damit man jedes Mal eine perfekte Infusion erh\u00e4lt. Das Ergebnis ist wie man es sich w\u00fcnscht, sicher und konsistent. Inklusive: Magical Glove, Purify Mikronfilter 190, Magical Cookbook, Bedienungsanleitung und Netzteil.<\/p>\n<p><img decoding=\"async\" src=\"https:\/\/j.gifs.com\/w0060J.gif\" \/><\/p>\n<h2>Features:<\/h2>\n<ul>\n<li>Vollautomatische, mikroprozessorgesteuerte Programmabl\u00e4ufe<\/li>\n<li>Krug aus Edelstahl<\/li>\n<li>Integrierter digitaler Thermostat und Sensoren sorgen f\u00fcr eine labortaugliche Temperaturregulierung, auch in der K\u00fcche<\/li>\n<li>Macht 2-5 Tassen pro Zyklus<\/li>\n<li>Selbstreinigend!<\/li>\n<li>F\u00fcr Butter, \u00d6l, Tinkturen &amp; mehr<\/li>\n<li>Stellt Cannabis\u00f6l in weniger als einer Stunde her<\/li>\n<\/ul>\n<p><strong>Purify Filter 190<\/strong>\u00a0&#8211; Dieser Mikron Filter ist Teil jeder MagicalButter Maschine. Er ist sowohl robust als auch wiederverwendbar. Die 190 Mikron Filterbeutel machen das Absieben zu einem Kinderspiel \u2013 damit die Fl\u00fcssigkeit ohne Probleme durchflie\u00dft, aber die R\u00fcckst\u00e4nde aufgefangen werden.<\/p>\n<p><strong>Magical Glove<\/strong>\u00a0&#8211; Hergestellt aus Silikon und robust bzw. hitzebest\u00e4ndig, f\u00fcr alle Kochschritte mit dem MB2e. Au\u00dferdem ist er mit dem rutschfesten LoveGrip\u2122 ausgestattet und ist einfach zu reinigen. Erh\u00e4ltlich als Einheitsgr\u00f6\u00dfe. Extrem robustes, hitzebest\u00e4ndiges, 100% reines Silikon sorgt f\u00fcr angenehmen Komfort. Ein Handschuh mit f\u00fcnf Fingern und LoveGrip Noppen, damit man nicht abrutscht.<\/p>\n<p><strong>Magical Cookbook<\/strong>\u00a0&#8211; Auf der Webseite und im YouTube Kanal von Magical gibt es hunderte Rezepte! Unter den Basisrezepten befinden sich Butter, \u00d6le, Tinkturen und viele mehr! Es gibt au\u00dferdem Rezepte f\u00fcr jede Gelegenheit: Suppen und Salatdressings, So\u00dfen und Aufstriche, Salben und Cremen, und viele mehr! Jedes Rezept enth\u00e4lt eine einfache, schrittweise Anleitung und ein Video.<\/p>\n<p><iframe title=\"How to Make MagicalButter - Magicalbutter.com\" width=\"500\" height=\"281\" src=\"https:\/\/www.youtube.com\/embed\/yFEHiKkOOk0?feature=oembed\" frameborder=\"0\" allow=\"accelerometer; autoplay; clipboard-write; encrypted-media; gyroscope; picture-in-picture; web-share\" referrerpolicy=\"strict-origin-when-cross-origin\" allowfullscreen><\/iframe><\/p>\n<p>&nbsp;<\/p>\n<h3>Rezepte auf Youtube:<\/h3>\n<p>&nbsp;<\/p>\n<p><iframe title=\"Spicy Macaroni and Cheese - Cannabis Infused How To - MagicalButter.com\" width=\"500\" height=\"375\" src=\"https:\/\/www.youtube.com\/embed\/rD1jREtbfts?feature=oembed\" frameborder=\"0\" allow=\"accelerometer; autoplay; clipboard-write; encrypted-media; gyroscope; picture-in-picture; web-share\" referrerpolicy=\"strict-origin-when-cross-origin\" allowfullscreen><\/iframe><\/p>\n<p>&nbsp;<\/p>\n<p><iframe title=\"Lime Macadamia Cookies - Infused Food How To - MagicalButter.com\" width=\"500\" height=\"375\" src=\"https:\/\/www.youtube.com\/embed\/d26pgLS2STU?feature=oembed\" frameborder=\"0\" allow=\"accelerometer; autoplay; clipboard-write; encrypted-media; gyroscope; picture-in-picture; web-share\" referrerpolicy=\"strict-origin-when-cross-origin\" allowfullscreen><\/iframe><\/p>\n<p>&nbsp;<\/p>\n<p><iframe title=\"Rainbow Crunch Cheesecake - Infused Food How To - MagicalButter.com\" width=\"500\" height=\"375\" src=\"https:\/\/www.youtube.com\/embed\/t4B-GqoHaK8?feature=oembed\" frameborder=\"0\" allow=\"accelerometer; autoplay; clipboard-write; encrypted-media; gyroscope; picture-in-picture; web-share\" referrerpolicy=\"strict-origin-when-cross-origin\" allowfullscreen><\/iframe><\/p>\n<p>&nbsp;<\/p>\n<p><iframe title=\"MagicalButter Base Recipe - How to Make Herbal Coconut Oil\" width=\"500\" height=\"281\" src=\"https:\/\/www.youtube.com\/embed\/IL2t0uneJ78?feature=oembed\" frameborder=\"0\" allow=\"accelerometer; autoplay; clipboard-write; encrypted-media; gyroscope; picture-in-picture; web-share\" referrerpolicy=\"strict-origin-when-cross-origin\" allowfullscreen><\/iframe><\/p>\n","protected":false},"excerpt":{"rendered":"<p>Magical Butter Machine MB2e &#8211; Edibles kinderleicht selber machen Der\u00a0MagicalButter MB2e\u00a0ist der weltweit erste Kr\u00e4uter-Extraktor, mit dem die Wirkstoffe gesunder<\/p>\n","protected":false},"featured_media":32810,"comment_status":"open","ping_status":"open","template":"","meta":{"_acf_changed":false},"product_cat":[2489,2451,3487,3488],"product_tag":[3489],"acf":[],"_links":{"self":[{"href":"https:\/\/donaulife-new.ogrisdigital.at\/en\/wp-json\/wp\/v2\/product\/53289"}],"collection":[{"href":"https:\/\/donaulife-new.ogrisdigital.at\/en\/wp-json\/wp\/v2\/product"}],"about":[{"href":"https:\/\/donaulife-new.ogrisdigital.at\/en\/wp-json\/wp\/v2\/types\/product"}],"replies":[{"embeddable":true,"href":"https:\/\/donaulife-new.ogrisdigital.at\/en\/wp-json\/wp\/v2\/comments?post=53289"}],"wp:featuredmedia":[{"embeddable":true,"href":"https:\/\/donaulife-new.ogrisdigital.at\/en\/wp-json\/wp\/v2\/media\/32810"}],"wp:attachment":[{"href":"https:\/\/donaulife-new.ogrisdigital.at\/en\/wp-json\/wp\/v2\/media?parent=53289"}],"wp:term":[{"taxonomy":"product_cat","embeddable":true,"href":"https:\/\/donaulife-new.ogrisdigital.at\/en\/wp-json\/wp\/v2\/product_cat?post=53289"},{"taxonomy":"product_tag","embeddable":true,"href":"https:\/\/donaulife-new.ogrisdigital.at\/en\/wp-json\/wp\/v2\/product_tag?post=53289"}],"curies":[{"name":"wp","href":"https:\/\/api.w.org\/{rel}","templated":true}]}}