{"id":53256,"date":"2021-06-28T11:26:29","date_gmt":"2021-06-28T11:26:29","guid":{"rendered":"https:\/\/donaulife-new.ogrisdigital.at\/produkt\/dunkees-rolling-tray-king-of-tigers\/"},"modified":"2024-07-01T00:53:32","modified_gmt":"2024-07-01T00:53:32","slug":"dunkees-rolling-tray-king-of-tigers","status":"publish","type":"product","link":"https:\/\/donaulife-new.ogrisdigital.at\/en\/dunkees-rolling-tray-king-of-tigers\/","title":{"rendered":"DUNKEES Rolling Tray S | &#8216;King of Tigers&#8217;"},"content":{"rendered":"<h2>Dunkees Mischschale 14 x 17,5 cm<\/h2>\n<p>Das King of Tigers Tray vereint so manchen Promi Tiger. Der King darf nat\u00fcrlich auch nicht fehlen.<\/p>\n<h2>\u00dcber Dunkees:<\/h2>\n<p>Daniel Militonian, auch bekannt als Dunkees, wurde in Moskau, Russland, geboren und wanderte mit 9 Jahren in die USA aus. Seit seiner Kindheit hatte er eine Leidenschaft f\u00fcr Kunst, entschloss sich jedoch, eine Karriere in Computeranimation einzuschlagen. 2012 begann er, seine Kunst auf dem Venice Beach Boardwalk zu verkaufen und k\u00fcndigte seinen Job um als Vollzeitk\u00fcnstler zu arbeiten. Als Besitzer zweier Galerien f\u00fchlt sich Dunkees gl\u00fccklich seine wahre Berufung gefunden zu haben. Willst du den K\u00fcnstler treffen? An den meisten Tagen k\u00f6nnen Sie ihn in seiner Venice Beach-Galerie beim Malen live erleben. Wer nicht gerade in Kalifornien vorbeischauen kann findet einige sch\u00f6ne Kunstwerke in unserem Shop.<\/p>\n<p>&nbsp;<\/p>\n","protected":false},"excerpt":{"rendered":"<p>Dunkees Mischschale 14 x 17,5 cm Das King of Tigers Tray vereint so manchen Promi Tiger. Der King darf nat\u00fcrlich<\/p>\n","protected":false},"featured_media":32370,"comment_status":"open","ping_status":"open","template":"","meta":{"_acf_changed":false},"product_cat":[2794,2451,2793],"product_tag":[2997],"acf":[],"_links":{"self":[{"href":"https:\/\/donaulife-new.ogrisdigital.at\/en\/wp-json\/wp\/v2\/product\/53256"}],"collection":[{"href":"https:\/\/donaulife-new.ogrisdigital.at\/en\/wp-json\/wp\/v2\/product"}],"about":[{"href":"https:\/\/donaulife-new.ogrisdigital.at\/en\/wp-json\/wp\/v2\/types\/product"}],"replies":[{"embeddable":true,"href":"https:\/\/donaulife-new.ogrisdigital.at\/en\/wp-json\/wp\/v2\/comments?post=53256"}],"wp:featuredmedia":[{"embeddable":true,"href":"https:\/\/donaulife-new.ogrisdigital.at\/en\/wp-json\/wp\/v2\/media\/32370"}],"wp:attachment":[{"href":"https:\/\/donaulife-new.ogrisdigital.at\/en\/wp-json\/wp\/v2\/media?parent=53256"}],"wp:term":[{"taxonomy":"product_cat","embeddable":true,"href":"https:\/\/donaulife-new.ogrisdigital.at\/en\/wp-json\/wp\/v2\/product_cat?post=53256"},{"taxonomy":"product_tag","embeddable":true,"href":"https:\/\/donaulife-new.ogrisdigital.at\/en\/wp-json\/wp\/v2\/product_tag?post=53256"}],"curies":[{"name":"wp","href":"https:\/\/api.w.org\/{rel}","templated":true}]}}