{"id":53250,"date":"2021-06-18T11:23:43","date_gmt":"2021-06-18T11:23:43","guid":{"rendered":"https:\/\/donaulife-new.ogrisdigital.at\/produkt\/higher-standards-reinigungstuch-resin-rags-1-stueck\/"},"modified":"2025-01-15T07:10:39","modified_gmt":"2025-01-15T07:10:39","slug":"higher-standards-reinigungstuch-resin-rags-1-stueck","status":"publish","type":"product","link":"https:\/\/donaulife-new.ogrisdigital.at\/en\/higher-standards-reinigungstuch-resin-rags-1-stueck\/","title":{"rendered":"HIGHER STANDARDS Reinigungstuch &#8216;Resin Rags&#8217; | 1 St\u00fcck"},"content":{"rendered":"<h2>Higher Standards Reinigungstuch<\/h2>\n<p>Diese Reinigungst\u00fccher von Higher Standards sind ein eleganter Zusatz zu Ihrem Reinigungsritual. Die Resin Rags sind ideal zum Reinigen Ihrer Glaspfeife, Ihres Vaporizers, oder anderen Utensilien. Hergestellt mit feiner hochwertiger Baumwolle.<\/p>\n<p>https:\/\/www.youtube.com\/watch?v=nqBLt27HaOY<\/p>\n<h3>\u00dcber Higher Standards:<\/h3>\n<div>Higher Standards wurde gegr\u00fcndet, um echten Kennern die Werkzeuge zu liefern, die sie f\u00fcr das beste Raucherlebnis ben\u00f6tigen, von Premium-Pflegeprodukten, die den besten Geschmack aus Ihrem Material herausholen, bis hin zu Hochleistungsgl\u00e4sern und begehrten limitierten Editionen.<\/div>\n<div><\/div>\n<div>Unsere Kollektion von handgefertigtem High End Glas, erstklassigen Pflege- und Wartungsprodukten und limitierten Kooperationen wurden alle mit dem Gedanken an den wahren Genie\u00dfer geschaffen, der den Geschmack an erste Stelle setzt.<\/div>\n","protected":false},"excerpt":{"rendered":"<p>Higher Standards Reinigungstuch Diese Reinigungst\u00fccher von Higher Standards sind ein eleganter Zusatz zu Ihrem Reinigungsritual. Die Resin Rags sind ideal<\/p>\n","protected":false},"featured_media":32577,"comment_status":"open","ping_status":"open","template":"","meta":{"_acf_changed":false},"product_cat":[2459,3468,2463,2719,2718,2460],"product_tag":[],"acf":[],"_links":{"self":[{"href":"https:\/\/donaulife-new.ogrisdigital.at\/en\/wp-json\/wp\/v2\/product\/53250"}],"collection":[{"href":"https:\/\/donaulife-new.ogrisdigital.at\/en\/wp-json\/wp\/v2\/product"}],"about":[{"href":"https:\/\/donaulife-new.ogrisdigital.at\/en\/wp-json\/wp\/v2\/types\/product"}],"replies":[{"embeddable":true,"href":"https:\/\/donaulife-new.ogrisdigital.at\/en\/wp-json\/wp\/v2\/comments?post=53250"}],"wp:featuredmedia":[{"embeddable":true,"href":"https:\/\/donaulife-new.ogrisdigital.at\/en\/wp-json\/wp\/v2\/media\/32577"}],"wp:attachment":[{"href":"https:\/\/donaulife-new.ogrisdigital.at\/en\/wp-json\/wp\/v2\/media?parent=53250"}],"wp:term":[{"taxonomy":"product_cat","embeddable":true,"href":"https:\/\/donaulife-new.ogrisdigital.at\/en\/wp-json\/wp\/v2\/product_cat?post=53250"},{"taxonomy":"product_tag","embeddable":true,"href":"https:\/\/donaulife-new.ogrisdigital.at\/en\/wp-json\/wp\/v2\/product_tag?post=53250"}],"curies":[{"name":"wp","href":"https:\/\/api.w.org\/{rel}","templated":true}]}}