{"id":53248,"date":"2021-06-18T10:36:17","date_gmt":"2021-06-18T10:36:17","guid":{"rendered":"https:\/\/donaulife-new.ogrisdigital.at\/produkt\/higher-standards-reinigungs-sticks-pipe-stix-60-stueck\/"},"modified":"2025-01-15T07:10:39","modified_gmt":"2025-01-15T07:10:39","slug":"higher-standards-reinigungs-sticks-pipe-stix-60-stueck","status":"publish","type":"product","link":"https:\/\/donaulife-new.ogrisdigital.at\/en\/higher-standards-reinigungs-sticks-pipe-stix-60-stueck\/","title":{"rendered":"HIGHER STANDARDS Reinigungs Sticks &#8216;Pipe Stix&#8217; | 60 St\u00fcck"},"content":{"rendered":"<h2>Higher Standards Pfeifenputz Sticks mit Wattespitze 60 St\u00fcck<\/h2>\n<p>Eine Schachtel mit 60 Pfeifenreinigern mit Watte von Higher Standards. Die Wattest\u00e4bchen sind perfekt geeignet, um Alkohol zu absorbieren und das Lieblingsger\u00e4t einer sorgf\u00e4ltigen Reinigung zu unterziehen. Mit der flachen Seite kann man jegliche Verschmutzungen entfernen.<\/p>\n<p>https:\/\/www.youtube.com\/watch?v=wHWHMeijf0s<\/p>\n<h3>\u00dcber Higher Standards:<\/h3>\n<div>Higher Standards wurde gegr\u00fcndet, um echten Kennern die Werkzeuge zu liefern, die sie f\u00fcr das beste Raucherlebnis ben\u00f6tigen, von Premium-Pflegeprodukten, die den besten Geschmack aus Ihrem Material herausholen, bis hin zu Hochleistungsgl\u00e4sern und begehrten limitierten Editionen.<\/div>\n<div><\/div>\n<div>Unsere Kollektion von handgefertigtem High End Glas, erstklassigen Pflege- und Wartungsprodukten und limitierten Kooperationen wurden alle mit dem Gedanken an den wahren Genie\u00dfer geschaffen, der den Geschmack an erste Stelle setzt.<\/div>\n","protected":false},"excerpt":{"rendered":"<p>Higher Standards Pfeifenputz Sticks mit Wattespitze 60 St\u00fcck Eine Schachtel mit 60 Pfeifenreinigern mit Watte von Higher Standards. Die Wattest\u00e4bchen<\/p>\n","protected":false},"featured_media":32575,"comment_status":"open","ping_status":"closed","template":"","meta":{"_acf_changed":false},"product_cat":[2459,3468,2463,2719,2718,2460],"product_tag":[],"acf":[],"_links":{"self":[{"href":"https:\/\/donaulife-new.ogrisdigital.at\/en\/wp-json\/wp\/v2\/product\/53248"}],"collection":[{"href":"https:\/\/donaulife-new.ogrisdigital.at\/en\/wp-json\/wp\/v2\/product"}],"about":[{"href":"https:\/\/donaulife-new.ogrisdigital.at\/en\/wp-json\/wp\/v2\/types\/product"}],"replies":[{"embeddable":true,"href":"https:\/\/donaulife-new.ogrisdigital.at\/en\/wp-json\/wp\/v2\/comments?post=53248"}],"wp:featuredmedia":[{"embeddable":true,"href":"https:\/\/donaulife-new.ogrisdigital.at\/en\/wp-json\/wp\/v2\/media\/32575"}],"wp:attachment":[{"href":"https:\/\/donaulife-new.ogrisdigital.at\/en\/wp-json\/wp\/v2\/media?parent=53248"}],"wp:term":[{"taxonomy":"product_cat","embeddable":true,"href":"https:\/\/donaulife-new.ogrisdigital.at\/en\/wp-json\/wp\/v2\/product_cat?post=53248"},{"taxonomy":"product_tag","embeddable":true,"href":"https:\/\/donaulife-new.ogrisdigital.at\/en\/wp-json\/wp\/v2\/product_tag?post=53248"}],"curies":[{"name":"wp","href":"https:\/\/api.w.org\/{rel}","templated":true}]}}