{"id":53235,"date":"2021-06-16T12:07:37","date_gmt":"2021-06-16T12:07:37","guid":{"rendered":"https:\/\/donaulife-new.ogrisdigital.at\/produkt\/cactus-glasbong-jamacaru-49-cm\/"},"modified":"2024-07-01T00:53:13","modified_gmt":"2024-07-01T00:53:13","slug":"cactus-glasbong-jamacaru-49-cm","status":"publish","type":"product","link":"https:\/\/donaulife-new.ogrisdigital.at\/en\/cactus-glasbong-jamacaru-49-cm\/","title":{"rendered":"CACTUS Glasbong &#8216;Jamacaru&#8217; | 49 cm"},"content":{"rendered":"<div class=\"std\">\n<h2>Cactus Glasbong mit Spezial Kickloch<\/h2>\n<p>Die &#8216;jamacaru&#8217; ist ein sehr interessantes St\u00fcck Glaskunst, mit der du garantiert in luftige H\u00f6hen kommst! Sie besteht aus einem hohlen Basisrohr von 49cm H\u00f6he und 50mm Durchmesser. Du kannst deine wertvollen Kr\u00e4uter in den 18,8mm gro\u00dfen Kopf geben der mit einem Chillum verbunden ist, um den Rauch im Hals zu verteilen, auf dem das Cactus Logo zu Sehen ist. Mit den Eiskerben kannst du auch einige Eisw\u00fcrfel in die Bong f\u00fcllen, um den Rauch zu k\u00fchlen! Ein weiteres besonderes Merkmal ist, dass das Kickloch mit einem zus\u00e4tzlichen Rohr h\u00f6her Platziert wurde.<\/p>\n<\/div>\n<h3>\u00dcber Cactus<\/h3>\n<p>&#8220;Cactus Fine Pipes&#8221; mit diesem Slogan ist eigentlich schon alles gesagt, was man wissen muss. Cactus Bong&#8217;s stehen f\u00fcr high Quality zu g\u00fcnstigem Preis. Das besondere ist die Bauweise, die an der Form von Kakteen \u00e4hnelt. Das Kickloch wird durch ein zus\u00e4tzliches R\u00f6rchen nach oben versetzt und l\u00e4sst sich dadurch angenehm kicken. Mit einer Cactus Bong bist du f\u00fcr die n\u00e4chste Session bestens ger\u00fcstet. Egal ob Sahara,Gobi oder Kalahari mit einer Bong von &#8216;Cactus&#8217; \u00fcberstehst du auch die l\u00e4ngste D\u00fcrreperiode.<\/p>\n<div class=\"std\">\n<p>&nbsp;<\/p>\n<\/div>\n","protected":false},"excerpt":{"rendered":"<p>Cactus Glasbong mit Spezial Kickloch Die &#8216;jamacaru&#8217; ist ein sehr interessantes St\u00fcck Glaskunst, mit der du garantiert in luftige H\u00f6hen<\/p>\n","protected":false},"featured_media":32496,"comment_status":"open","ping_status":"open","template":"","meta":{"_acf_changed":false},"product_cat":[2514,2459,2510,2507,2523,2515,2506,2463],"product_tag":[3466],"acf":[],"_links":{"self":[{"href":"https:\/\/donaulife-new.ogrisdigital.at\/en\/wp-json\/wp\/v2\/product\/53235"}],"collection":[{"href":"https:\/\/donaulife-new.ogrisdigital.at\/en\/wp-json\/wp\/v2\/product"}],"about":[{"href":"https:\/\/donaulife-new.ogrisdigital.at\/en\/wp-json\/wp\/v2\/types\/product"}],"replies":[{"embeddable":true,"href":"https:\/\/donaulife-new.ogrisdigital.at\/en\/wp-json\/wp\/v2\/comments?post=53235"}],"wp:featuredmedia":[{"embeddable":true,"href":"https:\/\/donaulife-new.ogrisdigital.at\/en\/wp-json\/wp\/v2\/media\/32496"}],"wp:attachment":[{"href":"https:\/\/donaulife-new.ogrisdigital.at\/en\/wp-json\/wp\/v2\/media?parent=53235"}],"wp:term":[{"taxonomy":"product_cat","embeddable":true,"href":"https:\/\/donaulife-new.ogrisdigital.at\/en\/wp-json\/wp\/v2\/product_cat?post=53235"},{"taxonomy":"product_tag","embeddable":true,"href":"https:\/\/donaulife-new.ogrisdigital.at\/en\/wp-json\/wp\/v2\/product_tag?post=53235"}],"curies":[{"name":"wp","href":"https:\/\/api.w.org\/{rel}","templated":true}]}}