{"id":53227,"date":"2021-06-15T12:51:27","date_gmt":"2021-06-15T12:51:27","guid":{"rendered":"https:\/\/donaulife-new.ogrisdigital.at\/produkt\/black-leaf-aluminium-grinder-tetrahydrocannabinol-o-60-mm\/"},"modified":"2025-01-15T07:10:44","modified_gmt":"2025-01-15T07:10:44","slug":"black-leaf-aluminium-grinder-tetrahydrocannabinol-o-60-mm","status":"publish","type":"product","link":"https:\/\/donaulife-new.ogrisdigital.at\/en\/black-leaf-aluminium-grinder-tetrahydrocannabinol-o-60-mm\/","title":{"rendered":"BLACK LEAF Aluminium-Holz Grinder &#8216;Natural Wood&#8217; | \u00d8 60 mm"},"content":{"rendered":"<h2>Black Leaf Aluminium Grinder THC<\/h2>\n<p>Das Mahlwerk des wundersch\u00f6nen, 4-teiligen Grinder ist aus Aluminium und l\u00e4sst sich m\u00fchelos hin- und herdrehen. Im exklusiven Natur Holz-Look punktet <strong>Black Leaf\u00ae<\/strong> sowohl beim Disign als auch bei der Verarbeitung. Die diamantf\u00f6rmig geschliffenen Z\u00e4hne zerkleinern zuverl\u00e4ssig Buds und Bl\u00fcten wie auch h\u00e4rteres Material. Das Mahlwerk wird durch einen starken Magneten sicher zusammengehalten.<\/p>\n<p>Das feinmaschige Pollensieb ist \u2013 wie auch die Pollenkammer &#8211; ebenfalls aus Aluminium. Ein Pollenspachtel liegt bei. Durch das Holz hat die Kr\u00e4uterm\u00fchle eine sehr angenehme Haptik.<\/p>\n<h3>\u00dcber Black Leaf:<\/h3>\n<div>\n<p>In Weed We Trust ? Smoking\u00a0<em>Paraphernalia<\/em>\u00a0seit 1988: Bongs, Pfeifen, Vaporizer, Grinder, Dabbing Zubeh\u00f6r, Paper &amp; Filter, Lifestyle Produkte. Es gibt viele Innovative Produkte der Marke die auch die ein oder andere Weltneuheit erschaffen haben. Im Shop bieten wir von allen Produkten die beste Auswahl.<\/p>\n<\/div>\n","protected":false},"excerpt":{"rendered":"<p>Black Leaf Aluminium Grinder THC Das Mahlwerk des wundersch\u00f6nen, 4-teiligen Grinder ist aus Aluminium und l\u00e4sst sich m\u00fchelos hin- und<\/p>\n","protected":false},"featured_media":32428,"comment_status":"open","ping_status":"open","template":"","meta":{"_acf_changed":false},"product_cat":[2481,2480,2451,2704],"product_tag":[2521],"acf":[],"_links":{"self":[{"href":"https:\/\/donaulife-new.ogrisdigital.at\/en\/wp-json\/wp\/v2\/product\/53227"}],"collection":[{"href":"https:\/\/donaulife-new.ogrisdigital.at\/en\/wp-json\/wp\/v2\/product"}],"about":[{"href":"https:\/\/donaulife-new.ogrisdigital.at\/en\/wp-json\/wp\/v2\/types\/product"}],"replies":[{"embeddable":true,"href":"https:\/\/donaulife-new.ogrisdigital.at\/en\/wp-json\/wp\/v2\/comments?post=53227"}],"wp:featuredmedia":[{"embeddable":true,"href":"https:\/\/donaulife-new.ogrisdigital.at\/en\/wp-json\/wp\/v2\/media\/32428"}],"wp:attachment":[{"href":"https:\/\/donaulife-new.ogrisdigital.at\/en\/wp-json\/wp\/v2\/media?parent=53227"}],"wp:term":[{"taxonomy":"product_cat","embeddable":true,"href":"https:\/\/donaulife-new.ogrisdigital.at\/en\/wp-json\/wp\/v2\/product_cat?post=53227"},{"taxonomy":"product_tag","embeddable":true,"href":"https:\/\/donaulife-new.ogrisdigital.at\/en\/wp-json\/wp\/v2\/product_tag?post=53227"}],"curies":[{"name":"wp","href":"https:\/\/api.w.org\/{rel}","templated":true}]}}