{"id":53093,"date":"2021-04-29T07:47:42","date_gmt":"2021-04-29T07:47:42","guid":{"rendered":"https:\/\/donaulife-new.ogrisdigital.at\/produkt\/marley-natural-premium-grinder-wallnuss-2\/"},"modified":"2024-07-01T00:51:45","modified_gmt":"2024-07-01T00:51:45","slug":"marley-natural-premium-grinder-wallnuss-2","status":"publish","type":"product","link":"https:\/\/donaulife-new.ogrisdigital.at\/en\/marley-natural-premium-grinder-wallnuss-2\/","title":{"rendered":"MARLEY NATURAL Premium Grinder Wallnuss"},"content":{"rendered":"<h1 class=\"title\">Marley Natural Holz Grinder<\/h1>\n<div>\n<p>Dieser sch\u00f6ne vierteilige Grinder von Marley Natural wird aus nachhaltigem nordamerikanischem dunklem Walnussholz und hochwertigen Komponenten hergestellt. Das magnetisch befestigte Oberteil enth\u00e4lt 32 pr\u00e4zis-positionierte, eloxierte Aluminium-Schneidklingen. Der Pollensammler verf\u00fcgt \u00fcber ein abnehmbares Sieb und eine abdrehbare Basis, um Versch\u00fctten zu vermeiden.<\/p>\n<\/div>\n<div><strong>Abmessungen<\/strong><\/div>\n<div><\/div>\n<div>H\u00f6he: 6 cm<br \/>\nDurchmesser: 6 cm<\/div>\n<h3>\u00dcber Marley Natural:<\/h3>\n<div>Marley Natural\u2122 ist eine Premium-Produktlinie, die mit Bewusstsein, Authentizit\u00e4t und echtem Respekt f\u00fcr die Vorteile der Natur hergestellt wird. Unsere Accessoires stammen alle aus verantwortungsvollen Quellen und sind von Integrit\u00e4t gepr\u00e4gt.<\/div>\n<div>Jedes unserer Angebote ist ein direktes Spiegelbild des Marley-Ethos, das die G\u00fcte der Natur mit dem Glauben an das positive Potenzial der Kr\u00e4uter verbindet. Als Agenten des Wandels f\u00f6rdern wir Positivit\u00e4t, Verbundenheit und pers\u00f6nliche Transformation. Und als Bef\u00fcrworter des Fortschritts bieten wir eine au\u00dfergew\u00f6hnliche Lifestyle-Linie, die von Jamaikas pulsierender Energie inspiriert ist. Wir sind stolz darauf, die offizielle Cannabis-Marke von Bob Marley zu sein.<\/div>\n","protected":false},"excerpt":{"rendered":"<p>Marley Natural Holz Grinder Dieser sch\u00f6ne vierteilige Grinder von Marley Natural wird aus nachhaltigem nordamerikanischem dunklem Walnussholz und hochwertigen Komponenten<\/p>\n","protected":false},"featured_media":31714,"comment_status":"open","ping_status":"open","template":"","meta":{"_acf_changed":false},"product_cat":[2481,2480,2451,2704],"product_tag":[3343],"acf":[],"_links":{"self":[{"href":"https:\/\/donaulife-new.ogrisdigital.at\/en\/wp-json\/wp\/v2\/product\/53093"}],"collection":[{"href":"https:\/\/donaulife-new.ogrisdigital.at\/en\/wp-json\/wp\/v2\/product"}],"about":[{"href":"https:\/\/donaulife-new.ogrisdigital.at\/en\/wp-json\/wp\/v2\/types\/product"}],"replies":[{"embeddable":true,"href":"https:\/\/donaulife-new.ogrisdigital.at\/en\/wp-json\/wp\/v2\/comments?post=53093"}],"wp:featuredmedia":[{"embeddable":true,"href":"https:\/\/donaulife-new.ogrisdigital.at\/en\/wp-json\/wp\/v2\/media\/31714"}],"wp:attachment":[{"href":"https:\/\/donaulife-new.ogrisdigital.at\/en\/wp-json\/wp\/v2\/media?parent=53093"}],"wp:term":[{"taxonomy":"product_cat","embeddable":true,"href":"https:\/\/donaulife-new.ogrisdigital.at\/en\/wp-json\/wp\/v2\/product_cat?post=53093"},{"taxonomy":"product_tag","embeddable":true,"href":"https:\/\/donaulife-new.ogrisdigital.at\/en\/wp-json\/wp\/v2\/product_tag?post=53093"}],"curies":[{"name":"wp","href":"https:\/\/api.w.org\/{rel}","templated":true}]}}