{"id":53065,"date":"2021-04-26T13:42:12","date_gmt":"2021-04-26T13:42:12","guid":{"rendered":"https:\/\/donaulife-new.ogrisdigital.at\/produkt\/integra-boost-humidity-control-62\/"},"modified":"2024-07-01T00:51:33","modified_gmt":"2024-07-01T00:51:33","slug":"integra-boost-humidity-control-62","status":"publish","type":"product","link":"https:\/\/donaulife-new.ogrisdigital.at\/en\/integra-boost-humidity-control-62\/","title":{"rendered":"INTEGRA BOOST Humidity Control 62%"},"content":{"rendered":"<h2>Integra Feuchtigkeitsregulator 62%<\/h2>\n<p>Um Aromakr\u00e4uter optimal aufzubewahren, so dass sie nicht verschimmeln, vertrocknen oder sogar ihre Wirkung verlieren, sollte die Luftfeuchtigkeit im Vorratsbeh\u00e4lter stets zwischen 58% &#8211; 62% liegen.<\/p>\n<p><strong>INTEGRA BOOST\u2122<\/strong>\u00a0Humidiccant von\u00a0<strong>Desiccare, Inc.\u2122<\/strong> verwendet eine patentierte Technologie, die bei Bedarf entweder Feuchtigkeit freisetzt oder Feuchtigkeit absorbiert und so die relative Luftfeuchtigkeit in einer geschlossenen Umgebung bei 58% oder auch bei 62% h\u00e4lt. Dabei liegt es im Ermessen des Benutzers, ob er und seine Kr\u00e4utersorte lieber eine etwas trockenere Umgebung bevorzugen (58%) oder mehr Feuchtigkeit gew\u00fcnscht wird (62%) \u2013 auf der sicheren Seite ist man mit beidem, da beide im idealen Bereich liegen.<\/p>\n<p>Dank dieser 2-Wege-Regulierung der Feuchtigkeit haben die Kr\u00e4uter w\u00e4hrend der Lagerung die besten Bedingungen, um Wirkung, Aroma, Frische, Geschmack, Geruch und Farbe zu erhalten und sogar noch zu verbessern (Stichwort Fermentierung). Die Anwendung ist mehr als simpel:<\/p>\n<p>Einfach Boost-Pack mit in den Vorratsbeh\u00e4lter legen!<\/p>\n<p><b>4g &#8216;Integra Boost&#8217; reichen f\u00fcr ca. 6g \u2013 14g Kr\u00e4uter.<br \/>\n<\/b><b>8g &#8216;Integra Boost&#8217; reichen f\u00fcr ca. 12g \u2013 28g Kr\u00e4uter.<\/b><br \/>\n<b>67g &#8216;Integra Boost&#8217; reichen f\u00fcr ca. 29g &#8211; 454g Kr\u00e4uter.<\/b><\/p>\n<p>Anhand des beiliegenden Indikators kann man sofort erkennen, wenn die relative Luftfeuchtigkeit nicht mehr optimal ist und das Boost-Pack ausgetauscht werden muss. Die Boost-Packs enthalten keine Salze, sondern eine pflanzenbasierte L\u00f6sung mit Glycerin und Wasser. Die Verpackung ist mit Lebensmittelfarben bedruckt, so dass es keinerlei Beeintr\u00e4chtigung f\u00fcr die Kr\u00e4uter gibt. Die Boost-Packs sind zudem biologisch abbaubar, rei\u00dffest und spritzwassergesch\u00fctzt, sie bleiben biegsam und verhindern ein Austritt des Inhalts.<\/p>\n<p>Mit\u00a0<strong>INTEGRA BOOST\u2122<\/strong>\u00a0bleiben Kr\u00e4uter auf leichte, aber sichere Art und Weise frisch, wirkungsvoll und angenehm mild im Geschmack (da bei erfolgreicher Fermentierung das enthaltene Chlorophyll abgebaut wird)!<\/p>\n","protected":false},"excerpt":{"rendered":"<p>Integra Feuchtigkeitsregulator 62% Um Aromakr\u00e4uter optimal aufzubewahren, so dass sie nicht verschimmeln, vertrocknen oder sogar ihre Wirkung verlieren, sollte die<\/p>\n","protected":false},"featured_media":31604,"comment_status":"open","ping_status":"closed","template":"","meta":{"_acf_changed":false},"product_cat":[2607,2451,2825],"product_tag":[],"acf":[],"_links":{"self":[{"href":"https:\/\/donaulife-new.ogrisdigital.at\/en\/wp-json\/wp\/v2\/product\/53065"}],"collection":[{"href":"https:\/\/donaulife-new.ogrisdigital.at\/en\/wp-json\/wp\/v2\/product"}],"about":[{"href":"https:\/\/donaulife-new.ogrisdigital.at\/en\/wp-json\/wp\/v2\/types\/product"}],"replies":[{"embeddable":true,"href":"https:\/\/donaulife-new.ogrisdigital.at\/en\/wp-json\/wp\/v2\/comments?post=53065"}],"wp:featuredmedia":[{"embeddable":true,"href":"https:\/\/donaulife-new.ogrisdigital.at\/en\/wp-json\/wp\/v2\/media\/31604"}],"wp:attachment":[{"href":"https:\/\/donaulife-new.ogrisdigital.at\/en\/wp-json\/wp\/v2\/media?parent=53065"}],"wp:term":[{"taxonomy":"product_cat","embeddable":true,"href":"https:\/\/donaulife-new.ogrisdigital.at\/en\/wp-json\/wp\/v2\/product_cat?post=53065"},{"taxonomy":"product_tag","embeddable":true,"href":"https:\/\/donaulife-new.ogrisdigital.at\/en\/wp-json\/wp\/v2\/product_tag?post=53065"}],"curies":[{"name":"wp","href":"https:\/\/api.w.org\/{rel}","templated":true}]}}