{"id":53056,"date":"2021-04-26T08:18:45","date_gmt":"2021-04-26T08:18:45","guid":{"rendered":"https:\/\/donaulife-new.ogrisdigital.at\/produkt\/flutschkopf-the-smoking-dead-schwarz-188-mm\/"},"modified":"2024-04-30T13:29:31","modified_gmt":"2024-04-30T13:29:31","slug":"flutschkopf-the-smoking-dead-schwarz-188-mm","status":"publish","type":"product","link":"https:\/\/donaulife-new.ogrisdigital.at\/en\/flutschkopf-the-smoking-dead-schwarz-188-mm\/","title":{"rendered":"GRACE GLASS Flutschkopf &#8216;Sir Dan&#8217; | 18,8 mm"},"content":{"rendered":"<h2>Zombie Flutschkopf mit 18,8mm in schwarz<\/h2>\n<p>Witziger Bongkopf in Form eines Totenkopfs mit ordentlichem Fassungsverm\u00f6gen. Die Form des aus Borosilikatglas hergestellten K\u00f6pfchens hindert den Zombie am Wegrollen. Passend f\u00fcr alle Bongs und Adapter mit 18,8mm Schliff.<\/p>\n<p>&nbsp;<\/p>\n","protected":false},"excerpt":{"rendered":"<p>Zombie Flutschkopf mit 18,8mm in schwarz Witziger Bongkopf in Form eines Totenkopfs mit ordentlichem Fassungsverm\u00f6gen. Die Form des aus Borosilikatglas<\/p>\n","protected":false},"featured_media":31553,"comment_status":"open","ping_status":"closed","template":"","meta":{"_acf_changed":false},"product_cat":[2462,2459,2461,2460],"product_tag":[],"acf":[],"_links":{"self":[{"href":"https:\/\/donaulife-new.ogrisdigital.at\/en\/wp-json\/wp\/v2\/product\/53056"}],"collection":[{"href":"https:\/\/donaulife-new.ogrisdigital.at\/en\/wp-json\/wp\/v2\/product"}],"about":[{"href":"https:\/\/donaulife-new.ogrisdigital.at\/en\/wp-json\/wp\/v2\/types\/product"}],"replies":[{"embeddable":true,"href":"https:\/\/donaulife-new.ogrisdigital.at\/en\/wp-json\/wp\/v2\/comments?post=53056"}],"wp:featuredmedia":[{"embeddable":true,"href":"https:\/\/donaulife-new.ogrisdigital.at\/en\/wp-json\/wp\/v2\/media\/31553"}],"wp:attachment":[{"href":"https:\/\/donaulife-new.ogrisdigital.at\/en\/wp-json\/wp\/v2\/media?parent=53056"}],"wp:term":[{"taxonomy":"product_cat","embeddable":true,"href":"https:\/\/donaulife-new.ogrisdigital.at\/en\/wp-json\/wp\/v2\/product_cat?post=53056"},{"taxonomy":"product_tag","embeddable":true,"href":"https:\/\/donaulife-new.ogrisdigital.at\/en\/wp-json\/wp\/v2\/product_tag?post=53056"}],"curies":[{"name":"wp","href":"https:\/\/api.w.org\/{rel}","templated":true}]}}