{"id":53018,"date":"2021-04-21T11:40:19","date_gmt":"2021-04-21T11:40:19","guid":{"rendered":"https:\/\/donaulife-new.ogrisdigital.at\/produkt\/stuendenglass-wand-halterung\/"},"modified":"2024-07-01T00:51:12","modified_gmt":"2024-07-01T00:51:12","slug":"stuendenglass-wand-halterung","status":"publish","type":"product","link":"https:\/\/donaulife-new.ogrisdigital.at\/en\/stuendenglass-wand-halterung\/","title":{"rendered":"ST\u00dcNDENGLASS Wand Halterung"},"content":{"rendered":"<h1 class=\"title\">St\u00fcndenglass Wand Halterung in schwarz, gr\u00fcn oder hellblau<\/h1>\n<div>\n<p>F\u00fcr ultimative Stabilit\u00e4t k\u00f6nnen Sie die St\u00fcndenglass Wasserpfeife an eine Wand befestigen.<\/p>\n<p>Befestigen Sie die Halterung mit den mitgelieferten Schrauben an Ihrer Wand und setzen Sie die St\u00fcndenglass Wasserpfeife nach der Einstellung des Ventils hinein.<\/p>\n<\/div>\n<div>\n<h2>Lieferumfang<\/h2>\n<p>1x Wandhalterung<\/p>\n<\/div>\n<div>\n<p>St\u00fcndenglass. Gravity Bong neu erfunden.<\/p>\n<\/div>\n<p>St\u00fcndenglass Gravity Bong ist nicht enthalten.<\/p>\n<p>&nbsp;<\/p>\n<div style=\"position: static !important;\"><\/div>\n","protected":false},"excerpt":{"rendered":"<p>St\u00fcndenglass Wand Halterung in schwarz, gr\u00fcn oder hellblau F\u00fcr ultimative Stabilit\u00e4t k\u00f6nnen Sie die St\u00fcndenglass Wasserpfeife an eine Wand befestigen.<\/p>\n","protected":false},"featured_media":31400,"comment_status":"open","ping_status":"open","template":"","meta":{"_acf_changed":false},"product_cat":[2459,2463,3285,2460],"product_tag":[3286],"acf":[],"_links":{"self":[{"href":"https:\/\/donaulife-new.ogrisdigital.at\/en\/wp-json\/wp\/v2\/product\/53018"}],"collection":[{"href":"https:\/\/donaulife-new.ogrisdigital.at\/en\/wp-json\/wp\/v2\/product"}],"about":[{"href":"https:\/\/donaulife-new.ogrisdigital.at\/en\/wp-json\/wp\/v2\/types\/product"}],"replies":[{"embeddable":true,"href":"https:\/\/donaulife-new.ogrisdigital.at\/en\/wp-json\/wp\/v2\/comments?post=53018"}],"wp:featuredmedia":[{"embeddable":true,"href":"https:\/\/donaulife-new.ogrisdigital.at\/en\/wp-json\/wp\/v2\/media\/31400"}],"wp:attachment":[{"href":"https:\/\/donaulife-new.ogrisdigital.at\/en\/wp-json\/wp\/v2\/media?parent=53018"}],"wp:term":[{"taxonomy":"product_cat","embeddable":true,"href":"https:\/\/donaulife-new.ogrisdigital.at\/en\/wp-json\/wp\/v2\/product_cat?post=53018"},{"taxonomy":"product_tag","embeddable":true,"href":"https:\/\/donaulife-new.ogrisdigital.at\/en\/wp-json\/wp\/v2\/product_tag?post=53018"}],"curies":[{"name":"wp","href":"https:\/\/api.w.org\/{rel}","templated":true}]}}