{"id":52962,"date":"2021-04-15T14:42:21","date_gmt":"2021-04-15T14:42:21","guid":{"rendered":"https:\/\/donaulife-new.ogrisdigital.at\/produkt\/heisenberg-glasbong-walter-mit-double-perc-60-cm\/"},"modified":"2025-01-15T07:11:07","modified_gmt":"2025-01-15T07:11:07","slug":"heisenberg-glasbong-walter-mit-double-perc-60-cm","status":"publish","type":"product","link":"https:\/\/donaulife-new.ogrisdigital.at\/en\/heisenberg-glasbong-walter-mit-double-perc-60-cm\/","title":{"rendered":"HEISENBERG &#8216;Puncher Illusion&#8217; mit Doppelperc | 60 cm"},"content":{"rendered":"<h2>Heisenberg Porosilikatglasbong mit 2-Fach Percolator<\/h2>\n<div id=\"description\" class=\"data item content\" role=\"tabpanel\" data-role=\"content\" aria-labelledby=\"tab-label-description\" aria-hidden=\"false\">\n<div class=\"product attribute description\">\n<div class=\"value\">\n<p>Eine Beakerbong in gewohnter Heisenberg Qualit\u00e4t! \ud83d\ude09 Eine einzigartige Bong mit fantastischen Extras wie z.B. die Glastropfen am oberen Ende, Diffusor-Kupplung, bistabiler Schliff oder die wei\u00dfen Farbeinl\u00e4sse am Mundst\u00fcck. Das sch\u00f6ne St\u00fcck besitzt sowohl Eiseinkerbungen im Glastubus, als auch 2 direkt darunter liegende Perkolator-Kammer mit 5 Verwirbelungsst\u00e4ben &#8211; genannt Diffusor. Dieses K\u00fchlungsystem erf\u00fcllt alle anspruchsvollen W\u00fcnsche eines erfahrenen Rauchers. Mit 61 cm H\u00f6her besitzt sie ein gutes Rauchvolumen und mit 5 mm Wandst\u00e4rke ist sie auch gegen leichte Ersch\u00fctterungen gesch\u00fctzt.<\/p>\n<\/div>\n<\/div>\n<\/div>\n<div>\n<h3>\u00dcber Heisenberg:<\/h3>\n<div>\n<p>Heisenberg \u2013 nicht nur durch Breaking Bad ein Ph\u00e4nomen. Die Marke Heisenberg ist unter anderem durch ihre Glasbongs bekannt geworden. Keine Bong der Heisenberg Serie ist wie die andere. Hier werden verschiedene Gestaltungselemente geboten, wie beispielsweise poppige Farben oder mit Glow in the dark Funktion, Pl\u00e4tzen zum Einsetzen von LED Beleuchtung und anderen Extras.<\/p>\n<p>Bei dem interessanten Sortiment an Glasbongs, ist mit Sicherheit auch was f\u00fcr dich dabei!<\/p>\n<\/div>\n<\/div>\n","protected":false},"excerpt":{"rendered":"<p>Heisenberg Porosilikatglasbong mit 2-Fach Percolator Eine Beakerbong in gewohnter Heisenberg Qualit\u00e4t! \ud83d\ude09 Eine einzigartige Bong mit fantastischen Extras wie z.B.<\/p>\n","protected":false},"featured_media":31059,"comment_status":"open","ping_status":"open","template":"","meta":{"_acf_changed":false},"product_cat":[2514,2459,2510,3404,2523,2515,2577,2506,2463],"product_tag":[3405,2466],"acf":[],"_links":{"self":[{"href":"https:\/\/donaulife-new.ogrisdigital.at\/en\/wp-json\/wp\/v2\/product\/52962"}],"collection":[{"href":"https:\/\/donaulife-new.ogrisdigital.at\/en\/wp-json\/wp\/v2\/product"}],"about":[{"href":"https:\/\/donaulife-new.ogrisdigital.at\/en\/wp-json\/wp\/v2\/types\/product"}],"replies":[{"embeddable":true,"href":"https:\/\/donaulife-new.ogrisdigital.at\/en\/wp-json\/wp\/v2\/comments?post=52962"}],"wp:featuredmedia":[{"embeddable":true,"href":"https:\/\/donaulife-new.ogrisdigital.at\/en\/wp-json\/wp\/v2\/media\/31059"}],"wp:attachment":[{"href":"https:\/\/donaulife-new.ogrisdigital.at\/en\/wp-json\/wp\/v2\/media?parent=52962"}],"wp:term":[{"taxonomy":"product_cat","embeddable":true,"href":"https:\/\/donaulife-new.ogrisdigital.at\/en\/wp-json\/wp\/v2\/product_cat?post=52962"},{"taxonomy":"product_tag","embeddable":true,"href":"https:\/\/donaulife-new.ogrisdigital.at\/en\/wp-json\/wp\/v2\/product_tag?post=52962"}],"curies":[{"name":"wp","href":"https:\/\/api.w.org\/{rel}","templated":true}]}}