{"id":52935,"date":"2021-04-12T14:30:01","date_gmt":"2021-04-12T14:30:01","guid":{"rendered":"https:\/\/donaulife-new.ogrisdigital.at\/produkt\/marley-natural-kleiner-behaelter-wallnuss-schraubbar\/"},"modified":"2025-01-15T07:11:20","modified_gmt":"2025-01-15T07:11:20","slug":"marley-natural-kleiner-behaelter-wallnuss-schraubbar","status":"publish","type":"product","link":"https:\/\/donaulife-new.ogrisdigital.at\/en\/marley-natural-kleiner-behaelter-wallnuss-schraubbar\/","title":{"rendered":"MARLEY NATURAL kleiner Beh\u00e4lter Wallnuss | schraubbar"},"content":{"rendered":"<h1 class=\"title\">Marley Natural Beh\u00e4lter schraubbar<\/h1>\n<div>\n<p>Dieser hochfunktionelle Beh\u00e4lter von Marley Natural passt bequem in Ihre Tasche. Entwickelt um Geruch zu minimieren. Das Geh\u00e4use dieses Beh\u00e4lters besteht aus sch\u00f6nem dunklen Walnussholz.<\/p>\n<\/div>\n<div><strong>Abmessungen<\/strong><\/div>\n<div><\/div>\n<div>L\u00e4nge: 8.9 cm<br \/>\nBreite: 2.5 cm<\/div>\n<h3>\u00dcber Marley Natural:<\/h3>\n<div>Marley Natural\u2122 ist eine Premium-Produktlinie, die mit Bewusstsein, Authentizit\u00e4t und echtem Respekt f\u00fcr die Vorteile der Natur hergestellt wird. Unsere Accessoires stammen alle aus verantwortungsvollen Quellen und sind von Integrit\u00e4t gepr\u00e4gt.<\/div>\n<div>Jedes unserer Angebote ist ein direktes Spiegelbild des Marley-Ethos, das die G\u00fcte der Natur mit dem Glauben an das positive Potenzial der Kr\u00e4uter verbindet. Als Agenten des Wandels f\u00f6rdern wir Positivit\u00e4t, Verbundenheit und pers\u00f6nliche Transformation. Und als Bef\u00fcrworter des Fortschritts bieten wir eine au\u00dfergew\u00f6hnliche Lifestyle-Linie, die von Jamaikas pulsierender Energie inspiriert ist. Wir sind stolz darauf, die offizielle Cannabis-Marke von Bob Marley zu sein.<\/div>\n","protected":false},"excerpt":{"rendered":"<p>Marley Natural Beh\u00e4lter schraubbar Dieser hochfunktionelle Beh\u00e4lter von Marley Natural passt bequem in Ihre Tasche. Entwickelt um Geruch zu minimieren.<\/p>\n","protected":false},"featured_media":30815,"comment_status":"open","ping_status":"closed","template":"","meta":{"_acf_changed":false},"product_cat":[2607,2451,2678,3244],"product_tag":[3343],"acf":[],"_links":{"self":[{"href":"https:\/\/donaulife-new.ogrisdigital.at\/en\/wp-json\/wp\/v2\/product\/52935"}],"collection":[{"href":"https:\/\/donaulife-new.ogrisdigital.at\/en\/wp-json\/wp\/v2\/product"}],"about":[{"href":"https:\/\/donaulife-new.ogrisdigital.at\/en\/wp-json\/wp\/v2\/types\/product"}],"replies":[{"embeddable":true,"href":"https:\/\/donaulife-new.ogrisdigital.at\/en\/wp-json\/wp\/v2\/comments?post=52935"}],"wp:featuredmedia":[{"embeddable":true,"href":"https:\/\/donaulife-new.ogrisdigital.at\/en\/wp-json\/wp\/v2\/media\/30815"}],"wp:attachment":[{"href":"https:\/\/donaulife-new.ogrisdigital.at\/en\/wp-json\/wp\/v2\/media?parent=52935"}],"wp:term":[{"taxonomy":"product_cat","embeddable":true,"href":"https:\/\/donaulife-new.ogrisdigital.at\/en\/wp-json\/wp\/v2\/product_cat?post=52935"},{"taxonomy":"product_tag","embeddable":true,"href":"https:\/\/donaulife-new.ogrisdigital.at\/en\/wp-json\/wp\/v2\/product_tag?post=52935"}],"curies":[{"name":"wp","href":"https:\/\/api.w.org\/{rel}","templated":true}]}}