{"id":52929,"date":"2021-04-12T13:38:08","date_gmt":"2021-04-12T13:38:08","guid":{"rendered":"https:\/\/donaulife-new.ogrisdigital.at\/produkt\/stuendenglass-diffusor-lang\/"},"modified":"2024-07-01T00:50:13","modified_gmt":"2024-07-01T00:50:13","slug":"stuendenglass-diffusor-lang","status":"publish","type":"product","link":"https:\/\/donaulife-new.ogrisdigital.at\/en\/stuendenglass-diffusor-lang\/","title":{"rendered":"ST\u00dcNDENGLASS Ersatz Diffusor"},"content":{"rendered":"<h1 class=\"title\">St\u00fcndenglass Diffusor kurz oder lang<\/h1>\n<div>\n<p>Ersatz-Diffusorrohr f\u00fcr die St\u00fcndenglass Gravity Hookah Wasserpfeife. In den Farben schrarz, blau, gold und silber erh\u00e4ltlich.<\/p>\n<\/div>\n<div>\n<h2>Lieferumfang<\/h2>\n<p>1x Diffusorrohr kurz oder lang<\/p>\n<\/div>\n<div>\n<p>St\u00fcndenglass. Gravity Bong neu erfunden.<\/p>\n<\/div>\n<p>&nbsp;<\/p>\n<div style=\"position: static !important;\"><\/div>\n","protected":false},"excerpt":{"rendered":"<p>St\u00fcndenglass Diffusor kurz oder lang Ersatz-Diffusorrohr f\u00fcr die St\u00fcndenglass Gravity Hookah Wasserpfeife. In den Farben schrarz, blau, gold und silber<\/p>\n","protected":false},"featured_media":30796,"comment_status":"open","ping_status":"open","template":"","meta":{"_acf_changed":false},"product_cat":[2459,2463,3285,2460],"product_tag":[3286],"acf":[],"_links":{"self":[{"href":"https:\/\/donaulife-new.ogrisdigital.at\/en\/wp-json\/wp\/v2\/product\/52929"}],"collection":[{"href":"https:\/\/donaulife-new.ogrisdigital.at\/en\/wp-json\/wp\/v2\/product"}],"about":[{"href":"https:\/\/donaulife-new.ogrisdigital.at\/en\/wp-json\/wp\/v2\/types\/product"}],"replies":[{"embeddable":true,"href":"https:\/\/donaulife-new.ogrisdigital.at\/en\/wp-json\/wp\/v2\/comments?post=52929"}],"wp:featuredmedia":[{"embeddable":true,"href":"https:\/\/donaulife-new.ogrisdigital.at\/en\/wp-json\/wp\/v2\/media\/30796"}],"wp:attachment":[{"href":"https:\/\/donaulife-new.ogrisdigital.at\/en\/wp-json\/wp\/v2\/media?parent=52929"}],"wp:term":[{"taxonomy":"product_cat","embeddable":true,"href":"https:\/\/donaulife-new.ogrisdigital.at\/en\/wp-json\/wp\/v2\/product_cat?post=52929"},{"taxonomy":"product_tag","embeddable":true,"href":"https:\/\/donaulife-new.ogrisdigital.at\/en\/wp-json\/wp\/v2\/product_tag?post=52929"}],"curies":[{"name":"wp","href":"https:\/\/api.w.org\/{rel}","templated":true}]}}