{"id":52909,"date":"2021-04-07T10:31:32","date_gmt":"2021-04-07T10:31:32","guid":{"rendered":"https:\/\/donaulife-new.ogrisdigital.at\/produkt\/heisenberg-glasdose-mit-schraubverschluss-100-ml\/"},"modified":"2024-07-01T00:50:04","modified_gmt":"2024-07-01T00:50:04","slug":"heisenberg-glasdose-mit-schraubverschluss-100-ml","status":"publish","type":"product","link":"https:\/\/donaulife-new.ogrisdigital.at\/en\/heisenberg-glasdose-mit-schraubverschluss-100-ml\/","title":{"rendered":"HEISENBERG Glasdose mit Schraubverschlu\u00df | 100 ml"},"content":{"rendered":"<h2>Heisenberg Glasdose mit Schraubverschlu\u00df<\/h2>\n<p><strong>BRANDNEUE MOTIVE<\/strong> &#8211; Die Motive auf den Gl\u00e4sern l\u00e4sst diesen zu etwas ganz besonderen werden!<\/p>\n<p><strong>MIT SCHRAUBVERSCHLU\u00df &#8211; <\/strong>Der Inhalt l\u00e4sst sich mithilfe eines verschraubbaren Kunststoffdeckels verschlie\u00dfen. So k\u00f6nnen in den Beh\u00e4lter weder fremde Aromen eintreten, noch k\u00f6nnen die Aromen deiner Gew\u00fcrze und Kr\u00e4uter austreten.<\/p>\n<p><strong>PERFEKT F\u00dcR K\u00c4UTER UND GEW\u00dcRZE\u00a0<\/strong>&#8211; Das Glas l\u00e4sst sich luftdicht verschlie\u00dfen und ist somit perfekt f\u00fcr das Lagern von Kr\u00e4utern, Gew\u00fcrzen oder anderen Lebensmitteln geeignet.<\/p>\n<p><strong>SOLIDES &amp; MODERNES DESIGN\u00a0<\/strong>&#8211; Das Glas dieses Beh\u00e4lters ist aufgrund der Wanddicke besonders solide in Kombination mit dem glatten und runden Design, schmeichelt dieser Beh\u00e4lter jeder Hand.<\/p>\n<h3>\u00dcber Heisenberg:<\/h3>\n<div class=\"elementor-element elementor-element-96e4633 elementor-widget elementor-widget-text-editor\" data-id=\"96e4633\" data-element_type=\"widget\" data-widget_type=\"text-editor.default\">\n<div class=\"elementor-widget-container\">\n<div class=\"elementor-text-editor elementor-clearfix\">\n<p>Heisenberg\u2013 nicht nur durch Breaking Bad ein Ph\u00e4nomen. Die\u00a0Marke Heisenberg\u00a0ist unter anderem durch ihre\u00a0Glasbongs bekannt geworden. Keine Bong der Heisenberg Serie ist wie die andere. Hier werden verschiedene Gestaltungselemente geboten, wie beispielsweise Percolator Bongs, Honeycomb Varianten, dicke Bongs bis zu 7 mm Wandst\u00e4rke oder coole Handbubbler und Vork\u00fchler.<\/p>\n<p>Heisenberg \u2013 Say my name &amp; buy my bong!<\/p>\n<p>&nbsp;<\/p>\n<\/div>\n<\/div>\n<\/div>\n","protected":false},"excerpt":{"rendered":"<p>Heisenberg Glasdose mit Schraubverschlu\u00df BRANDNEUE MOTIVE &#8211; Die Motive auf den Gl\u00e4sern l\u00e4sst diesen zu etwas ganz besonderen werden! MIT<\/p>\n","protected":false},"featured_media":30715,"comment_status":"open","ping_status":"closed","template":"","meta":{"_acf_changed":false},"product_cat":[2607,3142,2451],"product_tag":[],"acf":[],"_links":{"self":[{"href":"https:\/\/donaulife-new.ogrisdigital.at\/en\/wp-json\/wp\/v2\/product\/52909"}],"collection":[{"href":"https:\/\/donaulife-new.ogrisdigital.at\/en\/wp-json\/wp\/v2\/product"}],"about":[{"href":"https:\/\/donaulife-new.ogrisdigital.at\/en\/wp-json\/wp\/v2\/types\/product"}],"replies":[{"embeddable":true,"href":"https:\/\/donaulife-new.ogrisdigital.at\/en\/wp-json\/wp\/v2\/comments?post=52909"}],"wp:featuredmedia":[{"embeddable":true,"href":"https:\/\/donaulife-new.ogrisdigital.at\/en\/wp-json\/wp\/v2\/media\/30715"}],"wp:attachment":[{"href":"https:\/\/donaulife-new.ogrisdigital.at\/en\/wp-json\/wp\/v2\/media?parent=52909"}],"wp:term":[{"taxonomy":"product_cat","embeddable":true,"href":"https:\/\/donaulife-new.ogrisdigital.at\/en\/wp-json\/wp\/v2\/product_cat?post=52909"},{"taxonomy":"product_tag","embeddable":true,"href":"https:\/\/donaulife-new.ogrisdigital.at\/en\/wp-json\/wp\/v2\/product_tag?post=52909"}],"curies":[{"name":"wp","href":"https:\/\/api.w.org\/{rel}","templated":true}]}}