{"id":52652,"date":"2021-03-17T15:59:00","date_gmt":"2021-03-17T15:59:00","guid":{"rendered":"https:\/\/donaulife-new.ogrisdigital.at\/produkt\/gizeh-drehmaschine-kingsize-115-cm\/"},"modified":"2024-07-01T00:48:15","modified_gmt":"2024-07-01T00:48:15","slug":"gizeh-drehmaschine-kingsize-115-cm","status":"publish","type":"product","link":"https:\/\/donaulife-new.ogrisdigital.at\/en\/gizeh-drehmaschine-kingsize-115-cm\/","title":{"rendered":"T\u00dcTENZAUBER Drehmaschine Kingsize | 11,5 cm"},"content":{"rendered":"<h2>T\u00fctenzauber Drehmaschine Kingsize mit 11,5 cm L\u00e4nge<\/h2>\n<p>Die Drehmaschine Kingsize ist aus Kunststoff gefertigt. Mit ihrer L\u00e4nge von 11,5 cm ist sie perfekt geeignet f\u00fcr King Size Papers.<\/p>\n","protected":false},"excerpt":{"rendered":"<p>T\u00fctenzauber Drehmaschine Kingsize mit 11,5 cm L\u00e4nge Die Drehmaschine Kingsize ist aus Kunststoff gefertigt. Mit ihrer L\u00e4nge von 11,5 cm<\/p>\n","protected":false},"featured_media":29900,"comment_status":"open","ping_status":"open","template":"","meta":{"_acf_changed":false},"product_cat":[2763,2451,2452],"product_tag":[],"acf":[],"_links":{"self":[{"href":"https:\/\/donaulife-new.ogrisdigital.at\/en\/wp-json\/wp\/v2\/product\/52652"}],"collection":[{"href":"https:\/\/donaulife-new.ogrisdigital.at\/en\/wp-json\/wp\/v2\/product"}],"about":[{"href":"https:\/\/donaulife-new.ogrisdigital.at\/en\/wp-json\/wp\/v2\/types\/product"}],"replies":[{"embeddable":true,"href":"https:\/\/donaulife-new.ogrisdigital.at\/en\/wp-json\/wp\/v2\/comments?post=52652"}],"wp:featuredmedia":[{"embeddable":true,"href":"https:\/\/donaulife-new.ogrisdigital.at\/en\/wp-json\/wp\/v2\/media\/29900"}],"wp:attachment":[{"href":"https:\/\/donaulife-new.ogrisdigital.at\/en\/wp-json\/wp\/v2\/media?parent=52652"}],"wp:term":[{"taxonomy":"product_cat","embeddable":true,"href":"https:\/\/donaulife-new.ogrisdigital.at\/en\/wp-json\/wp\/v2\/product_cat?post=52652"},{"taxonomy":"product_tag","embeddable":true,"href":"https:\/\/donaulife-new.ogrisdigital.at\/en\/wp-json\/wp\/v2\/product_tag?post=52652"}],"curies":[{"name":"wp","href":"https:\/\/api.w.org\/{rel}","templated":true}]}}