{"id":52596,"date":"2021-03-11T12:14:23","date_gmt":"2021-03-11T12:14:23","guid":{"rendered":"https:\/\/donaulife-new.ogrisdigital.at\/produkt\/ziggi-classic-kingsize-slim-ital-rolls-4-m\/"},"modified":"2024-07-01T00:47:32","modified_gmt":"2024-07-01T00:47:32","slug":"ziggi-classic-kingsize-slim-ital-rolls-4-m","status":"publish","type":"product","link":"https:\/\/donaulife-new.ogrisdigital.at\/en\/ziggi-classic-kingsize-slim-ital-rolls-4-m\/","title":{"rendered":"ZIGGI Classic KSS ITAL Rolls | 4 m"},"content":{"rendered":"<h2>ZIGGI Classic Kingsize Slim ITAL Rolls 4 m<\/h2>\n<div>Unsere Classic Rolls enthalten alles, was du zum Rollen brauchst &#8211; 4 m L\u00e4nge und Tips.<\/div>\n<div><\/div>\n<div>Aber in diesem Fall sprechen wir hier nicht nur \u00fcber Papiere und Filter &#8211; Die ITAL Rolling Papers sind nur aus den nat\u00fcrlichsten Materialien hergestellt werden.<\/div>\n<div>Alle Elemente sind biologisch abbaubar, einschlie\u00dflich der Verpackung. nat\u00fcrliches Gummiarabikum und ungebleichtes Papier &#8211; deshalb ist dies f\u00fcr uns die nat\u00fcrlichste Art zu rollen.<\/div>\n<h3>\u00dcber Ziggi Papers:<\/h3>\n<div>Die Marke Ziggi \u2122 hat ihre Nutzer durch jahrelanges Lernen, Sammeln von Erfahrungen und aktive Entwicklung auf verschiedene Weise verbessert. Der einfachste Weg sind hochwertige Produkte, die beweisen, dass die Menschen immer noch eine Kombination aus gutem Material, modernem Design und einem erschwinglichen Preis sch\u00e4tzen.<\/div>\n<div>Ziggi-Benutzer bekommen immer das, was sie erwarten. Dies wird durch ihre positiven Reaktionen und Kommentare in sozialen Netzwerken sowie durch die traditionelle Mundpropaganda bei Veranstaltungen bewiesen, bei denen Vertreter von Ziggi anwesend sind.<\/div>\n<div><\/div>\n<div>Ziggi Custom Edition-Papiere haben viele Festivalbesucher auf der ganzen Welt gl\u00fccklich gemacht, von denen einige noch zu kaufen sind. Ziggi ist stolz darauf, junge K\u00fcnstler, Sportler und Musiker zu unterst\u00fctzen. Kultur ist in unserer Gesellschaft sehr wichtig. Ziggi ist sich dessen bewusst und versucht, es \u00fcber seine Kan\u00e4le Jung und Alt n\u00e4her zu bringen.<\/div>\n<div><\/div>\n<div><\/div>\n","protected":false},"excerpt":{"rendered":"<p>ZIGGI Classic Kingsize Slim ITAL Rolls 4 m Unsere Classic Rolls enthalten alles, was du zum Rollen brauchst &#8211; 4<\/p>\n","protected":false},"featured_media":29574,"comment_status":"open","ping_status":"open","template":"","meta":{"_acf_changed":false},"product_cat":[2456,2489,2451,2453,2452,2676],"product_tag":[2677],"acf":[],"_links":{"self":[{"href":"https:\/\/donaulife-new.ogrisdigital.at\/en\/wp-json\/wp\/v2\/product\/52596"}],"collection":[{"href":"https:\/\/donaulife-new.ogrisdigital.at\/en\/wp-json\/wp\/v2\/product"}],"about":[{"href":"https:\/\/donaulife-new.ogrisdigital.at\/en\/wp-json\/wp\/v2\/types\/product"}],"replies":[{"embeddable":true,"href":"https:\/\/donaulife-new.ogrisdigital.at\/en\/wp-json\/wp\/v2\/comments?post=52596"}],"wp:featuredmedia":[{"embeddable":true,"href":"https:\/\/donaulife-new.ogrisdigital.at\/en\/wp-json\/wp\/v2\/media\/29574"}],"wp:attachment":[{"href":"https:\/\/donaulife-new.ogrisdigital.at\/en\/wp-json\/wp\/v2\/media?parent=52596"}],"wp:term":[{"taxonomy":"product_cat","embeddable":true,"href":"https:\/\/donaulife-new.ogrisdigital.at\/en\/wp-json\/wp\/v2\/product_cat?post=52596"},{"taxonomy":"product_tag","embeddable":true,"href":"https:\/\/donaulife-new.ogrisdigital.at\/en\/wp-json\/wp\/v2\/product_tag?post=52596"}],"curies":[{"name":"wp","href":"https:\/\/api.w.org\/{rel}","templated":true}]}}