{"id":52573,"date":"2021-03-10T09:01:54","date_gmt":"2021-03-10T09:01:54","guid":{"rendered":"https:\/\/donaulife-new.ogrisdigital.at\/produkt\/grannys-weed-papers-kingsize-slim-36-blatt-tips\/"},"modified":"2024-07-01T00:47:11","modified_gmt":"2024-07-01T00:47:11","slug":"grannys-weed-papers-kingsize-slim-36-blatt-tips","status":"publish","type":"product","link":"https:\/\/donaulife-new.ogrisdigital.at\/en\/grannys-weed-papers-kingsize-slim-36-blatt-tips\/","title":{"rendered":"GRANNY\u00b4S WEED KSS Papers | 36 Blatt + Tips"},"content":{"rendered":"<h2>Granny\u00b4s Weed Kingsize Slim Papers + Tips<\/h2>\n<p><span class=\"a-list-item\">\u2705 QUALIT\u00c4T: Unsere Produkte werden mit gro\u00dfm\u00fctterlicher F\u00fcrsorge hergestellt und verpackt. Aufgrund von Kundenfeedback haben wir die Long Papers neu aufgelegt. Somit k\u00f6nnen wir euch noch einen besseres Raucherlebnis anbieten. Besonderen Wert wurde auf die Nutzung von organischem Hanf gelegt und einen super klebenden Klebestreifen aus Natural Arabic GUM.<\/span><\/p>\n<p><span class=\"a-list-item\">\u26aa\ufe0f DESIGN: Das einzigartige Aussehen der Drehpapiere verdanken wir dem hochwertigen Hanfpapier und pr\u00e4zisen Verarbeitung. Dabei ist das nat\u00fcrliche Zigarettenpapier fast durchsichtig und l\u00e4sst die eingerollten Rohstoffe als Star darstehen- dezent und stylisch zugleich!<\/span><\/p>\n<p><span class=\"a-list-item\">  NUTZBARKEIT: Die Long Papers und die Tips liegen gut in der Hand, lassen sich einfach verarbeiten und optimal auf links sowohl rechts eindrehen. Auch \u00fcberzeugen diese Papers dank ihrer organische Beschaffenheit durch sehr gutes und gleichm\u00e4\u00dfiges Brennverhalten.<\/span><\/p>\n<p><span class=\"a-list-item\">  NACHHALTIGKEIT: Bei der Herstellung wurde auf die Verwendung von organic hemp geachtet. Auch wurden die Papes CO\u2082 neutral produziert und transportiert. Au\u00dferdem unterst\u00fctzt du den DHV auf dem Weg zur Legalisierung!<\/span><\/p>\n<p><span class=\"a-list-item\">  LIEFERUMFANG: Blattgr\u00f6\u00dfe von 108 mm x 45 mm. Pro Packung sind 36 Bl\u00e4ttchen plus Deckblatt &amp; 36 Tips aus Baumwolle enthalten. Perfekt f\u00fcr die holl\u00e4ndische Drehweise und jeden erfahrenen Konsumenten, welcher nur wenig Papier rauchen m\u00f6chte.<\/span><\/p>\n<p>Blattgr\u00f6\u00dfe: 108 mm x 45 mm (Kingsize Slim)<\/p>\n<h3>\u00dcber GRANNY\u00b4s WEED:<\/h3>\n<p>Moin, wir sind Constantin und Pablo von GRANNY\u2019S WEED! Wir haben dieses Start-Up gegr\u00fcndet, weil wir mit unserer Marke die Entkriminalisierung von Hanf in Deutschland f\u00f6rdern und auf den medizinischen Nutzen aufmerksam machen wollen.<\/p>\n<p>Auch wenn wir bisher nur ein Start-Up sind, m\u00f6chten wir etwas Gutes tun. Wir werden langfristig 5% unseres Gewinns an Organisationen, die sich f\u00fcr die Legalisierung von Hanf in Europa einsetzen, spenden. Auch Organisationen, welche dessen medizinischen Nutzen f\u00f6rdern und vorantreiben, gilt es zu unterst\u00fctzen.<\/p>\n<p>Unsere Produkte werden mit gro\u00dfm\u00fctterlicher F\u00fcrsorge hergestellt und verpackt. Wir arbeiten stets an neuen Produktideen, um euch den positiven Gebrauch und Nutzen von Hanf n\u00e4her zu bringen. Hanf geh\u00f6rt zu den nachhaltigsten Pflanzen, die unsere Erde zu bieten hat.<\/p>\n<p>Wir von GRANNY\u2019S WEED m\u00f6chten euch immer auf dem Laufenden halten. Schaut gerne \u00f6fters hier vorbei oder folgt uns auf Instagram um nichts zu verpassen! Bei Fragen und Anregungen kontaktiert uns gerne!<\/p>\n<p>Stay tuned and enjoy life!<\/p>\n<p>&nbsp;<\/p>\n","protected":false},"excerpt":{"rendered":"<p>Granny\u00b4s Weed Kingsize Slim Papers + Tips \u2705 QUALIT\u00c4T: Unsere Produkte werden mit gro\u00dfm\u00fctterlicher F\u00fcrsorge hergestellt und verpackt. Aufgrund von<\/p>\n","protected":false},"featured_media":46360,"comment_status":"open","ping_status":"open","template":"","meta":{"_acf_changed":false},"product_cat":[2489,3238,2451,2453,2452],"product_tag":[3239],"acf":[],"_links":{"self":[{"href":"https:\/\/donaulife-new.ogrisdigital.at\/en\/wp-json\/wp\/v2\/product\/52573"}],"collection":[{"href":"https:\/\/donaulife-new.ogrisdigital.at\/en\/wp-json\/wp\/v2\/product"}],"about":[{"href":"https:\/\/donaulife-new.ogrisdigital.at\/en\/wp-json\/wp\/v2\/types\/product"}],"replies":[{"embeddable":true,"href":"https:\/\/donaulife-new.ogrisdigital.at\/en\/wp-json\/wp\/v2\/comments?post=52573"}],"wp:featuredmedia":[{"embeddable":true,"href":"https:\/\/donaulife-new.ogrisdigital.at\/en\/wp-json\/wp\/v2\/media\/46360"}],"wp:attachment":[{"href":"https:\/\/donaulife-new.ogrisdigital.at\/en\/wp-json\/wp\/v2\/media?parent=52573"}],"wp:term":[{"taxonomy":"product_cat","embeddable":true,"href":"https:\/\/donaulife-new.ogrisdigital.at\/en\/wp-json\/wp\/v2\/product_cat?post=52573"},{"taxonomy":"product_tag","embeddable":true,"href":"https:\/\/donaulife-new.ogrisdigital.at\/en\/wp-json\/wp\/v2\/product_tag?post=52573"}],"curies":[{"name":"wp","href":"https:\/\/api.w.org\/{rel}","templated":true}]}}