{"id":52537,"date":"2021-03-08T10:40:50","date_gmt":"2021-03-08T10:40:50","guid":{"rendered":"https:\/\/donaulife-new.ogrisdigital.at\/produkt\/raw-multi-joint-holder-2-3-oder-5\/"},"modified":"2024-07-01T00:46:45","modified_gmt":"2024-07-01T00:46:45","slug":"raw-multi-joint-holder-2-3-oder-5","status":"publish","type":"product","link":"https:\/\/donaulife-new.ogrisdigital.at\/en\/raw-multi-joint-holder-2-3-oder-5\/","title":{"rendered":"RAW Multi-Joint Holder | 2, 3 oder 5"},"content":{"rendered":"<h2>RAW Multi-Joint Halter<\/h2>\n<p>Der RAW Multi-Joint Holder ist einfach perfekt wenn dir ein D\u00fcbel nicht reicht. Einfach 2, 3 oder doch gleich 5 Jay\u00b4s anstecken und los smoken \ud83d\ude42<\/p>\n<p>Die Multi-Joint Halter sind in 3 verschiedenen Gr\u00f6\u00dfen erh\u00e4ltlich:<\/p>\n<p>RAW-Double Barrel f\u00fcr 2 Joints.<\/p>\n<p>RAW-Trident f\u00fcr 3 Joints.<\/p>\n<p>RAW-Level Five f\u00fcr 5 Joints.<\/p>\n<h3>\u00dcber RAW:<\/h3>\n<p>RAW \u2013 Die nat\u00fcrliche Art zu rollen.<br \/>\nSeit dem 1. Tag hat RAW den Auftrag, die F\u00fchrungsrolle in der Papierrollenindustrie zu \u00fcbernehmen. RAW hat die Welt des Rauchens revolutioniert, indem sie Produkte geschaffen hat, die von Natur aus genial gestaltet sind, um das Raucherlebnis zu verbessern.<br \/>\nRAW stellt nur qualitativ hochwertige und umweltfreundliche Produkte her, die Ihr Raucherlebnis verbessern, und wir werden das wof\u00fcr wir stehen niemals \u00e4ndern. Wir genie\u00dfen es, unser unraffiniertes Papier jeden Tag zu rauchen, und wir werden es immer komplett rein also \u201cRAW\u201d belassen \u2013 f\u00fcr dich und uns!<\/p>\n<p>&nbsp;<\/p>\n","protected":false},"excerpt":{"rendered":"<p>RAW Multi-Joint Halter Der RAW Multi-Joint Holder ist einfach perfekt wenn dir ein D\u00fcbel nicht reicht. Einfach 2, 3 oder<\/p>\n","protected":false},"featured_media":29259,"comment_status":"open","ping_status":"open","template":"","meta":{"_acf_changed":false},"product_cat":[2489,2499,2500,2566,2451,2490],"product_tag":[2493],"acf":[],"_links":{"self":[{"href":"https:\/\/donaulife-new.ogrisdigital.at\/en\/wp-json\/wp\/v2\/product\/52537"}],"collection":[{"href":"https:\/\/donaulife-new.ogrisdigital.at\/en\/wp-json\/wp\/v2\/product"}],"about":[{"href":"https:\/\/donaulife-new.ogrisdigital.at\/en\/wp-json\/wp\/v2\/types\/product"}],"replies":[{"embeddable":true,"href":"https:\/\/donaulife-new.ogrisdigital.at\/en\/wp-json\/wp\/v2\/comments?post=52537"}],"wp:featuredmedia":[{"embeddable":true,"href":"https:\/\/donaulife-new.ogrisdigital.at\/en\/wp-json\/wp\/v2\/media\/29259"}],"wp:attachment":[{"href":"https:\/\/donaulife-new.ogrisdigital.at\/en\/wp-json\/wp\/v2\/media?parent=52537"}],"wp:term":[{"taxonomy":"product_cat","embeddable":true,"href":"https:\/\/donaulife-new.ogrisdigital.at\/en\/wp-json\/wp\/v2\/product_cat?post=52537"},{"taxonomy":"product_tag","embeddable":true,"href":"https:\/\/donaulife-new.ogrisdigital.at\/en\/wp-json\/wp\/v2\/product_tag?post=52537"}],"curies":[{"name":"wp","href":"https:\/\/api.w.org\/{rel}","templated":true}]}}