{"id":52503,"date":"2021-03-03T10:21:52","date_gmt":"2021-03-03T10:21:52","guid":{"rendered":"https:\/\/donaulife-new.ogrisdigital.at\/produkt\/insomnia-diffusorchillum-versch-groessen-188188-mm\/"},"modified":"2024-07-01T00:46:24","modified_gmt":"2024-07-01T00:46:24","slug":"insomnia-diffusorchillum-versch-groessen-188188-mm","status":"publish","type":"product","link":"https:\/\/donaulife-new.ogrisdigital.at\/en\/insomnia-diffusorchillum-versch-groessen-188188-mm\/","title":{"rendered":"INSOMNIA Diffusorchillum versch. Gr\u00f6\u00dfen | 18,8>18,8 mm"},"content":{"rendered":"<h2>Insomnia Diffusorchillum mit 18,8 mm<\/h2>\n<p>Dieses Chillum von INSOMNIA ist in den Gr\u00f6\u00dfen 10\/12\/14\/17 und 19cm verf\u00fcgbar. Es \u00fcbersetzt den Schliff von 18,8 auf 18,8 mm und zerstreut den Rauch mit Diffusorl\u00f6chern.<\/p>\n<h3>\u00dcber Insomnia:<\/h3>\n<p>Schalflos? Bestimmt nicht mit den Modellen von Insomnia. Die Glaswaren des Herstellers kommen mit coolen Sandgestrahlten Designs daher, mit oder ohne Eisfach aber garantiert immer g\u00fcnstig und zuverl\u00e4ssig.<\/p>\n","protected":false},"excerpt":{"rendered":"<p>Insomnia Diffusorchillum mit 18,8 mm Dieses Chillum von INSOMNIA ist in den Gr\u00f6\u00dfen 10\/12\/14\/17 und 19cm verf\u00fcgbar. Es \u00fcbersetzt den<\/p>\n","protected":false},"featured_media":29117,"comment_status":"open","ping_status":"open","template":"","meta":{"_acf_changed":false},"product_cat":[2532,2459,2467,2530,2463,2460],"product_tag":[2474,2466],"acf":[],"_links":{"self":[{"href":"https:\/\/donaulife-new.ogrisdigital.at\/en\/wp-json\/wp\/v2\/product\/52503"}],"collection":[{"href":"https:\/\/donaulife-new.ogrisdigital.at\/en\/wp-json\/wp\/v2\/product"}],"about":[{"href":"https:\/\/donaulife-new.ogrisdigital.at\/en\/wp-json\/wp\/v2\/types\/product"}],"replies":[{"embeddable":true,"href":"https:\/\/donaulife-new.ogrisdigital.at\/en\/wp-json\/wp\/v2\/comments?post=52503"}],"wp:featuredmedia":[{"embeddable":true,"href":"https:\/\/donaulife-new.ogrisdigital.at\/en\/wp-json\/wp\/v2\/media\/29117"}],"wp:attachment":[{"href":"https:\/\/donaulife-new.ogrisdigital.at\/en\/wp-json\/wp\/v2\/media?parent=52503"}],"wp:term":[{"taxonomy":"product_cat","embeddable":true,"href":"https:\/\/donaulife-new.ogrisdigital.at\/en\/wp-json\/wp\/v2\/product_cat?post=52503"},{"taxonomy":"product_tag","embeddable":true,"href":"https:\/\/donaulife-new.ogrisdigital.at\/en\/wp-json\/wp\/v2\/product_tag?post=52503"}],"curies":[{"name":"wp","href":"https:\/\/api.w.org\/{rel}","templated":true}]}}