{"id":52465,"date":"2021-02-24T00:59:35","date_gmt":"2021-02-24T00:59:35","guid":{"rendered":"https:\/\/donaulife-new.ogrisdigital.at\/produkt\/black-leaf-flutschkopf-das-rote-auge-145-mm\/"},"modified":"2024-07-01T00:45:58","modified_gmt":"2024-07-01T00:45:58","slug":"black-leaf-flutschkopf-das-rote-auge-145-mm","status":"publish","type":"product","link":"https:\/\/donaulife-new.ogrisdigital.at\/en\/black-leaf-flutschkopf-das-rote-auge-145-mm\/","title":{"rendered":"BLACK LEAF Flutschkopf &#8216;Das rote Auge&#8217; | 14,5\/18,8 mm"},"content":{"rendered":"<h2>Black Leaf Flutschkopf mit 14,5 mm oder 18,8 mm Schliff<\/h2>\n<p>Dieses H\u00fctchen kommt mit einem 14,5 mm Schliff f\u00fcr kleinere Bongs. Konisch als Flutschkopf gebaut und mit Rollstop ausger\u00fcstet.<\/p>\n<h3>\u00dcber Black Leaf:<\/h3>\n<p>In Weed We Trust ? Smoking\u00a0<em>Paraphernalia<\/em> seit 1988: Bongs, Pfeifen, Vaporizer, Grinder, Dabbing Zubeh\u00f6r, Paper &amp; Filter, Lifestyle Produkte. Es gibt viele Innovative Produkte der Marke die auch die ein oder andere Weltneuheit erschaffen haben. Im Shop bieten wir von allen Produkten die beste Auswahl.<\/p>\n","protected":false},"excerpt":{"rendered":"<p>Black Leaf Flutschkopf mit 14,5 mm oder 18,8 mm Schliff Dieses H\u00fctchen kommt mit einem 14,5 mm Schliff f\u00fcr kleinere<\/p>\n","protected":false},"featured_media":28889,"comment_status":"open","ping_status":"closed","template":"","meta":{"_acf_changed":false},"product_cat":[2473,2462,2459,2461,2460],"product_tag":[2521],"acf":[],"_links":{"self":[{"href":"https:\/\/donaulife-new.ogrisdigital.at\/en\/wp-json\/wp\/v2\/product\/52465"}],"collection":[{"href":"https:\/\/donaulife-new.ogrisdigital.at\/en\/wp-json\/wp\/v2\/product"}],"about":[{"href":"https:\/\/donaulife-new.ogrisdigital.at\/en\/wp-json\/wp\/v2\/types\/product"}],"replies":[{"embeddable":true,"href":"https:\/\/donaulife-new.ogrisdigital.at\/en\/wp-json\/wp\/v2\/comments?post=52465"}],"wp:featuredmedia":[{"embeddable":true,"href":"https:\/\/donaulife-new.ogrisdigital.at\/en\/wp-json\/wp\/v2\/media\/28889"}],"wp:attachment":[{"href":"https:\/\/donaulife-new.ogrisdigital.at\/en\/wp-json\/wp\/v2\/media?parent=52465"}],"wp:term":[{"taxonomy":"product_cat","embeddable":true,"href":"https:\/\/donaulife-new.ogrisdigital.at\/en\/wp-json\/wp\/v2\/product_cat?post=52465"},{"taxonomy":"product_tag","embeddable":true,"href":"https:\/\/donaulife-new.ogrisdigital.at\/en\/wp-json\/wp\/v2\/product_tag?post=52465"}],"curies":[{"name":"wp","href":"https:\/\/api.w.org\/{rel}","templated":true}]}}