{"id":52415,"date":"2021-02-03T10:29:21","date_gmt":"2021-02-03T10:29:21","guid":{"rendered":"https:\/\/donaulife-new.ogrisdigital.at\/produkt\/insomnia-glasbong-gold-edition-blue-light-50-cm\/"},"modified":"2025-01-15T07:12:10","modified_gmt":"2025-01-15T07:12:10","slug":"insomnia-glasbong-gold-edition-blue-light-50-cm","status":"publish","type":"product","link":"https:\/\/donaulife-new.ogrisdigital.at\/en\/insomnia-glasbong-gold-edition-blue-light-50-cm\/","title":{"rendered":"INSOMNIA Eisbong Gold Edition &#8216;Blue Light&#8217; | 50 cm"},"content":{"rendered":"<h2>Insomnia Eisbong Gold Edition mit 50 cm<\/h2>\n<p>Die Glasbong &#8216;Good Night&#8217; von Insomnia besitzt wundersch\u00f6ne bunte Akzente, einen f\u00e4rbigen Insomnia Aufdruck und ein handgemachtes Mundst\u00fcck. Als Besonderheit bietet diese Glasbong Noppen f\u00fcr besseren halt in der Hand sowie Eiszacken zum bef\u00fcllen mit Eisw\u00fcrfeln. Zus\u00e4tzlich ist die Bong mit einem dazu passenden H\u00fctchen mit Roll-Stop ausgestattet. Ein Kickloch ist ebenso vorhanden.<\/p>\n<h3>\u00dcber Insomnia:<\/h3>\n<p>Schalflos? Bestimmt nicht mit den Modellen von Insomnia. Die Glaswaren des Herstellers kommen mit coolen Sandgestrahlten Designs daher, mit oder ohne Eisfach aber garantiert immer g\u00fcnstig und zuverl\u00e4ssig.<\/p>\n","protected":false},"excerpt":{"rendered":"<p>Insomnia Eisbong Gold Edition mit 50 cm Die Glasbong &#8216;Good Night&#8217; von Insomnia besitzt wundersch\u00f6ne bunte Akzente, einen f\u00e4rbigen Insomnia<\/p>\n","protected":false},"featured_media":28569,"comment_status":"open","ping_status":"open","template":"","meta":{"_acf_changed":false},"product_cat":[2514,2459,2510,2467,2523,2515,2506,2463],"product_tag":[2474,2466],"acf":[],"_links":{"self":[{"href":"https:\/\/donaulife-new.ogrisdigital.at\/en\/wp-json\/wp\/v2\/product\/52415"}],"collection":[{"href":"https:\/\/donaulife-new.ogrisdigital.at\/en\/wp-json\/wp\/v2\/product"}],"about":[{"href":"https:\/\/donaulife-new.ogrisdigital.at\/en\/wp-json\/wp\/v2\/types\/product"}],"replies":[{"embeddable":true,"href":"https:\/\/donaulife-new.ogrisdigital.at\/en\/wp-json\/wp\/v2\/comments?post=52415"}],"wp:featuredmedia":[{"embeddable":true,"href":"https:\/\/donaulife-new.ogrisdigital.at\/en\/wp-json\/wp\/v2\/media\/28569"}],"wp:attachment":[{"href":"https:\/\/donaulife-new.ogrisdigital.at\/en\/wp-json\/wp\/v2\/media?parent=52415"}],"wp:term":[{"taxonomy":"product_cat","embeddable":true,"href":"https:\/\/donaulife-new.ogrisdigital.at\/en\/wp-json\/wp\/v2\/product_cat?post=52415"},{"taxonomy":"product_tag","embeddable":true,"href":"https:\/\/donaulife-new.ogrisdigital.at\/en\/wp-json\/wp\/v2\/product_tag?post=52415"}],"curies":[{"name":"wp","href":"https:\/\/api.w.org\/{rel}","templated":true}]}}