{"id":52357,"date":"2021-01-11T11:56:14","date_gmt":"2021-01-11T11:56:14","guid":{"rendered":"https:\/\/donaulife-new.ogrisdigital.at\/produkt\/black-leaf-edelstahl-grinder-steely-dan-o-38-mm\/"},"modified":"2024-07-01T00:44:52","modified_gmt":"2024-07-01T00:44:52","slug":"black-leaf-edelstahl-grinder-steely-dan-o-38-mm","status":"publish","type":"product","link":"https:\/\/donaulife-new.ogrisdigital.at\/en\/black-leaf-edelstahl-grinder-steely-dan-o-38-mm\/","title":{"rendered":"BLACK LEAF Edelstahl Grinder &#8216;Steely Dan&#8217; | \u00d8 38-59 mm"},"content":{"rendered":"<div>Der schwere Grinder aus hochwertigstem, nat\u00fcrlich rostfreiem Edelstahl hat eine lebenslange Garantie, denn er ist praktisch unzerst\u00f6rbar. Ein weiterer Pluspunkt ist die einfache Reinigung, da man Edelstahlgrinder sogar in der Sp\u00fclmaschine reinigen kann.<\/div>\n<div><\/div>\n<div>Die harten, scharfen Mahlz\u00e4hne im Diamantschliff zerkleinern Kr\u00e4uter und auch festeres Pflanzenmaterial im Handumdrehen &#8211; im wahrsten Sinne des Wortes! Die magnetische Halterung h\u00e4lt das Mahlwerk der M\u00fchle fest zusammen, ein Gleitring aus Nylon erleichtert das Hin- und Herdrehen und sorgt f\u00fcr gute Laufruhe.<\/div>\n<div><\/div>\n<div>Bei diesem vierteiligen Grinder werden die Sieb- und die Bodenkammer, wo sich wertvoller Kr\u00e4uterstaub ansammelt, per Drehverschluss dicht und sicher verschlossen. Der beiliegende kleine Spachtel hilft bei der Entleerung des Budbreakers und beim Sammeln des Pollenstaubes. Der \u2018Steely Dan\u2018 ist in einer runden Schatulle mit Rei\u00dfverschluss und dem \u2018Black Leaf\u2018-Wappen auf der Deckelinnenseite verpackt.<\/div>\n<div><\/div>\n<div>Achtung: Lebenslange Garantie gilt nicht f\u00fcr Sieb und Gleitring. Sieb nicht mit verrosteten Teilen in Ber\u00fchrung bringen. Nicht in scharfen Reinigungsmitteln oder Alkohol \u00fcber einen l\u00e4ngeren Zeitraum stehen lassen.<\/div>\n","protected":false},"excerpt":{"rendered":"<p>Der schwere Grinder aus hochwertigstem, nat\u00fcrlich rostfreiem Edelstahl hat eine lebenslange Garantie, denn er ist praktisch unzerst\u00f6rbar. Ein weiterer Pluspunkt<\/p>\n","protected":false},"featured_media":28313,"comment_status":"open","ping_status":"open","template":"","meta":{"_acf_changed":false},"product_cat":[2481,3188,2480,2451,2483],"product_tag":[2521],"acf":[],"_links":{"self":[{"href":"https:\/\/donaulife-new.ogrisdigital.at\/en\/wp-json\/wp\/v2\/product\/52357"}],"collection":[{"href":"https:\/\/donaulife-new.ogrisdigital.at\/en\/wp-json\/wp\/v2\/product"}],"about":[{"href":"https:\/\/donaulife-new.ogrisdigital.at\/en\/wp-json\/wp\/v2\/types\/product"}],"replies":[{"embeddable":true,"href":"https:\/\/donaulife-new.ogrisdigital.at\/en\/wp-json\/wp\/v2\/comments?post=52357"}],"wp:featuredmedia":[{"embeddable":true,"href":"https:\/\/donaulife-new.ogrisdigital.at\/en\/wp-json\/wp\/v2\/media\/28313"}],"wp:attachment":[{"href":"https:\/\/donaulife-new.ogrisdigital.at\/en\/wp-json\/wp\/v2\/media?parent=52357"}],"wp:term":[{"taxonomy":"product_cat","embeddable":true,"href":"https:\/\/donaulife-new.ogrisdigital.at\/en\/wp-json\/wp\/v2\/product_cat?post=52357"},{"taxonomy":"product_tag","embeddable":true,"href":"https:\/\/donaulife-new.ogrisdigital.at\/en\/wp-json\/wp\/v2\/product_tag?post=52357"}],"curies":[{"name":"wp","href":"https:\/\/api.w.org\/{rel}","templated":true}]}}