{"id":52346,"date":"2021-01-05T08:51:44","date_gmt":"2021-01-05T08:51:44","guid":{"rendered":"https:\/\/donaulife-new.ogrisdigital.at\/produkt\/smokingblocks-bauunterlage-eichenholz\/"},"modified":"2024-07-01T00:44:43","modified_gmt":"2024-07-01T00:44:43","slug":"smokingblocks-bauunterlage-eichenholz","status":"publish","type":"product","link":"https:\/\/donaulife-new.ogrisdigital.at\/en\/smokingblocks-bauunterlage-eichenholz\/","title":{"rendered":"SMOKINGBLOCKS Bauunterlage | Eichenholz"},"content":{"rendered":"<h2>SMOKING BLOCKS Bauunterlage aus Eichenholz<\/h2>\n<p>Durch sein kompaktes Design bietet der SmokingBlock eine handliche, unkomplizierte Bauunterlage mit verschiedenen Funktionen. Er eignet sich nicht nur als praktisches Tool f\u00fcr unterwegs, sondern auch f\u00fcr den Gebrauch zuhause. Mit ausreichend Stauraum f\u00fcr Pape-Packungen sowie mehrere Aktivkohle-Filter \/ pre-rolled Tips passt der SmokingBlock immer noch in jede Bauch- oder Jackentasche. Zus\u00e4tzlich kommt jeder Block mit mehreren Stopfern aus Holz, die ebenfalls leicht verstaut werden k\u00f6nnen. Der Stopfer ist nicht nur ein Muss f\u00fcr den Feinschliff in jedem Bauvorgang, sondern macht jeden in Verbindung mit der Pape-Kerbe zum Bau-Experten.<\/p>\n<p><img fetchpriority=\"high\" decoding=\"async\" class=\"alignnone size-medium wp-image-28204\" src=\"https:\/\/www.donaulife.com\/wp-content\/uploads\/2021\/01\/Blocksammlung-3-1-225x300.jpg\" alt=\"\" width=\"225\" height=\"300\" \/><\/p>\n<h3>\u00dcber Smokingblocks:<\/h3>\n<div>Wir von SmokingBlocks haben uns als Ziel gesetzt eine Bauunterlage zu entwerfen, die sich komplett von herk\u00f6mmlichen Hilfsmitteln eines Kr\u00e4uter-Liebhabers unterscheidet. Der f\u00fcr uns wichtigste Punkt war hierbei, ausschlie\u00dflich nat\u00fcrliche Rohstoffe zu verwenden. Der SmokingBlock wird in Deutschland hergestellt und verarbeitet und besteht aus unbehandeltem Holz. Wir verzichten g\u00e4nzlich auf unn\u00f6tige Lackierungen, Pulverbeschichtungen und Kunststoffe.<\/div>\n","protected":false},"excerpt":{"rendered":"<p>SMOKING BLOCKS Bauunterlage aus Eichenholz Durch sein kompaktes Design bietet der SmokingBlock eine handliche, unkomplizierte Bauunterlage mit verschiedenen Funktionen. Er<\/p>\n","protected":false},"featured_media":28232,"comment_status":"open","ping_status":"closed","template":"","meta":{"_acf_changed":false},"product_cat":[2607,2975,2451,2678,2793],"product_tag":[],"acf":[],"_links":{"self":[{"href":"https:\/\/donaulife-new.ogrisdigital.at\/en\/wp-json\/wp\/v2\/product\/52346"}],"collection":[{"href":"https:\/\/donaulife-new.ogrisdigital.at\/en\/wp-json\/wp\/v2\/product"}],"about":[{"href":"https:\/\/donaulife-new.ogrisdigital.at\/en\/wp-json\/wp\/v2\/types\/product"}],"replies":[{"embeddable":true,"href":"https:\/\/donaulife-new.ogrisdigital.at\/en\/wp-json\/wp\/v2\/comments?post=52346"}],"wp:featuredmedia":[{"embeddable":true,"href":"https:\/\/donaulife-new.ogrisdigital.at\/en\/wp-json\/wp\/v2\/media\/28232"}],"wp:attachment":[{"href":"https:\/\/donaulife-new.ogrisdigital.at\/en\/wp-json\/wp\/v2\/media?parent=52346"}],"wp:term":[{"taxonomy":"product_cat","embeddable":true,"href":"https:\/\/donaulife-new.ogrisdigital.at\/en\/wp-json\/wp\/v2\/product_cat?post=52346"},{"taxonomy":"product_tag","embeddable":true,"href":"https:\/\/donaulife-new.ogrisdigital.at\/en\/wp-json\/wp\/v2\/product_tag?post=52346"}],"curies":[{"name":"wp","href":"https:\/\/api.w.org\/{rel}","templated":true}]}}