{"id":52138,"date":"2020-06-22T11:47:19","date_gmt":"2020-06-22T11:47:19","guid":{"rendered":"https:\/\/donaulife-new.ogrisdigital.at\/produkt\/dab-nagel-titan-high-tense-universalgroesse-m-w-blau\/"},"modified":"2024-07-01T00:42:27","modified_gmt":"2024-07-01T00:42:27","slug":"dab-nagel-titan-high-tense-universalgroesse-m-w-blau","status":"publish","type":"product","link":"https:\/\/donaulife-new.ogrisdigital.at\/en\/dab-nagel-titan-high-tense-universalgroesse-m-w-blau\/","title":{"rendered":"Dab Nail Titan &#8216;high tense&#8217; | Universalgr\u00f6\u00dfe m\/w"},"content":{"rendered":"<h2>Dab Nagel Titan high tense Universalgr\u00f6\u00dfe<\/h2>\n<p>Dieser Nagel ist aus Titan gefertigt und garantiert somit absolute Widerstandsf\u00e4higkeit auch hohen Temperaturen. Au\u00dferdem wurde er f\u00fcr mehr Farbvielfalt verschiedene Farben verwendet.<\/p>\n<p><em>Achtung:<br \/>\nDer \u00d6l-Nagel darf nur an der Spitze erhitzt werden, da sonst die Gefahr besteht, dass der Schliff wegen Ausdehnung des Nagels bricht.<\/em><\/p>\n","protected":false},"excerpt":{"rendered":"<p>Dab Nagel Titan high tense Universalgr\u00f6\u00dfe Dieser Nagel ist aus Titan gefertigt und garantiert somit absolute Widerstandsf\u00e4higkeit auch hohen Temperaturen.<\/p>\n","protected":false},"featured_media":27117,"comment_status":"open","ping_status":"open","template":"","meta":{"_acf_changed":false},"product_cat":[2459,2552,2549,2553,2460],"product_tag":[],"acf":[],"_links":{"self":[{"href":"https:\/\/donaulife-new.ogrisdigital.at\/en\/wp-json\/wp\/v2\/product\/52138"}],"collection":[{"href":"https:\/\/donaulife-new.ogrisdigital.at\/en\/wp-json\/wp\/v2\/product"}],"about":[{"href":"https:\/\/donaulife-new.ogrisdigital.at\/en\/wp-json\/wp\/v2\/types\/product"}],"replies":[{"embeddable":true,"href":"https:\/\/donaulife-new.ogrisdigital.at\/en\/wp-json\/wp\/v2\/comments?post=52138"}],"wp:featuredmedia":[{"embeddable":true,"href":"https:\/\/donaulife-new.ogrisdigital.at\/en\/wp-json\/wp\/v2\/media\/27117"}],"wp:attachment":[{"href":"https:\/\/donaulife-new.ogrisdigital.at\/en\/wp-json\/wp\/v2\/media?parent=52138"}],"wp:term":[{"taxonomy":"product_cat","embeddable":true,"href":"https:\/\/donaulife-new.ogrisdigital.at\/en\/wp-json\/wp\/v2\/product_cat?post=52138"},{"taxonomy":"product_tag","embeddable":true,"href":"https:\/\/donaulife-new.ogrisdigital.at\/en\/wp-json\/wp\/v2\/product_tag?post=52138"}],"curies":[{"name":"wp","href":"https:\/\/api.w.org\/{rel}","templated":true}]}}