{"id":52137,"date":"2020-06-22T09:52:14","date_gmt":"2020-06-22T09:52:14","guid":{"rendered":"https:\/\/donaulife-new.ogrisdigital.at\/produkt\/metalforms-chirurgischer-edelstahl-bongkopf-de-3-gold-188-mm\/"},"modified":"2024-07-01T00:42:27","modified_gmt":"2024-07-01T00:42:27","slug":"metalforms-chirurgischer-edelstahl-bongkopf-de-3-gold-188-mm","status":"publish","type":"product","link":"https:\/\/donaulife-new.ogrisdigital.at\/en\/metalforms-chirurgischer-edelstahl-bongkopf-de-3-gold-188-mm\/","title":{"rendered":"METALFORMS Chirurgischer Edelstahl Bongkopf DE-3 Gold | 18,8 mm"},"content":{"rendered":"<p>Du bist es auch Leid dein feines neues Bong K\u00f6pfchen zum 10ten mal zu schrotten? Das dachten sich die Jungs von Metalforms auch und haben DEN letzten Kopf den du je brauchen wirst produziert!<\/p>\n<p>Das junge Team aus Wien fertigt die Bowl\u00b4s in Deutschland &amp; \u00d6sterreich und benutzt dazu nur hochwertigste Materialien.<\/p>\n<p>Die letzte Variante der Wiener trumpft mit\u00a0Chirurgischem Edelstahl und einem high polish design auf. Sehr viel reiner kann man Bl\u00fcten wohl nirgends rauchen als mit diesen Accessoire.<\/p>\n<h1>\u00dcber Metalforms:<\/h1>\n<div><strong>WER SIND METALFORMS?<\/strong><\/div>\n<div><\/div>\n<div>METALFORMS Premium-Raucheraccessoires werden vollst\u00e4ndig in \u00d6sterreich und Deutschland hergestellt und wir verwenden nur hochwertigste Materialien, die chemisch zertifiziert sind, um das beste Raucherlebnis aus unseren Schalenst\u00fccken zu garantieren. Alle unsere Fertigungspartner sind nach dem Qualit\u00e4tsmanagement DIN EN ISO 9001 zertifiziert. Dadurch k\u00f6nnen wir jeden Schritt w\u00e4hrend der Produktion \u00fcberwachen, um die Ma\u00dfhaltigkeit und die perfekten Oberfl\u00e4cheneigenschaften unserer hochpr\u00e4zisen CNC-Fertigung sicherzustellen. Langlebigkeit und Unzerbrechlichkeit sind die wichtigsten, aber nicht die einzigen Vorteile unserer Produkte. Aufgrund unserer Konstruktionen und Oberfl\u00e4chenbehandlungsmethoden gew\u00e4hrleisten wir auch eine schnelle Abk\u00fchlung und einfache Reinigung. Unser Eloxalverfahren erh\u00f6ht die Haltbarkeit, verhindert Metallgeschmack und macht die Reinigung zum Kinderspiel.<\/div>\n<div><\/div>\n<div>Feinste Materialien, gepaart mit ausgezeichneter Funktionalit\u00e4t und elegantem Design, machen unsere St\u00fccke einzigartig.<\/div>\n<div><\/div>\n<div><\/div>\n","protected":false},"excerpt":{"rendered":"<p>Du bist es auch Leid dein feines neues Bong K\u00f6pfchen zum 10ten mal zu schrotten? Das dachten sich die Jungs<\/p>\n","protected":false},"featured_media":19132,"comment_status":"open","ping_status":"closed","template":"","meta":{"_acf_changed":false},"product_cat":[2462,2459,2461,2566,2460],"product_tag":[],"acf":[],"_links":{"self":[{"href":"https:\/\/donaulife-new.ogrisdigital.at\/en\/wp-json\/wp\/v2\/product\/52137"}],"collection":[{"href":"https:\/\/donaulife-new.ogrisdigital.at\/en\/wp-json\/wp\/v2\/product"}],"about":[{"href":"https:\/\/donaulife-new.ogrisdigital.at\/en\/wp-json\/wp\/v2\/types\/product"}],"replies":[{"embeddable":true,"href":"https:\/\/donaulife-new.ogrisdigital.at\/en\/wp-json\/wp\/v2\/comments?post=52137"}],"wp:featuredmedia":[{"embeddable":true,"href":"https:\/\/donaulife-new.ogrisdigital.at\/en\/wp-json\/wp\/v2\/media\/19132"}],"wp:attachment":[{"href":"https:\/\/donaulife-new.ogrisdigital.at\/en\/wp-json\/wp\/v2\/media?parent=52137"}],"wp:term":[{"taxonomy":"product_cat","embeddable":true,"href":"https:\/\/donaulife-new.ogrisdigital.at\/en\/wp-json\/wp\/v2\/product_cat?post=52137"},{"taxonomy":"product_tag","embeddable":true,"href":"https:\/\/donaulife-new.ogrisdigital.at\/en\/wp-json\/wp\/v2\/product_tag?post=52137"}],"curies":[{"name":"wp","href":"https:\/\/api.w.org\/{rel}","templated":true}]}}