{"id":51972,"date":"2020-04-24T13:43:24","date_gmt":"2020-04-24T13:43:24","guid":{"rendered":"https:\/\/donaulife-new.ogrisdigital.at\/produkt\/donaulife-aktivkohle-aus-kokos-40g\/"},"modified":"2024-07-01T00:40:19","modified_gmt":"2024-07-01T00:40:19","slug":"donaulife-aktivkohle-aus-kokos-40g","status":"publish","type":"product","link":"https:\/\/donaulife-new.ogrisdigital.at\/en\/donaulife-aktivkohle-aus-kokos-40g\/","title":{"rendered":"DONAULIFE Aktivkohle aus Kokos | 40g"},"content":{"rendered":"<h2>donaulife Aktivkohle loose 40g<\/h2>\n<p>Steigere deinen Rauchgenuss mit Aktivkohle!<\/p>\n<p>Mithilfe von Aktikohle ist es m\u00f6glich einen hohen Anteil der sch\u00e4dlichen Kondensate aus dem Rauch zu filtern. Dabei bleiben die Schadstoffe an der Aktivkohle haften und k\u00f6nnen beim Filterwechsel mit entsorgt werden. Ein angenehmer Nebeneffekt ist, dass der Rauch dadurch angenehm mild zu inhalieren wird, ohne dass die Wirkung zu kurz kommt.<\/p>\n<p>Vorteile von Aktivkohle:<\/p>\n<ul>\n<li>deine Lunge wird weniger belastet<\/li>\n<li>die Pfeife oder Bong bleibt l\u00e4nger sauber<\/li>\n<li>besserer Geschmack<\/li>\n<li>Pur-Rauchen ist mit Aktivkohlefilter einfacher<\/li>\n<\/ul>\n<h3>\u00dcber donaulife:<\/h3>\n<p>Wir sind ein kleines Team smokender Enthusiasten aus \u00d6sterreich, die es sich zum Ziel gesetzt haben den besten europ\u00e4ischen Online Headshop zu kreieren. Dies erreichen wir durch pers\u00f6nlichen Kundenservice, ein reichhaltiges Sortiment, extrem schnellen Versand und hohe Produktqualit\u00e4t. Noch Fragen?<\/p>\n","protected":false},"excerpt":{"rendered":"<p>donaulife Aktivkohle loose 40g Steigere deinen Rauchgenuss mit Aktivkohle! Mithilfe von Aktikohle ist es m\u00f6glich einen hohen Anteil der sch\u00e4dlichen<\/p>\n","protected":false},"featured_media":26255,"comment_status":"open","ping_status":"open","template":"","meta":{"_acf_changed":false},"product_cat":[2785,2652,2459,2499,2451,2917,2460],"product_tag":[3186],"acf":[],"_links":{"self":[{"href":"https:\/\/donaulife-new.ogrisdigital.at\/en\/wp-json\/wp\/v2\/product\/51972"}],"collection":[{"href":"https:\/\/donaulife-new.ogrisdigital.at\/en\/wp-json\/wp\/v2\/product"}],"about":[{"href":"https:\/\/donaulife-new.ogrisdigital.at\/en\/wp-json\/wp\/v2\/types\/product"}],"replies":[{"embeddable":true,"href":"https:\/\/donaulife-new.ogrisdigital.at\/en\/wp-json\/wp\/v2\/comments?post=51972"}],"wp:featuredmedia":[{"embeddable":true,"href":"https:\/\/donaulife-new.ogrisdigital.at\/en\/wp-json\/wp\/v2\/media\/26255"}],"wp:attachment":[{"href":"https:\/\/donaulife-new.ogrisdigital.at\/en\/wp-json\/wp\/v2\/media?parent=51972"}],"wp:term":[{"taxonomy":"product_cat","embeddable":true,"href":"https:\/\/donaulife-new.ogrisdigital.at\/en\/wp-json\/wp\/v2\/product_cat?post=51972"},{"taxonomy":"product_tag","embeddable":true,"href":"https:\/\/donaulife-new.ogrisdigital.at\/en\/wp-json\/wp\/v2\/product_tag?post=51972"}],"curies":[{"name":"wp","href":"https:\/\/api.w.org\/{rel}","templated":true}]}}