{"id":51962,"date":"2020-04-17T17:17:11","date_gmt":"2020-04-17T17:17:11","guid":{"rendered":"https:\/\/donaulife-new.ogrisdigital.at\/produkt\/grace-glass-amsterdam-series-intense-blau-50-cm\/"},"modified":"2025-01-15T07:12:46","modified_gmt":"2025-01-15T07:12:46","slug":"grace-glass-amsterdam-series-intense-blau-50-cm","status":"publish","type":"product","link":"https:\/\/donaulife-new.ogrisdigital.at\/en\/grace-glass-amsterdam-series-intense-blau-50-cm\/","title":{"rendered":"GRACE GLASS Amsterdam Series &#8216;Intense&#8217; blau | 50 cm"},"content":{"rendered":"<h2>Grace Glass Percolator Bong<\/h2>\n<p>Diese Beaker Bong entstammt einer besonders gelungen Amsterdam Serie aus dem Hause Grace Glass. Sie kommt mit in blau getaucht und mit hitzebest\u00e4ndigen Borosilikatglas. Die Bong besitzt einen Spiralpercolator die den Rauch verwirbelt, filtert und somit gleichzeitig k\u00fchlt. Dar\u00fcber hinaus verf\u00fcgt sie \u00fcber ein gro\u00dfz\u00fcgig gestaltetes Eisfach und einen Normschliff von 18,8 mm. Ein Kickloch ist vorhanden. Chillum und Bonkopf k\u00f6nnen entfernt werden was die Reinigung erleichtert.<\/p>\n<h3>\u00dcber Grace Glass:<\/h3>\n<p>Unter dem Namen Grace Glass versteht man ausgefallene Bongdesigns kombiniert mit hochwertiger Verarbeitung. Durch diese Kombination hat sich diese 2010 gegr\u00fcndete niederl\u00e4ndische Marke, innerhalb k\u00fcrzester Zeit, einen Platz bei den ganz Gro\u00dfen der Industrie gesichert. Markenzeichen sind die perfekt gesetzten farbigen Akzente und gut verbauten Percolatoren. Die Marke bietet beides, sowohl individuelle Designs f\u00fcrs Auge als auch hervorragende Rauchleistung f\u00fcr den Benutzer. Neben Bongs findest du auch Chillums und Bongk\u00f6pfe von Grace Glass um deine Bong stylisch zu perfektionieren.<\/p>\n","protected":false},"excerpt":{"rendered":"<p>Grace Glass Percolator Bong Diese Beaker Bong entstammt einer besonders gelungen Amsterdam Serie aus dem Hause Grace Glass. Sie kommt<\/p>\n","protected":false},"featured_media":24645,"comment_status":"open","ping_status":"open","template":"","meta":{"_acf_changed":false},"product_cat":[2514,2459,2613,2523,2635,2577,2506,2463],"product_tag":[],"acf":[],"_links":{"self":[{"href":"https:\/\/donaulife-new.ogrisdigital.at\/en\/wp-json\/wp\/v2\/product\/51962"}],"collection":[{"href":"https:\/\/donaulife-new.ogrisdigital.at\/en\/wp-json\/wp\/v2\/product"}],"about":[{"href":"https:\/\/donaulife-new.ogrisdigital.at\/en\/wp-json\/wp\/v2\/types\/product"}],"replies":[{"embeddable":true,"href":"https:\/\/donaulife-new.ogrisdigital.at\/en\/wp-json\/wp\/v2\/comments?post=51962"}],"wp:featuredmedia":[{"embeddable":true,"href":"https:\/\/donaulife-new.ogrisdigital.at\/en\/wp-json\/wp\/v2\/media\/24645"}],"wp:attachment":[{"href":"https:\/\/donaulife-new.ogrisdigital.at\/en\/wp-json\/wp\/v2\/media?parent=51962"}],"wp:term":[{"taxonomy":"product_cat","embeddable":true,"href":"https:\/\/donaulife-new.ogrisdigital.at\/en\/wp-json\/wp\/v2\/product_cat?post=51962"},{"taxonomy":"product_tag","embeddable":true,"href":"https:\/\/donaulife-new.ogrisdigital.at\/en\/wp-json\/wp\/v2\/product_tag?post=51962"}],"curies":[{"name":"wp","href":"https:\/\/api.w.org\/{rel}","templated":true}]}}