{"id":51877,"date":"2020-04-01T11:15:16","date_gmt":"2020-04-01T11:15:16","guid":{"rendered":"https:\/\/donaulife-new.ogrisdigital.at\/produkt\/g-spot-eisbong-durchhaenger-40-cm\/"},"modified":"2024-07-01T00:39:07","modified_gmt":"2024-07-01T00:39:07","slug":"g-spot-eisbong-durchhaenger-40-cm","status":"publish","type":"product","link":"https:\/\/donaulife-new.ogrisdigital.at\/en\/g-spot-eisbong-durchhaenger-40-cm\/","title":{"rendered":"G-SPOT Eisbong &#8216;Durchh\u00e4nger&#8217; | 40 cm"},"content":{"rendered":"<h2>G-Spot Eisbong mit 40 cm<\/h2>\n<p>G-SPOT legt die Latte f\u00fcr High-End Bongs wieder mal h\u00f6her. Diese Bong wurde auf hochwertigem Borosilikatglas 3.3 nach DIN ISO 3585 gebaut und bei 560\u00b0C spannungsfrei getempert. Das Rohr hat einen 50 mm Durchmesser und ist unten gebogen. Ein Chillum (NS19) mit eingebautem Siebkopf liegt auch bei. Mit dem gro\u00dfen Scheibenfu\u00df hat dieses Prachtst\u00fcck die optimale Standfestigkeit.<\/p>\n<p>Ein Kickloch ist an der Vorderseite vorhanden.<\/p>\n<h3>\u00dcber G-Spot:<\/h3>\n<p>Im Jahr 2000 begann in Wertheim die Gestaltung von Glasbongs unter dem Markennamen G-SPOT\u00ae. Es entstanden neue innovative Modelle die ausschlie\u00dflich aus eigenen kreativen Vorstellungen entstanden sind. Von Rauchern f\u00fcr Raucher\u2026 Mittlerweile sind G-Spot Bongs weltweit bekannt und es werden Headshops in Europa, Kanada USA und Australien beliefert.<\/p>\n","protected":false},"excerpt":{"rendered":"<p>G-Spot Eisbong mit 40 cm G-SPOT legt die Latte f\u00fcr High-End Bongs wieder mal h\u00f6her. Diese Bong wurde auf hochwertigem<\/p>\n","protected":false},"featured_media":25737,"comment_status":"open","ping_status":"open","template":"","meta":{"_acf_changed":false},"product_cat":[2514,2459,3172,2510,2523,2515,2506,2463],"product_tag":[3173],"acf":[],"_links":{"self":[{"href":"https:\/\/donaulife-new.ogrisdigital.at\/en\/wp-json\/wp\/v2\/product\/51877"}],"collection":[{"href":"https:\/\/donaulife-new.ogrisdigital.at\/en\/wp-json\/wp\/v2\/product"}],"about":[{"href":"https:\/\/donaulife-new.ogrisdigital.at\/en\/wp-json\/wp\/v2\/types\/product"}],"replies":[{"embeddable":true,"href":"https:\/\/donaulife-new.ogrisdigital.at\/en\/wp-json\/wp\/v2\/comments?post=51877"}],"wp:featuredmedia":[{"embeddable":true,"href":"https:\/\/donaulife-new.ogrisdigital.at\/en\/wp-json\/wp\/v2\/media\/25737"}],"wp:attachment":[{"href":"https:\/\/donaulife-new.ogrisdigital.at\/en\/wp-json\/wp\/v2\/media?parent=51877"}],"wp:term":[{"taxonomy":"product_cat","embeddable":true,"href":"https:\/\/donaulife-new.ogrisdigital.at\/en\/wp-json\/wp\/v2\/product_cat?post=51877"},{"taxonomy":"product_tag","embeddable":true,"href":"https:\/\/donaulife-new.ogrisdigital.at\/en\/wp-json\/wp\/v2\/product_tag?post=51877"}],"curies":[{"name":"wp","href":"https:\/\/api.w.org\/{rel}","templated":true}]}}