{"id":51826,"date":"2020-03-23T13:29:54","date_gmt":"2020-03-23T13:29:54","guid":{"rendered":"https:\/\/donaulife-new.ogrisdigital.at\/produkt\/marie-aktivkohlefilter-6-mm-34-filter\/"},"modified":"2025-01-15T07:13:04","modified_gmt":"2025-01-15T07:13:04","slug":"marie-aktivkohlefilter-6-mm-34-filter","status":"publish","type":"product","link":"https:\/\/donaulife-new.ogrisdigital.at\/en\/marie-aktivkohlefilter-6-mm-34-filter\/","title":{"rendered":"MARIE Aktivkohlefilter 6 mm | 34 Filter"},"content":{"rendered":"<h2>Marie Aktivkohlefilter 6mm<\/h2>\n<p>Die neuen MARIE Active Filter mit einem Durchmesser von 6 mm sind f\u00fcr alle, die den vollen King-Size-Wuzelgenuss lieben. Denn die lassen nur das durch, was wirklich gut ist. Das nachhaltige Aktivkohle-Granulat aus gereinigter Kokoskohle und die beiden Keramikkappen sorgen f\u00fcr einen idealen Durchzug. Und das aller beste: jeden Filter kann man beidseitig und bis zu drei Mal verwenden. #jessasmarie 420 hoch drei!<\/p>\n<p>Aktiver Filter mit 6mm<br \/>\nNachhaltiges Aktivkohle-Granulat aus gereinigter Kokoskohle. Beidseitig verwendbare Keramikkappen und idealer Durchzug.<\/p>\n<h3>\u00dcber Marie:<\/h3>\n<p>Hinter der Marke MARIE steht ein Unternehmen mit viel Erfahrung und einem gro\u00dfen Netzwerk: CIMA mit Sitz in St. Peter am Wimberg im ober\u00f6sterreichischen M\u00fchlviertel ist seit 1983 nicht nur f\u00fcr die Produktion von Papers der Marke MARIE verantwortlich, sondern auch f\u00fcr die Marken GIZEH und MASCOTTE.<\/p>\n","protected":false},"excerpt":{"rendered":"<p>Marie Aktivkohlefilter 6mm Die neuen MARIE Active Filter mit einem Durchmesser von 6 mm sind f\u00fcr alle, die den vollen<\/p>\n","protected":false},"featured_media":25407,"comment_status":"open","ping_status":"open","template":"","meta":{"_acf_changed":false},"product_cat":[2652,2499,2451],"product_tag":[2628],"acf":[],"_links":{"self":[{"href":"https:\/\/donaulife-new.ogrisdigital.at\/en\/wp-json\/wp\/v2\/product\/51826"}],"collection":[{"href":"https:\/\/donaulife-new.ogrisdigital.at\/en\/wp-json\/wp\/v2\/product"}],"about":[{"href":"https:\/\/donaulife-new.ogrisdigital.at\/en\/wp-json\/wp\/v2\/types\/product"}],"replies":[{"embeddable":true,"href":"https:\/\/donaulife-new.ogrisdigital.at\/en\/wp-json\/wp\/v2\/comments?post=51826"}],"wp:featuredmedia":[{"embeddable":true,"href":"https:\/\/donaulife-new.ogrisdigital.at\/en\/wp-json\/wp\/v2\/media\/25407"}],"wp:attachment":[{"href":"https:\/\/donaulife-new.ogrisdigital.at\/en\/wp-json\/wp\/v2\/media?parent=51826"}],"wp:term":[{"taxonomy":"product_cat","embeddable":true,"href":"https:\/\/donaulife-new.ogrisdigital.at\/en\/wp-json\/wp\/v2\/product_cat?post=51826"},{"taxonomy":"product_tag","embeddable":true,"href":"https:\/\/donaulife-new.ogrisdigital.at\/en\/wp-json\/wp\/v2\/product_tag?post=51826"}],"curies":[{"name":"wp","href":"https:\/\/api.w.org\/{rel}","templated":true}]}}