{"id":51781,"date":"2020-03-17T22:56:11","date_gmt":"2020-03-17T22:56:11","guid":{"rendered":"https:\/\/donaulife-new.ogrisdigital.at\/produkt\/raw-mischschale-triple-flip-bambus\/"},"modified":"2025-01-15T07:13:05","modified_gmt":"2025-01-15T07:13:05","slug":"raw-mischschale-triple-flip-bambus","status":"publish","type":"product","link":"https:\/\/donaulife-new.ogrisdigital.at\/en\/raw-mischschale-triple-flip-bambus\/","title":{"rendered":"RAW Mischschale &#8216;Triple Flip&#8217; | Bambus"},"content":{"rendered":"<h2>RAW Rolling Tray Triple Flip magnetisch<\/h2>\n<p>RAW 3-fach-Flip-Bambus-Rolltablett<\/p>\n<p>Irgendwann beschlossen wir das wahnsinnigste \u00fcbertriebene Roll Tablett herzustellen, das je geschaffen wurde. 14 Monate Design- und Testarbeit f\u00fchrten zur Entwicklung des RAW Triple Flip Bamboo Rolling Tray! Es hat mehr Platz, als du wahrscheinlich jemals benutzen wirst, und 3 Platten, jede mit ihrer eigenen speziellen Funktion. Der Triple Flip kann mit allen 3 Platten verwendet werden oder du kannst jede einzelne Platte abnehmen und sie als Vorbereitungsablage, Rolltablett usw. verwenden. Das Verriegelungsmagnetsystem erlaubt die Anpassung an 8 verschiedene Konfigurationen und enth\u00e4lt einen integrierten Aschenbecher.<\/p>\n<p>Es ist praktisch, wenn du mit Freunden rollst oder wenn Sie an einer einzigartigen RAWling-Kreation arbeitest. Wir hoffen, dass dieses knallharte Tablett dich dazu inspiriert dein RAW Game auf\u00b4s die n\u00e4chste Level zu heben!<\/p>\n<p>Ma\u00dfe: 25 cm x 40 cm<\/p>\n<h3>\u00dcber RAW:<\/h3>\n<p>RAW \u2013 Die nat\u00fcrliche Art zu rollen.<\/p>\n<p>Seit dem 1. Tag hat RAW den Auftrag, die F\u00fchrungsrolle in der Papierrollenindustrie zu \u00fcbernehmen. RAW hat die Welt des Rauchens revolutioniert, indem sie Produkte geschaffen hat, die von Natur aus genial gestaltet sind, um das Raucherlebnis zu verbessern.<\/p>\n<p>RAW stellt nur qualitativ hochwertige und umweltfreundliche Produkte her, die Ihr Raucherlebnis verbessern, und wir werden das wof\u00fcr wir stehen niemals \u00e4ndern. Wir genie\u00dfen es, unser unraffiniertes Papier jeden Tag zu rauchen, und wir werden es immer komplett rein also \u201cRAW\u201d belassen \u2013 f\u00fcr dich und uns!<\/p>\n","protected":false},"excerpt":{"rendered":"<p>RAW Rolling Tray Triple Flip magnetisch RAW 3-fach-Flip-Bambus-Rolltablett Irgendwann beschlossen wir das wahnsinnigste \u00fcbertriebene Roll Tablett herzustellen, das je geschaffen<\/p>\n","protected":false},"featured_media":25240,"comment_status":"open","ping_status":"open","template":"","meta":{"_acf_changed":false},"product_cat":[2975,2489,2566,2451,2793,2490],"product_tag":[2493],"acf":[],"_links":{"self":[{"href":"https:\/\/donaulife-new.ogrisdigital.at\/en\/wp-json\/wp\/v2\/product\/51781"}],"collection":[{"href":"https:\/\/donaulife-new.ogrisdigital.at\/en\/wp-json\/wp\/v2\/product"}],"about":[{"href":"https:\/\/donaulife-new.ogrisdigital.at\/en\/wp-json\/wp\/v2\/types\/product"}],"replies":[{"embeddable":true,"href":"https:\/\/donaulife-new.ogrisdigital.at\/en\/wp-json\/wp\/v2\/comments?post=51781"}],"wp:featuredmedia":[{"embeddable":true,"href":"https:\/\/donaulife-new.ogrisdigital.at\/en\/wp-json\/wp\/v2\/media\/25240"}],"wp:attachment":[{"href":"https:\/\/donaulife-new.ogrisdigital.at\/en\/wp-json\/wp\/v2\/media?parent=51781"}],"wp:term":[{"taxonomy":"product_cat","embeddable":true,"href":"https:\/\/donaulife-new.ogrisdigital.at\/en\/wp-json\/wp\/v2\/product_cat?post=51781"},{"taxonomy":"product_tag","embeddable":true,"href":"https:\/\/donaulife-new.ogrisdigital.at\/en\/wp-json\/wp\/v2\/product_tag?post=51781"}],"curies":[{"name":"wp","href":"https:\/\/api.w.org\/{rel}","templated":true}]}}